{"id":18692,"date":"2020-07-27T14:04:15","date_gmt":"2020-07-27T12:04:15","guid":{"rendered":"https:\/\/alarm-it-factory.de\/?page_id=18692"},"modified":"2025-05-08T14:55:59","modified_gmt":"2025-05-08T12:55:59","slug":"directions","status":"publish","type":"page","link":"https:\/\/alarm-it-factory.de\/en\/kontakt\/wegbeschreibung\/","title":{"rendered":"Directions"},"content":{"rendered":"<div class=\"wpb-content-wrapper\"><div class=\"vc_row wpb_row vc_row-fluid vc_custom_1746708957009 vc_column-gap-24 vc-row-588278\" >\n\t<div class=\"container et-clearfix\">\n\t\t<div class=\"wpb_column vc_column_container vc_col-sm-12 text-align-none\" >\n\t<div class=\"vc_column-inner \" >\n\t\t<div class=\"wpb_wrapper\">\n\t\t\t\n<div class=\"wpb_text_column wpb_content_element \"  data-animation-delay=\"0\">\n\t<div class=\"wpb_wrapper\">\n\t\t<h2>Anreise mit dem \u00d6PNV &#8211; Haltestellen Feuersee oder Stadtmitte<\/h2>\n\t<\/div>\n<\/div>\n\n<span class=\"et-gap et-clearfix et-gap-545621\"><\/span>\t\t<\/div>\n\t\t\t<\/div>\n<\/div><div class=\"kswr-column-settings\" data-minheight=\"0px\" data-isminheight=\"off\" data-theclasses=\"kswr_pnone kswr_mnone kswr_bnone\"><\/div>\t<\/div>\n\t\t<\/div><div class=\"kswr-row-element-back kswr-vc-ctn-element\" data-classes=\"kswr_pnone kswr_mnone kswr_bnone\" ><\/div><div class=\"vc_row wpb_row vc_row-fluid vc_column-gap-24\" >\n\t<div class=\"container et-clearfix\">\n\t\t<div class=\"wpb_column vc_column_container vc_col-sm-6 text-align-none\" >\n\t<div class=\"vc_column-inner \" >\n\t\t<div class=\"wpb_wrapper\">\n\t\t\t\n<div class=\"wpb_text_column wpb_content_element \"  data-animation-delay=\"0\">\n\t<div class=\"wpb_wrapper\">\n\t\t<p>Anreise mit S-Bahn, U-Bahn oder Bus:<\/p>\n<p>Ab Hauptbahnhof k\u00f6nnen Sie die S-Bahn oder U-Bahn benutzen<br \/>\nS-Bahnen: S1, S2, S3, S4, S5, S6, S60 &#8211; Ausstieg Haltestelle Feuersee<br \/>\nU-Bahnen: U2, U4, U14, U34 &#8211; Ausstieg Haltestelle Stadtmitte<br \/>\nBuslinien: 41, 43, 44, 92 &#8211; Ausstieg Haltestelle Feuersee<\/p>\n\t<\/div>\n<\/div>\n\n<div class=\"vc_empty_space\"   style=\"height: 40px\"><span class=\"vc_empty_space_inner\"><\/span><\/div>\n<div class=\"wpb_text_column wpb_content_element \"  data-animation-delay=\"0\">\n\t<div class=\"wpb_wrapper\">\n\t\t<p>Anreise mit dem Flugzeug:<\/p>\n<p>Ab dem Flughafen Stuttgart k\u00f6nnen Sie die S-Bahn benutzen<br \/>\nS2 Richtung Schorndorf\u00a0 &#8211; Ausstieg Haltestelle Feuersee<br \/>\nS3 Richtung Waiblingen &#8211; Ausstieg Haltestelle Feuersee<\/p>\n\t<\/div>\n<\/div>\n\n\t\t<\/div>\n\t\t\t<\/div>\n<\/div><div class=\"kswr-column-settings\" data-minheight=\"0px\" data-isminheight=\"off\" data-theclasses=\"kswr_pnone kswr_mnone kswr_bnone\"><\/div><div class=\"wpb_column vc_column_container vc_col-sm-6 text-align-none\" >\n\t<div class=\"vc_column-inner \" >\n\t\t<div class=\"wpb_wrapper\">\n\t\t\t\n\t<div  class=\"wpb_single_image wpb_content_element vc_align_left\">\n\t\t\n\t\t<figure class=\"wpb_wrapper vc_figure\">\n\t\t\t<a class=\"\" data-lightbox=\"lightbox[rel-18692-194469823]\" href=\"https:\/\/alarm-it-factory.de\/wp-content\/uploads\/2021\/10\/Karte-AIF-OePNV.jpg\" target=\"_self\" class=\"vc_single_image-wrapper   vc_box_border_grey\"><img loading=\"lazy\" decoding=\"async\" width=\"901\" height=\"436\" src=\"https:\/\/alarm-it-factory.de\/wp-content\/uploads\/2021\/10\/Karte-AIF-OePNV.jpg\" class=\"vc_single_image-img attachment-full\" alt=\"Wegbeschreibung\" title=\"Map, Location, Alarm IT Factory, \u00d6PNV, Stuttgart\" data-responsive-images=\"false\" \/><\/a>\n\t\t<\/figure>\n\t<\/div>\n<span class=\"et-gap et-clearfix et-gap-83896\"><\/span><a id=\"et-button-201339\" class=\"et-button icon-position-right modal-false medium hover-fill click-none has-icon\" target=\"_blank\" href=\"https:\/\/maps.google.com\/maps?ll=48.773131,9.168817&#038;z=17&#038;t=m&#038;hl=de&#038;gl=DE&#038;mapclient=embed&#038;daddr=Alarm%20IT%20Factory%20GmbH%20Roteb%C3%BChlstra%C3%9Fe%2051A%2070178%20Stuttgart@48.77313119999999,9.1688169\" data-animation-delay=\"0\" data-parallax=\"false\" data-move=\"false\" data-coordinatex=\"0\" data-coordinatey=\"0\" data-speed=\"10\"><span class=\"hover\"><\/span><span class=\"regular\"><\/span><span class=\"text\">Zum Routenplaner von Google Maps<\/span><span class=\"icon fa fas fa-arrow-right\"><\/span><\/a>\t\t<\/div>\n\t\t\t<\/div>\n<\/div><div class=\"kswr-column-settings\" data-minheight=\"0px\" data-isminheight=\"off\" data-theclasses=\"kswr_pnone kswr_mnone kswr_bnone\"><\/div>\t<\/div>\n\t\t<\/div><div class=\"kswr-row-element-back kswr-vc-ctn-element\" data-classes=\"kswr_pnone kswr_mnone kswr_bnone\" ><\/div><div class=\"vc_row wpb_row vc_row-fluid vc_custom_1597326361830 vc_column-gap-24 vc-row-461210\" >\n\t<div class=\"container et-clearfix\">\n\t\t<div class=\"wpb_column vc_column_container vc_col-sm-12 text-align-none\" >\n\t<div class=\"vc_column-inner \" >\n\t\t<div class=\"wpb_wrapper\">\n\t\t\t\n<div class=\"wpb_text_column wpb_content_element \"  data-animation-delay=\"0\">\n\t<div class=\"wpb_wrapper\">\n\t\t<h2>Anreise mit dem Auto &#8211; Parkm\u00f6glichkeiten<\/h2>\n\t<\/div>\n<\/div>\n\n<span class=\"et-gap et-clearfix et-gap-63547\"><\/span>\t\t<\/div>\n\t\t\t<\/div>\n<\/div><div class=\"kswr-column-settings\" data-minheight=\"0px\" data-isminheight=\"off\" data-theclasses=\"kswr_pnone kswr_mnone kswr_bnone\"><\/div>\t<\/div>\n\t\t<\/div><div class=\"kswr-row-element-back kswr-vc-ctn-element\" data-classes=\"kswr_pnone kswr_mnone kswr_bnone\" ><\/div><div class=\"vc_row wpb_row vc_row-fluid vc_custom_1597326371615 vc_column-gap-24 vc-row-542522\" >\n\t<div class=\"container et-clearfix\">\n\t\t<div class=\"wpb_column vc_column_container vc_col-sm-6 text-align-none\" >\n\t<div class=\"vc_column-inner \" >\n\t\t<div class=\"wpb_wrapper\">\n\t\t\t\n<div class=\"wpb_text_column wpb_content_element \"  data-animation-delay=\"0\">\n\t<div class=\"wpb_wrapper\">\n\t\t<p>Ihnen stehen folgende Parkm\u00f6glichkeiten zur Verf\u00fcgung:<br \/>\nParkm\u00f6glichkeit 1<br \/>\nFragen Sie rechtzeitig vor Ihrem Besuch einen Parkplatz in unserem Hof bei Ihrem Alarm IT Factory-Ansprechpartner an<\/p>\n<p>Parkm\u00f6glichkeit 2<br \/>\nSophiengarage, Anfahrt \u00fcber Paulinenstra\u00dfe, dann Marienstra\u00dfe (Adresse f\u00fcr Navi: Sophienstra\u00dfe 40, 70178 Stuttgart)<\/p>\n<p>Parkm\u00f6glichkeit 3<br \/>\nRoteb\u00fchlhof\/Finanzamt, Anfahrt \u00fcber Paulinen-\/Roteb\u00fchlstra\u00dfe (Adresse f\u00fcr Navi: Roteb\u00fchlplatz 30, 70173 Stuttgart, DAVOR rechts abbiegen auf Parkplatz)<\/p>\n\t<\/div>\n<\/div>\n\n\t\t<\/div>\n\t\t\t<\/div>\n<\/div><div class=\"kswr-column-settings\" data-minheight=\"0px\" data-isminheight=\"off\" data-theclasses=\"kswr_pnone kswr_mnone kswr_bnone\"><\/div><div class=\"wpb_column vc_column_container vc_col-sm-6 text-align-none\" >\n\t<div class=\"vc_column-inner \" >\n\t\t<div class=\"wpb_wrapper\">\n\t\t\t\n\t<div  class=\"wpb_single_image wpb_content_element vc_align_left\">\n\t\t\n\t\t<figure class=\"wpb_wrapper vc_figure\">\n\t\t\t<a class=\"\" data-lightbox=\"lightbox[rel-18692-2967017470]\" href=\"https:\/\/alarm-it-factory.de\/wp-content\/uploads\/2021\/10\/Karte-AIF-Parkmoeglichkeiten.jpg\" target=\"_self\" class=\"vc_single_image-wrapper   vc_box_border_grey\"><img loading=\"lazy\" decoding=\"async\" width=\"901\" height=\"435\" src=\"https:\/\/alarm-it-factory.de\/wp-content\/uploads\/2021\/10\/Karte-AIF-Parkmoeglichkeiten.jpg\" class=\"vc_single_image-img attachment-full\" alt=\"Wegbeschreibung\" title=\"Karte-AIF-Parkm\u00f6glichkeiten\" data-responsive-images=\"false\" \/><\/a>\n\t\t<\/figure>\n\t<\/div>\n<span class=\"et-gap et-clearfix et-gap-83896\"><\/span><a id=\"et-button-992800\" class=\"et-button icon-position-right modal-false medium hover-fill click-none has-icon\" target=\"_blank\" href=\"https:\/\/maps.google.com\/maps?ll=48.773131,9.168817&#038;z=17&#038;t=m&#038;hl=de&#038;gl=DE&#038;mapclient=embed&#038;daddr=Alarm%20IT%20Factory%20GmbH%20Roteb%C3%BChlstra%C3%9Fe%2051A%2070178%20Stuttgart@48.77313119999999,9.1688169\" data-animation-delay=\"0\" data-parallax=\"false\" data-move=\"false\" data-coordinatex=\"0\" data-coordinatey=\"0\" data-speed=\"10\"><span class=\"hover\"><\/span><span class=\"regular\"><\/span><span class=\"text\">Zum Routenplaner von Google Maps<\/span><span class=\"icon fa fas fa-arrow-right\"><\/span><\/a>\t\t<\/div>\n\t\t\t<\/div>\n<\/div><div class=\"kswr-column-settings\" data-minheight=\"0px\" data-isminheight=\"off\" data-theclasses=\"kswr_pnone kswr_mnone kswr_bnone\"><\/div>\t<\/div>\n\t\t<\/div><div class=\"kswr-row-element-back kswr-vc-ctn-element\" data-classes=\"kswr_pnone kswr_mnone kswr_bnone\" ><\/div><div class=\"vc_row wpb_row vc_row-fluid vc_custom_1597326134311 vc_column-gap-24 stretch_row_content vc-row-327285\" >\n\t<div class=\"container et-clearfix\">\n\t\t<div class=\"wpb_column vc_column_container vc_col-sm-12 text-align-none\" >\n\t<div class=\"vc_column-inner \" >\n\t\t<div class=\"wpb_wrapper\">\n\t\t\t<div class=\"wpb_gmaps_widget wpb_content_element\"><div class=\"wpb_wrapper\"><div class=\"wpb_map_wraper\"> <div class=\"brlbs-cmpnt-container brlbs-cmpnt-content-blocker brlbs-cmpnt-with-individual-styles\" data-borlabs-cookie-content-blocker-id=\"google-maps\" data-borlabs-cookie-content=\"PGlmcmFtZSBsb2FkaW5nPSJsYXp5IiBzcmM9Imh0dHBzOi8vd3d3Lmdvb2dsZS5jb20vbWFwcy9lbWJlZD9wYj0hMW0xOCExbTEyITFtMyExZDI2MjkuNDU4NzcxODY4Mzc0MiEyZDkuMTY2NjI4MjE1NjcxMzg0ITNkNDguNzczMTMxMTc5Mjc5MiEybTMhMWYwITJmMCEzZjAhM20yITFpMTAyNCEyaTc2OCE0ZjEzLjEhM20zITFtMiExczB4NDc5OWRiNTlhZGRiYmU3OSUzQTB4YTQyYTVjOWYxOGJmODhmOSEyc0FsYXJtJTIwSVQlMjBGYWN0b3J5JTIwR21iSCE1ZTAhM20yITFzZGUhMnNkZSE0djE1OTUzMzUxMzc3MDghNW0yITFzZGUhMnNkZSIgd2lkdGg9IjYwMCIgaGVpZ2h0PSI2NDAiIGZyYW1lYm9yZGVyPSIwIiBzdHlsZT0iYm9yZGVyOjA7IiBhbGxvd2Z1bGxzY3JlZW49IiIgYXJpYS1oaWRkZW49ImZhbHNlIiB0YWJpbmRleD0iMCIgdGl0bGU9IlN0YW5kb3J0a2FydGUgdm9uIEFsYXJtIElUIEZhY3RvcnkiPjwvaWZyYW1lPg==\"><div class=\"brlbs-cmpnt-cb-preset-b brlbs-cmpnt-cb-google-maps\"> <div class=\"brlbs-cmpnt-cb-thumbnail\" style=\"background-image: url('https:\/\/alarm-it-factory.de\/wp-content\/uploads\/borlabs-cookie\/1\/brlbs-cb-google-maps-main.png')\"><\/div> <div class=\"brlbs-cmpnt-cb-main\"> <div class=\"brlbs-cmpnt-cb-content\"> <p class=\"brlbs-cmpnt-cb-description\">You are currently viewing a placeholder content from <strong>Google Maps<\/strong>. To access the actual content, click the button below. Please note that doing so will share data with third-party providers.<\/p> <a class=\"brlbs-cmpnt-cb-provider-toggle\" href=\"#\" data-borlabs-cookie-show-provider-information role=\"button\">More Information<\/a> <\/div> <div class=\"brlbs-cmpnt-cb-buttons\"> <a class=\"brlbs-cmpnt-cb-btn\" href=\"#\" data-borlabs-cookie-unblock role=\"button\">Unblock content<\/a> <a class=\"brlbs-cmpnt-cb-btn\" href=\"#\" data-borlabs-cookie-accept-service role=\"button\" style=\"display: inherit\">Accept required service and unblock content<\/a> <\/div> <\/div> <\/div><\/div><\/div><\/div><\/div>\t\t<\/div>\n\t\t\t<\/div>\n<\/div><div class=\"kswr-column-settings\" data-minheight=\"0px\" data-isminheight=\"off\" data-theclasses=\"kswr_pnone kswr_mnone kswr_bnone\"><\/div>\t<\/div>\n\t\t<\/div><div class=\"kswr-row-element-back kswr-vc-ctn-element\" data-classes=\"kswr_pnone kswr_mnone kswr_bnone\" ><\/div>\n<\/div>","protected":false},"excerpt":{"rendered":"Anreise mit dem \u00d6PNV - Haltestellen Feuersee oder Stadtmitte Anreise mit S-Bahn, U-Bahn oder Bus: Ab Hauptbahnhof k\u00f6nnen Sie die S-Bahn oder U-Bahn benutzen S-Bahnen: S1, S2, S3, S4, S5, S6, S60 - Ausstieg Haltestelle Feuersee U-Bahnen: U2, U4, U14, U34 - Ausstieg Haltestelle Stadtmitte Buslinien: 41, 43, 44, 92 - Ausstieg Haltestelle Feuersee Anreise [...]","protected":false},"author":1,"featured_media":0,"parent":18273,"menu_order":0,"comment_status":"closed","ping_status":"closed","template":"page-vc.php","meta":{"inline_featured_image":false,"footnotes":""},"categories":[],"tags":[],"class_list":["post-18692","page","type-page","status-publish","hentry"],"yoast_head":"<!-- This site is optimized with the Yoast SEO plugin v27.2 - https:\/\/yoast.com\/product\/yoast-seo-wordpress\/ -->\n<title>Wegbeschreibung - Alarm IT Factory<\/title>\n<meta name=\"robots\" content=\"index, follow, max-snippet:-1, max-image-preview:large, max-video-preview:-1\" \/>\n<link rel=\"canonical\" href=\"https:\/\/alarm-it-factory.de\/en\/contact\/directions\/\" \/>\n<meta property=\"og:locale\" content=\"en_US\" \/>\n<meta property=\"og:type\" content=\"article\" \/>\n<meta property=\"og:title\" content=\"Wegbeschreibung - Alarm IT Factory\" \/>\n<meta property=\"og:url\" content=\"https:\/\/alarm-it-factory.de\/en\/contact\/directions\/\" \/>\n<meta property=\"og:site_name\" content=\"Alarm IT Factory\" \/>\n<meta property=\"article:modified_time\" content=\"2025-05-08T12:55:59+00:00\" \/>\n<meta name=\"twitter:card\" content=\"summary_large_image\" \/>\n<meta name=\"twitter:label1\" content=\"Est. reading time\" \/>\n\t<meta name=\"twitter:data1\" content=\"4 minutes\" \/>\n<script type=\"application\/ld+json\" class=\"yoast-schema-graph\">{\"@context\":\"https:\/\/schema.org\",\"@graph\":[{\"@type\":\"WebPage\",\"@id\":\"https:\/\/alarm-it-factory.de\/kontakt\/wegbeschreibung\/\",\"url\":\"https:\/\/alarm-it-factory.de\/kontakt\/wegbeschreibung\/\",\"name\":\"Wegbeschreibung - Alarm IT Factory\",\"isPartOf\":{\"@id\":\"https:\/\/alarm-it-factory.de\/#website\"},\"datePublished\":\"2020-07-27T12:04:15+00:00\",\"dateModified\":\"2025-05-08T12:55:59+00:00\",\"breadcrumb\":{\"@id\":\"https:\/\/alarm-it-factory.de\/kontakt\/wegbeschreibung\/#breadcrumb\"},\"inLanguage\":\"en-US\",\"potentialAction\":[{\"@type\":\"ReadAction\",\"target\":[\"https:\/\/alarm-it-factory.de\/kontakt\/wegbeschreibung\/\"]}]},{\"@type\":\"BreadcrumbList\",\"@id\":\"https:\/\/alarm-it-factory.de\/kontakt\/wegbeschreibung\/#breadcrumb\",\"itemListElement\":[{\"@type\":\"ListItem\",\"position\":1,\"name\":\"Startseite\",\"item\":\"https:\/\/alarm-it-factory.de\/\"},{\"@type\":\"ListItem\",\"position\":2,\"name\":\"Kontakt\",\"item\":\"https:\/\/alarm-it-factory.de\/kontakt\/\"},{\"@type\":\"ListItem\",\"position\":3,\"name\":\"Wegbeschreibung\"}]},{\"@type\":\"WebSite\",\"@id\":\"https:\/\/alarm-it-factory.de\/#website\",\"url\":\"https:\/\/alarm-it-factory.de\/\",\"name\":\"Alarm IT Factory\",\"description\":\"Alarmierungssoftware\",\"publisher\":{\"@id\":\"https:\/\/alarm-it-factory.de\/#organization\"},\"potentialAction\":[{\"@type\":\"SearchAction\",\"target\":{\"@type\":\"EntryPoint\",\"urlTemplate\":\"https:\/\/alarm-it-factory.de\/?s={search_term_string}\"},\"query-input\":{\"@type\":\"PropertyValueSpecification\",\"valueRequired\":true,\"valueName\":\"search_term_string\"}}],\"inLanguage\":\"en-US\"},{\"@type\":\"Organization\",\"@id\":\"https:\/\/alarm-it-factory.de\/#organization\",\"name\":\"Alarm IT Factory GmbH\",\"url\":\"https:\/\/alarm-it-factory.de\/\",\"logo\":{\"@type\":\"ImageObject\",\"inLanguage\":\"en-US\",\"@id\":\"https:\/\/alarm-it-factory.de\/#\/schema\/logo\/image\/\",\"url\":\"https:\/\/alarm-it-factory.de\/wp-content\/uploads\/2020\/09\/AIF_logo.png\",\"contentUrl\":\"https:\/\/alarm-it-factory.de\/wp-content\/uploads\/2020\/09\/AIF_logo.png\",\"width\":312,\"height\":52,\"caption\":\"Alarm IT Factory GmbH\"},\"image\":{\"@id\":\"https:\/\/alarm-it-factory.de\/#\/schema\/logo\/image\/\"}}]}<\/script>\n<!-- \/ Yoast SEO plugin. -->","yoast_head_json":{"title":"Directions - Alarm IT Factory","robots":{"index":"index","follow":"follow","max-snippet":"max-snippet:-1","max-image-preview":"max-image-preview:large","max-video-preview":"max-video-preview:-1"},"canonical":"https:\/\/alarm-it-factory.de\/en\/contact\/directions\/","og_locale":"en_US","og_type":"article","og_title":"Wegbeschreibung - Alarm IT Factory","og_url":"https:\/\/alarm-it-factory.de\/en\/contact\/directions\/","og_site_name":"Alarm IT Factory","article_modified_time":"2025-05-08T12:55:59+00:00","twitter_card":"summary_large_image","twitter_misc":{"Est. reading time":"4 minutes"},"schema":{"@context":"https:\/\/schema.org","@graph":[{"@type":"WebPage","@id":"https:\/\/alarm-it-factory.de\/kontakt\/wegbeschreibung\/","url":"https:\/\/alarm-it-factory.de\/kontakt\/wegbeschreibung\/","name":"Directions - Alarm IT Factory","isPartOf":{"@id":"https:\/\/alarm-it-factory.de\/#website"},"datePublished":"2020-07-27T12:04:15+00:00","dateModified":"2025-05-08T12:55:59+00:00","breadcrumb":{"@id":"https:\/\/alarm-it-factory.de\/kontakt\/wegbeschreibung\/#breadcrumb"},"inLanguage":"en-US","potentialAction":[{"@type":"ReadAction","target":["https:\/\/alarm-it-factory.de\/kontakt\/wegbeschreibung\/"]}]},{"@type":"BreadcrumbList","@id":"https:\/\/alarm-it-factory.de\/kontakt\/wegbeschreibung\/#breadcrumb","itemListElement":[{"@type":"ListItem","position":1,"name":"Startseite","item":"https:\/\/alarm-it-factory.de\/"},{"@type":"ListItem","position":2,"name":"Kontakt","item":"https:\/\/alarm-it-factory.de\/kontakt\/"},{"@type":"ListItem","position":3,"name":"Wegbeschreibung"}]},{"@type":"WebSite","@id":"https:\/\/alarm-it-factory.de\/#website","url":"https:\/\/alarm-it-factory.de\/","name":"Alarm IT Factory","description":"Alerting software","publisher":{"@id":"https:\/\/alarm-it-factory.de\/#organization"},"potentialAction":[{"@type":"SearchAction","target":{"@type":"EntryPoint","urlTemplate":"https:\/\/alarm-it-factory.de\/?s={search_term_string}"},"query-input":{"@type":"PropertyValueSpecification","valueRequired":true,"valueName":"search_term_string"}}],"inLanguage":"en-US"},{"@type":"Organization","@id":"https:\/\/alarm-it-factory.de\/#organization","name":"Alarm IT Factory GmbH","url":"https:\/\/alarm-it-factory.de\/","logo":{"@type":"ImageObject","inLanguage":"en-US","@id":"https:\/\/alarm-it-factory.de\/#\/schema\/logo\/image\/","url":"https:\/\/alarm-it-factory.de\/wp-content\/uploads\/2020\/09\/AIF_logo.png","contentUrl":"https:\/\/alarm-it-factory.de\/wp-content\/uploads\/2020\/09\/AIF_logo.png","width":312,"height":52,"caption":"Alarm IT Factory GmbH"},"image":{"@id":"https:\/\/alarm-it-factory.de\/#\/schema\/logo\/image\/"}}]}},"_links":{"self":[{"href":"https:\/\/alarm-it-factory.de\/en\/wp-json\/wp\/v2\/pages\/18692","targetHints":{"allow":["GET"]}}],"collection":[{"href":"https:\/\/alarm-it-factory.de\/en\/wp-json\/wp\/v2\/pages"}],"about":[{"href":"https:\/\/alarm-it-factory.de\/en\/wp-json\/wp\/v2\/types\/page"}],"author":[{"embeddable":true,"href":"https:\/\/alarm-it-factory.de\/en\/wp-json\/wp\/v2\/users\/1"}],"replies":[{"embeddable":true,"href":"https:\/\/alarm-it-factory.de\/en\/wp-json\/wp\/v2\/comments?post=18692"}],"version-history":[{"count":10,"href":"https:\/\/alarm-it-factory.de\/en\/wp-json\/wp\/v2\/pages\/18692\/revisions"}],"predecessor-version":[{"id":24272,"href":"https:\/\/alarm-it-factory.de\/en\/wp-json\/wp\/v2\/pages\/18692\/revisions\/24272"}],"up":[{"embeddable":true,"href":"https:\/\/alarm-it-factory.de\/en\/wp-json\/wp\/v2\/pages\/18273"}],"wp:attachment":[{"href":"https:\/\/alarm-it-factory.de\/en\/wp-json\/wp\/v2\/media?parent=18692"}],"wp:term":[{"taxonomy":"category","embeddable":true,"href":"https:\/\/alarm-it-factory.de\/en\/wp-json\/wp\/v2\/categories?post=18692"},{"taxonomy":"post_tag","embeddable":true,"href":"https:\/\/alarm-it-factory.de\/en\/wp-json\/wp\/v2\/tags?post=18692"}],"curies":[{"name":"wp","href":"https:\/\/api.w.org\/{rel}","templated":true}]}}