{"id":18714,"date":"2020-08-04T13:14:55","date_gmt":"2020-08-04T11:14:55","guid":{"rendered":"https:\/\/alarm-it-factory.de\/?page_id=18714"},"modified":"2026-03-16T14:32:31","modified_gmt":"2026-03-16T13:32:31","slug":"imprint-alarm-it-factory-gmbh","status":"publish","type":"page","link":"https:\/\/alarm-it-factory.de\/en\/impressum-alarm-it-factory-gmbh\/","title":{"rendered":"Imprint"},"content":{"rendered":"<div class=\"wpb-content-wrapper\"><div class=\"vc_row wpb_row vc_row-fluid vc_custom_1596540961639 vc_column-gap-24 vc-row-551755\" >\n\t<div class=\"container et-clearfix\">\n\t\t<div class=\"wpb_column vc_column_container vc_col-sm-12 text-align-none\" >\n\t<div class=\"vc_column-inner\" >\n\t\t<div class=\"wpb_wrapper\">\n\t\t\t\n<div class=\"wpb_text_column wpb_content_element\"  data-animation-delay=\"0\">\n\t<div class=\"wpb_wrapper\">\n\t\t<h1>Imprint<\/h1>\n<p>Alarm IT Factory GmbH<br \/>\nRoteb\u00fchlstra\u00dfe 51A<br \/>\nD-70178 Stuttgart<\/p>\n<p>Commercial register: HRB 744409<br \/>\nRegister court: Stuttgart District Court<\/p>\n<p><strong>Represented by:<\/strong><br \/>\nDipl.-Ing. (FH) Peter Gunsser, Managing Director<br \/>\nM.Sc. Davide Acquadro, managing director<\/p>\n<p>&nbsp;<\/p>\n<p>&nbsp;<\/p>\n<h2>Contact<\/h2>\n<p>Phone: + 49 711 62 007 69 - 0<br \/>\nFax: + 49 711 62 007 69 - 9<br \/>\nE-Mail: <a href=\"mailto:info@alarm-it-factory.de\">info@alarm-it-factory.de<\/a><\/p>\n<p>&nbsp;<\/p>\n<h2>Tax ID<\/h2>\n<p>Sales tax identification number according to \u00a7 27 a sales tax law:<br \/>\nDE 288432278<\/p>\n<p>&nbsp;<\/p>\n<h2>EU dispute settlement<\/h2>\n<p>The European Commission provides a platform for online dispute resolution (OS): <a href=\"https:\/\/ec.europa.eu\/consumers\/odr\" target=\"_blank\" rel=\"noopener noreferrer\">https:\/\/ec.europa.eu\/consumers\/odr<\/a>.<br \/>\nYou can find our email address in the legal notice above.<\/p>\n<p>&nbsp;<\/p>\n<h2>Consumer dispute settlement \/ universal arbitration board<\/h2>\n<p>We are neither willing nor obliged to participate in dispute settlement proceedings before a consumer arbitration board.<\/p>\n<p>&nbsp;<\/p>\n<h2>Accessibility statement<\/h2>\n<p>Alarm IT Factory GmbH strives to make its websites accessible in accordance with Section 10 Paragraph 1 of the State Disability Equality Act (L-BGG). This accessibility statement applies to <a href=\"https:\/\/alarm-it-factory.de\/en\/\">https:\/\/alarm-it-factory.de<\/a>, <a href=\"https:\/\/acc.alarm-it-factory.de\">https:\/\/acc.alarm-it-factory.de<\/a>.<\/p>\n<p>Status of compliance with requirements: These websites are partially compliant with Section 10 Paragraph 1 L-BGG.<\/p>\n<p>Non-accessible content:<\/p>\n<ul>\n<li>Some PDF documents are not accessible (e.g., missing tags or alternative text).<\/li>\n<li>Some controls on subpages are not fully usable via keyboard.<\/li>\n<li>Alternative text is sometimes missing for embedded images (<a href=\"https:\/\/acc.alarm-it-factory.de\">https:\/\/acc.alarm-it-factory.de<\/a>).<\/li>\n<\/ul>\n<p>Completely revising all older PDF documents would constitute a disproportionate burden (\u00a7 10 paragraph 2 L-BGG). Future documents will be provided in an accessible format wherever possible.<\/p>\n<p>Note regarding the target audience: The offers and content of these websites are exclusively aimed at companies, authorities, public institutions and other commercial users (B2B). They are not intended for consumers as defined in \u00a7 13 of the German Civil Code (BGB).<\/p>\n<p>This statement was created on July 7, 2025. It was last reviewed on July 7, 2025.<\/p>\n<p>Feedback and contact information: Do you have a comment or suggestion regarding accessibility barriers on this website? Please contact us. We will answer your questions as soon as possible.<\/p>\n<p>Alarm IT Factory GmbH<br \/>\nRoteb\u00fchlstrasse 51A<br \/>\n70178 Stuttgart<br \/>\nPhone: +49 711 62 007 69-0<br \/>\nE-Mail: <a href=\"mailto:info@alarm-it-factory.de\">info@alarm-it-factory.de<\/a><\/p>\n\t<\/div>\n<\/div>\n\n\t\t<\/div>\n\t\t\t<\/div>\n<\/div><div class=\"kswr-column-settings\" data-minheight=\"0px\" data-isminheight=\"off\" data-theclasses=\"kswr_pnone kswr_mnone kswr_bnone\"><\/div>\t<\/div>\n\t\t<\/div><div class=\"kswr-row-element-back kswr-vc-ctn-element\" data-classes=\"kswr_pnone kswr_mnone kswr_bnone\" ><\/div>\n<\/div>","protected":false},"excerpt":{"rendered":"Impressum Alarm IT Factory GmbH Roteb\u00fchlstra\u00dfe 51A D-70178 Stuttgart Handelsregister: HRB 744409 Registergericht: Amtsgericht Stuttgart Vertreten durch: Dipl.-Ing. (FH) Peter Gunsser, Gesch\u00e4ftsf\u00fchrer M.Sc. Davide Acquadro, Gesch\u00e4ftsf\u00fchrer &nbsp; &nbsp; Kontakt Telefon: + 49 711 62 007 69 \u2013 0 Telefax: + 49 711 62 007 69 \u2013 9 E-Mail: info@alarm-it-factory.de &nbsp; Umsatzsteuer-ID Umsatzsteuer-Identifikationsnummer gem\u00e4\u00df \u00a7 27 [...]","protected":false},"author":1,"featured_media":22957,"parent":0,"menu_order":0,"comment_status":"closed","ping_status":"closed","template":"page-vc.php","meta":{"inline_featured_image":false,"footnotes":""},"categories":[],"tags":[],"class_list":["post-18714","page","type-page","status-publish","has-post-thumbnail","hentry"],"yoast_head":"<!-- This site is optimized with the Yoast SEO plugin v27.2 - https:\/\/yoast.com\/product\/yoast-seo-wordpress\/ -->\n<title>Impressum - Alarm IT Factory<\/title>\n<meta name=\"description\" content=\"Hier finden Sie das Impressum der Alarm IT Factory GmbH, Roteb\u00fchlstra\u00dfe 51A, 70178 Stuttgart, Deutschland.\" \/>\n<meta name=\"robots\" content=\"index, follow, max-snippet:-1, max-image-preview:large, max-video-preview:-1\" \/>\n<link rel=\"canonical\" href=\"https:\/\/alarm-it-factory.de\/en\/imprint-alarm-it-factory-gmbh\/\" \/>\n<meta property=\"og:locale\" content=\"en_US\" \/>\n<meta property=\"og:type\" content=\"article\" \/>\n<meta property=\"og:title\" content=\"Impressum Alarm IT Factory GmbH\" \/>\n<meta property=\"og:description\" content=\"Impressum Alarm IT Factory GmbH\" \/>\n<meta property=\"og:url\" content=\"https:\/\/alarm-it-factory.de\/en\/imprint-alarm-it-factory-gmbh\/\" \/>\n<meta property=\"og:site_name\" content=\"Alarm IT Factory\" \/>\n<meta property=\"article:modified_time\" content=\"2026-03-16T13:32:31+00:00\" \/>\n<meta property=\"og:image\" content=\"https:\/\/alarm-it-factory.de\/wp-content\/uploads\/2023\/04\/AIF_positiv_schmal-e1681483430698.png\" \/>\n\t<meta property=\"og:image:width\" content=\"1023\" \/>\n\t<meta property=\"og:image:height\" content=\"1007\" \/>\n\t<meta property=\"og:image:type\" content=\"image\/png\" \/>\n<meta name=\"twitter:card\" content=\"summary_large_image\" \/>\n<meta name=\"twitter:title\" content=\"Impressum Alarm IT Factory GmbH\" \/>\n<meta name=\"twitter:description\" content=\"Impressum Alarm IT Factory GmbH\" \/>\n<meta name=\"twitter:image\" content=\"https:\/\/alarm-it-factory.de\/wp-content\/uploads\/2023\/04\/AIF_positiv_schmal-e1681483430698.png\" \/>\n<meta name=\"twitter:label1\" content=\"Est. reading time\" \/>\n\t<meta name=\"twitter:data1\" content=\"2 minutes\" \/>\n<script type=\"application\/ld+json\" class=\"yoast-schema-graph\">{\"@context\":\"https:\/\/schema.org\",\"@graph\":[{\"@type\":\"WebPage\",\"@id\":\"https:\/\/alarm-it-factory.de\/impressum-alarm-it-factory-gmbh\/\",\"url\":\"https:\/\/alarm-it-factory.de\/impressum-alarm-it-factory-gmbh\/\",\"name\":\"Impressum - Alarm IT Factory\",\"isPartOf\":{\"@id\":\"https:\/\/alarm-it-factory.de\/#website\"},\"primaryImageOfPage\":{\"@id\":\"https:\/\/alarm-it-factory.de\/impressum-alarm-it-factory-gmbh\/#primaryimage\"},\"image\":{\"@id\":\"https:\/\/alarm-it-factory.de\/impressum-alarm-it-factory-gmbh\/#primaryimage\"},\"thumbnailUrl\":\"https:\/\/alarm-it-factory.de\/wp-content\/uploads\/2023\/04\/AIF_positiv_schmal-e1681483430698.png\",\"datePublished\":\"2020-08-04T11:14:55+00:00\",\"dateModified\":\"2026-03-16T13:32:31+00:00\",\"description\":\"Hier finden Sie das Impressum der Alarm IT Factory GmbH, Roteb\u00fchlstra\u00dfe 51A, 70178 Stuttgart, Deutschland.\",\"breadcrumb\":{\"@id\":\"https:\/\/alarm-it-factory.de\/impressum-alarm-it-factory-gmbh\/#breadcrumb\"},\"inLanguage\":\"en-US\",\"potentialAction\":[{\"@type\":\"ReadAction\",\"target\":[\"https:\/\/alarm-it-factory.de\/impressum-alarm-it-factory-gmbh\/\"]}]},{\"@type\":\"ImageObject\",\"inLanguage\":\"en-US\",\"@id\":\"https:\/\/alarm-it-factory.de\/impressum-alarm-it-factory-gmbh\/#primaryimage\",\"url\":\"https:\/\/alarm-it-factory.de\/wp-content\/uploads\/2023\/04\/AIF_positiv_schmal-e1681483430698.png\",\"contentUrl\":\"https:\/\/alarm-it-factory.de\/wp-content\/uploads\/2023\/04\/AIF_positiv_schmal-e1681483430698.png\",\"width\":1023,\"height\":1007,\"caption\":\"Alarm IT Factory, Logo\"},{\"@type\":\"BreadcrumbList\",\"@id\":\"https:\/\/alarm-it-factory.de\/impressum-alarm-it-factory-gmbh\/#breadcrumb\",\"itemListElement\":[{\"@type\":\"ListItem\",\"position\":1,\"name\":\"Startseite\",\"item\":\"https:\/\/alarm-it-factory.de\/\"},{\"@type\":\"ListItem\",\"position\":2,\"name\":\"Impressum\"}]},{\"@type\":\"WebSite\",\"@id\":\"https:\/\/alarm-it-factory.de\/#website\",\"url\":\"https:\/\/alarm-it-factory.de\/\",\"name\":\"Alarm IT Factory\",\"description\":\"Alarmierungssoftware\",\"publisher\":{\"@id\":\"https:\/\/alarm-it-factory.de\/#organization\"},\"potentialAction\":[{\"@type\":\"SearchAction\",\"target\":{\"@type\":\"EntryPoint\",\"urlTemplate\":\"https:\/\/alarm-it-factory.de\/?s={search_term_string}\"},\"query-input\":{\"@type\":\"PropertyValueSpecification\",\"valueRequired\":true,\"valueName\":\"search_term_string\"}}],\"inLanguage\":\"en-US\"},{\"@type\":\"Organization\",\"@id\":\"https:\/\/alarm-it-factory.de\/#organization\",\"name\":\"Alarm IT Factory GmbH\",\"url\":\"https:\/\/alarm-it-factory.de\/\",\"logo\":{\"@type\":\"ImageObject\",\"inLanguage\":\"en-US\",\"@id\":\"https:\/\/alarm-it-factory.de\/#\/schema\/logo\/image\/\",\"url\":\"https:\/\/alarm-it-factory.de\/wp-content\/uploads\/2020\/09\/AIF_logo.png\",\"contentUrl\":\"https:\/\/alarm-it-factory.de\/wp-content\/uploads\/2020\/09\/AIF_logo.png\",\"width\":312,\"height\":52,\"caption\":\"Alarm IT Factory GmbH\"},\"image\":{\"@id\":\"https:\/\/alarm-it-factory.de\/#\/schema\/logo\/image\/\"}}]}<\/script>\n<!-- \/ Yoast SEO plugin. -->","yoast_head_json":{"title":"Imprint - Alarm IT Factory","description":"Here you will find the legal notice of Alarm IT Factory GmbH, Roteb\u00fchlstra\u00dfe 51A, 70178 Stuttgart, Germany.","robots":{"index":"index","follow":"follow","max-snippet":"max-snippet:-1","max-image-preview":"max-image-preview:large","max-video-preview":"max-video-preview:-1"},"canonical":"https:\/\/alarm-it-factory.de\/en\/imprint-alarm-it-factory-gmbh\/","og_locale":"en_US","og_type":"article","og_title":"Impressum Alarm IT Factory GmbH","og_description":"Impressum Alarm IT Factory GmbH","og_url":"https:\/\/alarm-it-factory.de\/en\/imprint-alarm-it-factory-gmbh\/","og_site_name":"Alarm IT Factory","article_modified_time":"2026-03-16T13:32:31+00:00","og_image":[{"width":1023,"height":1007,"url":"https:\/\/alarm-it-factory.de\/wp-content\/uploads\/2023\/04\/AIF_positiv_schmal-e1681483430698.png","type":"image\/png"}],"twitter_card":"summary_large_image","twitter_title":"Impressum Alarm IT Factory GmbH","twitter_description":"Impressum Alarm IT Factory GmbH","twitter_image":"https:\/\/alarm-it-factory.de\/wp-content\/uploads\/2023\/04\/AIF_positiv_schmal-e1681483430698.png","twitter_misc":{"Est. reading time":"2 minutes"},"schema":{"@context":"https:\/\/schema.org","@graph":[{"@type":"WebPage","@id":"https:\/\/alarm-it-factory.de\/impressum-alarm-it-factory-gmbh\/","url":"https:\/\/alarm-it-factory.de\/impressum-alarm-it-factory-gmbh\/","name":"Imprint - Alarm IT Factory","isPartOf":{"@id":"https:\/\/alarm-it-factory.de\/#website"},"primaryImageOfPage":{"@id":"https:\/\/alarm-it-factory.de\/impressum-alarm-it-factory-gmbh\/#primaryimage"},"image":{"@id":"https:\/\/alarm-it-factory.de\/impressum-alarm-it-factory-gmbh\/#primaryimage"},"thumbnailUrl":"https:\/\/alarm-it-factory.de\/wp-content\/uploads\/2023\/04\/AIF_positiv_schmal-e1681483430698.png","datePublished":"2020-08-04T11:14:55+00:00","dateModified":"2026-03-16T13:32:31+00:00","description":"Here you will find the legal notice of Alarm IT Factory GmbH, Roteb\u00fchlstra\u00dfe 51A, 70178 Stuttgart, Germany.","breadcrumb":{"@id":"https:\/\/alarm-it-factory.de\/impressum-alarm-it-factory-gmbh\/#breadcrumb"},"inLanguage":"en-US","potentialAction":[{"@type":"ReadAction","target":["https:\/\/alarm-it-factory.de\/impressum-alarm-it-factory-gmbh\/"]}]},{"@type":"ImageObject","inLanguage":"en-US","@id":"https:\/\/alarm-it-factory.de\/impressum-alarm-it-factory-gmbh\/#primaryimage","url":"https:\/\/alarm-it-factory.de\/wp-content\/uploads\/2023\/04\/AIF_positiv_schmal-e1681483430698.png","contentUrl":"https:\/\/alarm-it-factory.de\/wp-content\/uploads\/2023\/04\/AIF_positiv_schmal-e1681483430698.png","width":1023,"height":1007,"caption":"Alarm IT Factory, Logo"},{"@type":"BreadcrumbList","@id":"https:\/\/alarm-it-factory.de\/impressum-alarm-it-factory-gmbh\/#breadcrumb","itemListElement":[{"@type":"ListItem","position":1,"name":"Startseite","item":"https:\/\/alarm-it-factory.de\/"},{"@type":"ListItem","position":2,"name":"Impressum"}]},{"@type":"WebSite","@id":"https:\/\/alarm-it-factory.de\/#website","url":"https:\/\/alarm-it-factory.de\/","name":"Alarm IT Factory","description":"Alerting software","publisher":{"@id":"https:\/\/alarm-it-factory.de\/#organization"},"potentialAction":[{"@type":"SearchAction","target":{"@type":"EntryPoint","urlTemplate":"https:\/\/alarm-it-factory.de\/?s={search_term_string}"},"query-input":{"@type":"PropertyValueSpecification","valueRequired":true,"valueName":"search_term_string"}}],"inLanguage":"en-US"},{"@type":"Organization","@id":"https:\/\/alarm-it-factory.de\/#organization","name":"Alarm IT Factory GmbH","url":"https:\/\/alarm-it-factory.de\/","logo":{"@type":"ImageObject","inLanguage":"en-US","@id":"https:\/\/alarm-it-factory.de\/#\/schema\/logo\/image\/","url":"https:\/\/alarm-it-factory.de\/wp-content\/uploads\/2020\/09\/AIF_logo.png","contentUrl":"https:\/\/alarm-it-factory.de\/wp-content\/uploads\/2020\/09\/AIF_logo.png","width":312,"height":52,"caption":"Alarm IT Factory GmbH"},"image":{"@id":"https:\/\/alarm-it-factory.de\/#\/schema\/logo\/image\/"}}]}},"_links":{"self":[{"href":"https:\/\/alarm-it-factory.de\/en\/wp-json\/wp\/v2\/pages\/18714","targetHints":{"allow":["GET"]}}],"collection":[{"href":"https:\/\/alarm-it-factory.de\/en\/wp-json\/wp\/v2\/pages"}],"about":[{"href":"https:\/\/alarm-it-factory.de\/en\/wp-json\/wp\/v2\/types\/page"}],"author":[{"embeddable":true,"href":"https:\/\/alarm-it-factory.de\/en\/wp-json\/wp\/v2\/users\/1"}],"replies":[{"embeddable":true,"href":"https:\/\/alarm-it-factory.de\/en\/wp-json\/wp\/v2\/comments?post=18714"}],"version-history":[{"count":11,"href":"https:\/\/alarm-it-factory.de\/en\/wp-json\/wp\/v2\/pages\/18714\/revisions"}],"predecessor-version":[{"id":25094,"href":"https:\/\/alarm-it-factory.de\/en\/wp-json\/wp\/v2\/pages\/18714\/revisions\/25094"}],"wp:featuredmedia":[{"embeddable":true,"href":"https:\/\/alarm-it-factory.de\/en\/wp-json\/wp\/v2\/media\/22957"}],"wp:attachment":[{"href":"https:\/\/alarm-it-factory.de\/en\/wp-json\/wp\/v2\/media?parent=18714"}],"wp:term":[{"taxonomy":"category","embeddable":true,"href":"https:\/\/alarm-it-factory.de\/en\/wp-json\/wp\/v2\/categories?post=18714"},{"taxonomy":"post_tag","embeddable":true,"href":"https:\/\/alarm-it-factory.de\/en\/wp-json\/wp\/v2\/tags?post=18714"}],"curies":[{"name":"wp","href":"https:\/\/api.w.org\/{rel}","templated":true}]}}