{"id":21242,"date":"2021-10-20T15:56:58","date_gmt":"2021-10-20T13:56:58","guid":{"rendered":"https:\/\/alarm-it-factory.de\/?page_id=21242"},"modified":"2025-05-08T12:51:21","modified_gmt":"2025-05-08T10:51:21","slug":"further","status":"publish","type":"page","link":"https:\/\/alarm-it-factory.de\/en\/leittechnik\/referenzen-leittechnik\/weitere\/","title":{"rendered":"More"},"content":{"rendered":"<div class=\"wpb-content-wrapper\"><div class=\"vc_row wpb_row vc_row-fluid project-arrow-next-custom-color vc_custom_1627561870982 vc-row-593910\" >\n\t<div class=\"container et-clearfix\">\n\t\t<div class=\"wpb_column vc_column_container vc_col-sm-12 text-align-none\" >\n\t<div class=\"vc_column-inner\" >\n\t\t<div class=\"wpb_wrapper\">\n\t\t\t\n<div class=\"wpb_text_column wpb_content_element  vc_custom_1746701478197\"  data-animation-delay=\"0\">\n\t<div class=\"wpb_wrapper\">\n\t\t<p><span style=\"color: #000000; font-size: 25px; font-weight: 600; line-height: 33px;\">Do you need support in the area of control technology?<\/span><\/p>\n\t<\/div>\n<\/div>\n\n<div id=\"et-shortcode-projects-928750\" class=\"et-shortcode-projects project-layout large project-with-details grid gap-true image-full-false project-container-boxed\"><div class=\"loop-posts loop-project et-item-set overlay-fade effect-moveUp et-clearfix\" data-columns=\"2\" data-autoplay=\"false\"><article class=\"et-item post post-19498 project type-project status-publish has-post-thumbnail hentry project-category-weitere project-tag-anlagen project-tag-entwicklung project-tag-it project-tag-manufacturing-execution-system project-tag-mes project-tag-pls project-tag-produktionsleitsystem project-tag-prozessleitsystem project-tag-software project-tag-softwareloesung\" id=\"project-19498\"><div class=\"post-inner et-item-inner et-clearfix\"><div class=\"overlay-hover\"><div class=\"post-image post-media\"><a href=\"https:\/\/alarm-it-factory.de\/en\/referenzen\/sps-migration-und-systemoptimierung-der-leittechnik\/\" title=\"Read more about PLC migration and system optimization of the control technology\" rel=\"bookmark\"><div class=\"post-image-overlay\"><div class=\"post-image-overlay-content\"><span class=\"overlay-read-more\"><\/span><\/div><\/div><\/a><div class=\"image-container\"><div class=\"image-preloader\"><\/div><img loading=\"lazy\" decoding=\"async\" width=\"600\" height=\"370\" src=\"https:\/\/alarm-it-factory.de\/wp-content\/uploads\/2021\/01\/Teaser_Leittechnik-600x370.jpg\" class=\"attachment-samatex_600X370 size-samatex_600X370 wp-post-image\" alt=\"SPS migration and system optimization of the control technology\" data-responsive-images=\"false\" \/><\/div><\/div><div class=\"post-body et-clearfix\"><div class=\"post-body-inner-wrap\"><div class=\"post-body-inner\"><div class=\"project-category\"><a href=\"https:\/\/alarm-it-factory.de\/en\/leittechnik\/referenzen-leittechnik\/weitere\/\" rel=\"tag\">More<\/a><\/div><h4 class=\"post-title entry-title\"><a href=\"https:\/\/alarm-it-factory.de\/en\/referenzen\/sps-migration-und-systemoptimierung-der-leittechnik\/\" title=\"Read more about PLC migration and system optimization of the control technology\" rel=\"bookmark\">SPS migration and system optimization of the control technology<\/a><\/h4><\/div><\/div><\/div><\/div><\/div><\/article><\/div><\/div>\t\t<\/div>\n\t\t\t<\/div>\n<\/div><div class=\"kswr-column-settings\" data-minheight=\"0px\" data-isminheight=\"off\" data-theclasses=\"kswr_pnone kswr_mnone kswr_bnone\"><\/div>\t<\/div>\n\t\t<\/div><div class=\"kswr-row-element-back kswr-vc-ctn-element\" data-classes=\"kswr_pnone kswr_mnone kswr_bnone\" ><\/div><div data-curtain-gradient=\"true\" data-curtain-gradient-position=\"right\" class=\"vc_row wpb_row vc_row-fluid vc_custom_1598005266617 vc_row-has-fill vc_row-o-equal-height vc_row-flex vc-fixed-bg vc-row-308018\" >\n\t<div class=\"container et-clearfix\">\n\t\t<div class=\"wpb_column vc_column_container vc_col-sm-2\/5 vc_col-lg-6 vc_col-md-6 vc_col-xs-12 text-align-none vc-column-83119\" >\n\t<div class=\"vc_column-inner\" >\n\t\t<div class=\"wpb_wrapper\">\n\t\t\t\t\t<\/div>\n\t\t\t<\/div>\n<\/div><div class=\"kswr-column-settings\" data-minheight=\"0px\" data-isminheight=\"off\" data-theclasses=\"kswr_pnone kswr_mnone kswr_bnone\"><\/div><div class=\"wpb_animate_when_almost_visible wpb_right-to-left right-to-left wpb_column vc_column_container vc_col-sm-3\/5 vc_col-lg-6 vc_col-md-6 vc_col-xs-12 text-align-none vc-column-858870\" data-animation-delay=\"600\" >\n\t<div class=\"vc_column-inner\" >\n\t\t<div class=\"wpb_wrapper\">\n\t\t\t<span class=\"et-gap et-clearfix et-gap-464629\"><\/span>\n<div class=\"wpb_text_column wpb_content_element\"  data-animation-delay=\"0\">\n\t<div class=\"wpb_wrapper\">\n\t\t<h2><span style=\"color: #ffffff;\">Do you need support in the area of control technology? \u00a0<\/span><\/h2>\n\t<\/div>\n<\/div>\n\n<span class=\"et-gap et-clearfix et-gap-742520\"><\/span>\n<div class=\"wpb_text_column wpb_content_element\"  data-animation-delay=\"0\">\n\t<div class=\"wpb_wrapper\">\n\t\t<p><span style=\"color: #000000;\"><span class=\"et-font-size\" data-fontsize=\"24px\" data-lineheight=\"32px\">We look forward to challenging tasks. We would be happy to familiarize ourselves with existing complex processes and develop individual and tailor-made solutions for you. Our service includes a 24\/7 help desk and fast response times.<\/span><\/span><\/p>\n<div class=\"et-icon-content et-clearfix\"><\/div>\n\t<\/div>\n<\/div>\n\n<span class=\"et-gap et-clearfix et-gap-822385\"><\/span><a id=\"et-button-138717\" class=\"et-button icon-position-left modal-false large hover-fill click-none\" target=\"_self\" href=\"\/en\/contact\/\" data-animation-delay=\"0\" data-parallax=\"false\" data-move=\"false\" data-coordinatex=\"0\" data-coordinatey=\"0\" data-speed=\"10\"><span class=\"hover\"><\/span><span class=\"regular\"><\/span><span class=\"text\">Contact<\/span><\/a><span class=\"et-gap et-clearfix et-gap-348193\"><\/span>\t\t<\/div>\n\t\t\t<\/div>\n<\/div><div class=\"kswr-column-settings\" data-minheight=\"0px\" data-isminheight=\"off\" data-theclasses=\"kswr_pnone kswr_mnone kswr_bnone\"><\/div>\t<\/div>\n\t<div class=\"curtain-gradient\"><\/div>\t<div class=\"fixed-container\"><\/div><\/div><div class=\"kswr-row-element-back kswr-vc-ctn-element\" data-classes=\"kswr_pnone kswr_mnone kswr_bnone\" ><\/div>\n<\/div>","protected":false},"excerpt":{"rendered":"Referenz SPS-Migration und Systemoptimierung der Leittechnik Industrielle Installationen sind bekannt f\u00fcr ihre Langlebigkeit. Doch auch hier gilt es von Zeit zu Zeit die Technologie anzupassen. Bei einem Kunden stand die Abl\u00f6sung von Siemens-SPSen der S5-Reihe durch Modelle der S7-Reihe am Leittechniksystem WinCC an. Hierbei unterst\u00fctzten wir ihn. In Absprache mit dem Inbetriebnehmer der neuen SPSen [...]","protected":false},"author":1,"featured_media":0,"parent":19743,"menu_order":0,"comment_status":"closed","ping_status":"closed","template":"page-vc.php","meta":{"inline_featured_image":false,"footnotes":""},"categories":[],"tags":[],"class_list":["post-21242","page","type-page","status-publish","hentry"],"yoast_head":"<!-- This site is optimized with the Yoast SEO plugin v27.2 - https:\/\/yoast.com\/product\/yoast-seo-wordpress\/ -->\n<title>Weitere - Alarm IT Factory<\/title>\n<meta name=\"robots\" content=\"index, follow, max-snippet:-1, max-image-preview:large, max-video-preview:-1\" \/>\n<link rel=\"canonical\" href=\"https:\/\/alarm-it-factory.de\/en\/control-technology\/references-control-technology\/further\/\" \/>\n<meta property=\"og:locale\" content=\"en_US\" \/>\n<meta property=\"og:type\" content=\"article\" \/>\n<meta property=\"og:title\" content=\"Weitere - Alarm IT Factory\" \/>\n<meta property=\"og:url\" content=\"https:\/\/alarm-it-factory.de\/en\/control-technology\/references-control-technology\/further\/\" \/>\n<meta property=\"og:site_name\" content=\"Alarm IT Factory\" \/>\n<meta property=\"article:modified_time\" content=\"2025-05-08T10:51:21+00:00\" \/>\n<meta name=\"twitter:card\" content=\"summary_large_image\" \/>\n<meta name=\"twitter:label1\" content=\"Est. reading time\" \/>\n\t<meta name=\"twitter:data1\" content=\"2 minutes\" \/>\n<script type=\"application\/ld+json\" class=\"yoast-schema-graph\">{\"@context\":\"https:\/\/schema.org\",\"@graph\":[{\"@type\":\"WebPage\",\"@id\":\"https:\/\/alarm-it-factory.de\/leittechnik\/referenzen-leittechnik\/weitere\/\",\"url\":\"https:\/\/alarm-it-factory.de\/leittechnik\/referenzen-leittechnik\/weitere\/\",\"name\":\"Weitere - Alarm IT Factory\",\"isPartOf\":{\"@id\":\"https:\/\/alarm-it-factory.de\/#website\"},\"datePublished\":\"2021-10-20T13:56:58+00:00\",\"dateModified\":\"2025-05-08T10:51:21+00:00\",\"breadcrumb\":{\"@id\":\"https:\/\/alarm-it-factory.de\/leittechnik\/referenzen-leittechnik\/weitere\/#breadcrumb\"},\"inLanguage\":\"en-US\",\"potentialAction\":[{\"@type\":\"ReadAction\",\"target\":[\"https:\/\/alarm-it-factory.de\/leittechnik\/referenzen-leittechnik\/weitere\/\"]}]},{\"@type\":\"BreadcrumbList\",\"@id\":\"https:\/\/alarm-it-factory.de\/leittechnik\/referenzen-leittechnik\/weitere\/#breadcrumb\",\"itemListElement\":[{\"@type\":\"ListItem\",\"position\":1,\"name\":\"Startseite\",\"item\":\"https:\/\/alarm-it-factory.de\/\"},{\"@type\":\"ListItem\",\"position\":2,\"name\":\"Leittechnik\",\"item\":\"https:\/\/alarm-it-factory.de\/leittechnik\/\"},{\"@type\":\"ListItem\",\"position\":3,\"name\":\"Referenzen Leittechnik\",\"item\":\"https:\/\/alarm-it-factory.de\/leittechnik\/referenzen-leittechnik\/\"},{\"@type\":\"ListItem\",\"position\":4,\"name\":\"Weitere\"}]},{\"@type\":\"WebSite\",\"@id\":\"https:\/\/alarm-it-factory.de\/#website\",\"url\":\"https:\/\/alarm-it-factory.de\/\",\"name\":\"Alarm IT Factory\",\"description\":\"Alarmierungssoftware\",\"publisher\":{\"@id\":\"https:\/\/alarm-it-factory.de\/#organization\"},\"potentialAction\":[{\"@type\":\"SearchAction\",\"target\":{\"@type\":\"EntryPoint\",\"urlTemplate\":\"https:\/\/alarm-it-factory.de\/?s={search_term_string}\"},\"query-input\":{\"@type\":\"PropertyValueSpecification\",\"valueRequired\":true,\"valueName\":\"search_term_string\"}}],\"inLanguage\":\"en-US\"},{\"@type\":\"Organization\",\"@id\":\"https:\/\/alarm-it-factory.de\/#organization\",\"name\":\"Alarm IT Factory GmbH\",\"url\":\"https:\/\/alarm-it-factory.de\/\",\"logo\":{\"@type\":\"ImageObject\",\"inLanguage\":\"en-US\",\"@id\":\"https:\/\/alarm-it-factory.de\/#\/schema\/logo\/image\/\",\"url\":\"https:\/\/alarm-it-factory.de\/wp-content\/uploads\/2020\/09\/AIF_logo.png\",\"contentUrl\":\"https:\/\/alarm-it-factory.de\/wp-content\/uploads\/2020\/09\/AIF_logo.png\",\"width\":312,\"height\":52,\"caption\":\"Alarm IT Factory GmbH\"},\"image\":{\"@id\":\"https:\/\/alarm-it-factory.de\/#\/schema\/logo\/image\/\"}}]}<\/script>\n<!-- \/ Yoast SEO plugin. -->","yoast_head_json":{"title":"Others - Alarm IT Factory","robots":{"index":"index","follow":"follow","max-snippet":"max-snippet:-1","max-image-preview":"max-image-preview:large","max-video-preview":"max-video-preview:-1"},"canonical":"https:\/\/alarm-it-factory.de\/en\/control-technology\/references-control-technology\/further\/","og_locale":"en_US","og_type":"article","og_title":"Weitere - Alarm IT Factory","og_url":"https:\/\/alarm-it-factory.de\/en\/control-technology\/references-control-technology\/further\/","og_site_name":"Alarm IT Factory","article_modified_time":"2025-05-08T10:51:21+00:00","twitter_card":"summary_large_image","twitter_misc":{"Est. reading time":"2 minutes"},"schema":{"@context":"https:\/\/schema.org","@graph":[{"@type":"WebPage","@id":"https:\/\/alarm-it-factory.de\/leittechnik\/referenzen-leittechnik\/weitere\/","url":"https:\/\/alarm-it-factory.de\/leittechnik\/referenzen-leittechnik\/weitere\/","name":"Others - Alarm IT Factory","isPartOf":{"@id":"https:\/\/alarm-it-factory.de\/#website"},"datePublished":"2021-10-20T13:56:58+00:00","dateModified":"2025-05-08T10:51:21+00:00","breadcrumb":{"@id":"https:\/\/alarm-it-factory.de\/leittechnik\/referenzen-leittechnik\/weitere\/#breadcrumb"},"inLanguage":"en-US","potentialAction":[{"@type":"ReadAction","target":["https:\/\/alarm-it-factory.de\/leittechnik\/referenzen-leittechnik\/weitere\/"]}]},{"@type":"BreadcrumbList","@id":"https:\/\/alarm-it-factory.de\/leittechnik\/referenzen-leittechnik\/weitere\/#breadcrumb","itemListElement":[{"@type":"ListItem","position":1,"name":"Startseite","item":"https:\/\/alarm-it-factory.de\/"},{"@type":"ListItem","position":2,"name":"Leittechnik","item":"https:\/\/alarm-it-factory.de\/leittechnik\/"},{"@type":"ListItem","position":3,"name":"Referenzen Leittechnik","item":"https:\/\/alarm-it-factory.de\/leittechnik\/referenzen-leittechnik\/"},{"@type":"ListItem","position":4,"name":"Weitere"}]},{"@type":"WebSite","@id":"https:\/\/alarm-it-factory.de\/#website","url":"https:\/\/alarm-it-factory.de\/","name":"Alarm IT Factory","description":"Alerting software","publisher":{"@id":"https:\/\/alarm-it-factory.de\/#organization"},"potentialAction":[{"@type":"SearchAction","target":{"@type":"EntryPoint","urlTemplate":"https:\/\/alarm-it-factory.de\/?s={search_term_string}"},"query-input":{"@type":"PropertyValueSpecification","valueRequired":true,"valueName":"search_term_string"}}],"inLanguage":"en-US"},{"@type":"Organization","@id":"https:\/\/alarm-it-factory.de\/#organization","name":"Alarm IT Factory GmbH","url":"https:\/\/alarm-it-factory.de\/","logo":{"@type":"ImageObject","inLanguage":"en-US","@id":"https:\/\/alarm-it-factory.de\/#\/schema\/logo\/image\/","url":"https:\/\/alarm-it-factory.de\/wp-content\/uploads\/2020\/09\/AIF_logo.png","contentUrl":"https:\/\/alarm-it-factory.de\/wp-content\/uploads\/2020\/09\/AIF_logo.png","width":312,"height":52,"caption":"Alarm IT Factory GmbH"},"image":{"@id":"https:\/\/alarm-it-factory.de\/#\/schema\/logo\/image\/"}}]}},"_links":{"self":[{"href":"https:\/\/alarm-it-factory.de\/en\/wp-json\/wp\/v2\/pages\/21242","targetHints":{"allow":["GET"]}}],"collection":[{"href":"https:\/\/alarm-it-factory.de\/en\/wp-json\/wp\/v2\/pages"}],"about":[{"href":"https:\/\/alarm-it-factory.de\/en\/wp-json\/wp\/v2\/types\/page"}],"author":[{"embeddable":true,"href":"https:\/\/alarm-it-factory.de\/en\/wp-json\/wp\/v2\/users\/1"}],"replies":[{"embeddable":true,"href":"https:\/\/alarm-it-factory.de\/en\/wp-json\/wp\/v2\/comments?post=21242"}],"version-history":[{"count":2,"href":"https:\/\/alarm-it-factory.de\/en\/wp-json\/wp\/v2\/pages\/21242\/revisions"}],"predecessor-version":[{"id":24265,"href":"https:\/\/alarm-it-factory.de\/en\/wp-json\/wp\/v2\/pages\/21242\/revisions\/24265"}],"up":[{"embeddable":true,"href":"https:\/\/alarm-it-factory.de\/en\/wp-json\/wp\/v2\/pages\/19743"}],"wp:attachment":[{"href":"https:\/\/alarm-it-factory.de\/en\/wp-json\/wp\/v2\/media?parent=21242"}],"wp:term":[{"taxonomy":"category","embeddable":true,"href":"https:\/\/alarm-it-factory.de\/en\/wp-json\/wp\/v2\/categories?post=21242"},{"taxonomy":"post_tag","embeddable":true,"href":"https:\/\/alarm-it-factory.de\/en\/wp-json\/wp\/v2\/tags?post=21242"}],"curies":[{"name":"wp","href":"https:\/\/api.w.org\/{rel}","templated":true}]}}