{"id":21678,"date":"2021-11-05T14:44:52","date_gmt":"2021-11-05T13:44:52","guid":{"rendered":"https:\/\/alarm-it-factory.de\/?page_id=21678"},"modified":"2025-05-08T12:52:14","modified_gmt":"2025-05-08T10:52:14","slug":"our-service-for-your-control-technology","status":"publish","type":"page","link":"https:\/\/alarm-it-factory.de\/en\/leittechnik\/unser-service-fuer-ihre-leittechnik\/","title":{"rendered":"Our Service for your control systems"},"content":{"rendered":"<div class=\"wpb-content-wrapper\"><div class=\"vc_row wpb_row vc_row-fluid vc_custom_1636120547292 vc_column-gap-40 vc-row-904197\" >\n\t<div class=\"container et-clearfix\">\n\t\t<div class=\"wpb_column vc_column_container vc_col-sm-12 vc_col-lg-4 vc_col-md-12 vc_col-xs-12 text-align-none vc-column-461590\" >\n\t<div class=\"vc_column-inner\" data-768-1024-left=\"15\"  data-768-1024-right=\"15\"  data-1024-1280-left=\"20\"  data-1024-1280-right=\"20\" >\n\t\t<div class=\"wpb_wrapper\">\n\t\t\t<span class=\"et-gap et-clearfix et-gap-562763 hide1280\"><\/span>\n<div class=\"wpb_text_column wpb_content_element\"  data-animation-delay=\"0\">\n\t<div class=\"wpb_wrapper\">\n\t\t<p><span style=\"color: #000000; font-size: 25px; font-weight: 600; line-height: 33px;\">Get an overview of our wide range of services for your control technology.<\/span><\/p>\n\t<\/div>\n<\/div>\n\n<span class=\"et-gap et-clearfix et-gap-565423\"><\/span><div id=\"et-icon-box-704187\" class=\"et-icon-box et-item icon-position-top icon-alignment-left hover-none shadow\" data-parallax=\"false\" data-move=\"false\" data-coordinatex=\"0\" data-coordinatey=\"0\" data-speed=\"10\"><div class=\"et-icon-box-inner et-item-inner et-clearfix\"><div class=\"et-icon-content et-clearfix\"><p class=\"et-icon-box-content\">\n<h4><img loading=\"lazy\" decoding=\"async\" class=\"alignnone size-full wp-image-19785\" src=\"https:\/\/alarm-it-factory.de\/wp-content\/uploads\/2020\/09\/Unbenannt-1.png\" alt=\"\" width=\"270\" height=\"270\" \/><\/h4>\n<h3>Connection of system controls<\/h3>\n<ul>\n<li>... to your control system<\/li>\n<li>Establishing the communication between controls and your control system<\/li>\n<li>Data point connection<\/li>\n<li>Signal and switching tests of the connection<\/li>\n<li>Documentation of the work<\/li>\n<li>Dismantling of systems<\/li>\n<\/ul>\n<\/p><\/div><\/div><\/div><span class=\"et-gap et-clearfix et-gap-786360\"><\/span><div id=\"et-icon-box-368693\" class=\"et-icon-box et-item icon-position-top icon-alignment-left hover-none shadow\" data-parallax=\"false\" data-move=\"false\" data-coordinatex=\"0\" data-coordinatey=\"0\" data-speed=\"10\"><div class=\"et-icon-box-inner et-item-inner et-clearfix\"><div class=\"et-icon-content et-clearfix\"><p class=\"et-icon-box-content\">\n<h3><img loading=\"lazy\" decoding=\"async\" class=\"alignnone wp-image-19789 size-full\" src=\"https:\/\/alarm-it-factory.de\/wp-content\/uploads\/2020\/09\/Wartung.png\" alt=\"\" width=\"270\" height=\"270\" \/><\/h3>\n<h3>Setup and support of servers and clients<\/h3>\n<ul>\n<li>Installation of the control system<\/li>\n<li>System monitoring<\/li>\n<li>Development and support of interfaces to external systems (e.g. for order control and ERP systems)<\/li>\n<li>Installation of software components for end users on office PCs, mobile devices or a control room<\/li>\n<\/ul>\n<\/p><\/div><\/div><\/div>\t\t<\/div>\n\t\t\t<\/div>\n<\/div><div class=\"kswr-column-settings\" data-minheight=\"0px\" data-isminheight=\"off\" data-theclasses=\"kswr_pnone kswr_mnone kswr_bnone\"><\/div><div class=\"wpb_column vc_column_container vc_col-sm-12 vc_col-lg-4 vc_col-md-12 vc_col-xs-12 text-align-none vc-column-59522\" >\n\t<div class=\"vc_column-inner\" data-768-1024-left=\"15\"  data-768-1024-right=\"15\"  data-1024-1280-left=\"20\"  data-1024-1280-right=\"20\" >\n\t\t<div class=\"wpb_wrapper\">\n\t\t\t<div id=\"et-icon-box-232890\" class=\"et-icon-box et-item icon-position-top icon-alignment-left hover-none shadow\" data-parallax=\"false\" data-move=\"false\" data-coordinatex=\"0\" data-coordinatey=\"0\" data-speed=\"10\"><div class=\"et-icon-box-inner et-item-inner et-clearfix\"><div class=\"et-icon-content et-clearfix\"><p class=\"et-icon-box-content\">\n<h4><img loading=\"lazy\" decoding=\"async\" class=\"alignnone size-full wp-image-19788\" src=\"https:\/\/alarm-it-factory.de\/wp-content\/uploads\/2020\/09\/Visualisierung.png\" alt=\"\" width=\"270\" height=\"186\" \/><\/h4>\n<h3>Visualization<\/h3>\n<ul>\n<li>Plant visualization, area overview, trade overview<\/li>\n<li>Representation of key figures<\/li>\n<li>Representation of specific process values of plants<\/li>\n<li>Production flows<\/li>\n<li>Connection of large display boards and special images<\/li>\n<\/ul>\n<\/p><\/div><\/div><\/div><span class=\"et-gap et-clearfix et-gap-548596\"><\/span><div id=\"et-icon-box-714402\" class=\"et-icon-box et-item icon-position-top icon-alignment-left hover-none shadow\" data-parallax=\"false\" data-move=\"false\" data-coordinatex=\"0\" data-coordinatey=\"0\" data-speed=\"10\"><div class=\"et-icon-box-inner et-item-inner et-clearfix\"><div class=\"et-icon-content et-clearfix\"><p class=\"et-icon-box-content\">\n<h3><img loading=\"lazy\" decoding=\"async\" class=\"alignnone size-full wp-image-19794\" src=\"https:\/\/alarm-it-factory.de\/wp-content\/uploads\/2020\/09\/Automatisierung.png\" alt=\"\" width=\"270\" height=\"270\" \/><\/h3>\n<h3>Automation<\/h3>\n<ul>\n<li>... in your control system for ongoing operations<\/li>\n<li>Setup and maintenance of shift calendars<\/li>\n<li>Configuration of automatic switching operations<\/li>\n<li>Creation and automation of reporting<\/li>\n<\/ul>\n<\/p><\/div><\/div><\/div><span class=\"et-gap et-clearfix et-gap-968665\"><\/span><div id=\"et-icon-box-810994\" class=\"et-icon-box et-item icon-position-top icon-alignment-left hover-none shadow\" data-parallax=\"false\" data-move=\"false\" data-coordinatex=\"0\" data-coordinatey=\"0\" data-speed=\"10\"><div class=\"et-icon-box-inner et-item-inner et-clearfix\"><div class=\"et-icon-content et-clearfix\"><p class=\"et-icon-box-content\"><img loading=\"lazy\" decoding=\"async\" class=\"alignnone size-full wp-image-19797\" src=\"https:\/\/alarm-it-factory.de\/wp-content\/uploads\/2020\/09\/Schulungen-.png\" alt=\"\" width=\"270\" height=\"186\" \/><\/p>\n<h3>Training<\/h3>\n<ul>\n<li>Of your employees<\/li>\n<li>Technicians<\/li>\n<li>Maintenance technicians<\/li>\n<li>Operator training<\/li>\n<li>Creation of operating and training documents<\/li>\n<\/ul>\n<\/p><\/div><\/div><\/div>\t\t<\/div>\n\t\t\t<\/div>\n<\/div><div class=\"kswr-column-settings\" data-minheight=\"0px\" data-isminheight=\"off\" data-theclasses=\"kswr_pnone kswr_mnone kswr_bnone\"><\/div><div class=\"wpb_column vc_column_container vc_col-sm-12 vc_col-lg-4 vc_col-md-12 vc_col-xs-12 text-align-none vc-column-30673\" >\n\t<div class=\"vc_column-inner\" data-768-1024-left=\"15\"  data-768-1024-right=\"15\"  data-1024-1280-left=\"20\"  data-1024-1280-right=\"20\" >\n\t\t<div class=\"wpb_wrapper\">\n\t\t\t<div id=\"et-icon-box-775394\" class=\"et-icon-box et-item icon-position-top icon-alignment-left hover-none shadow\" data-parallax=\"false\" data-move=\"false\" data-coordinatex=\"0\" data-coordinatey=\"0\" data-speed=\"10\"><div class=\"et-icon-box-inner et-item-inner et-clearfix\"><div class=\"et-icon-content et-clearfix\"><p class=\"et-icon-box-content\">\n<h3><img loading=\"lazy\" decoding=\"async\" class=\"alignnone wp-image-19793 size-full\" src=\"https:\/\/alarm-it-factory.de\/wp-content\/uploads\/2020\/09\/Service.png\" alt=\"\" width=\"270\" height=\"270\" \/><\/h3>\n<h3>System care and maintenance<\/h3>\n<ul>\n<li>... of your control system<\/li>\n<li>Interpretation of error messages in log files<\/li>\n<li>Preventive maintenance<\/li>\n<li>Escalation of system problems to internal and external persons responsible<\/li>\n<\/ul>\n<\/p><\/div><\/div><\/div><span class=\"et-gap et-clearfix et-gap-568652\"><\/span><div id=\"et-icon-box-585393\" class=\"et-icon-box et-item icon-position-top icon-alignment-left hover-none shadow\" data-parallax=\"false\" data-move=\"false\" data-coordinatex=\"0\" data-coordinatey=\"0\" data-speed=\"10\"><div class=\"et-icon-box-inner et-item-inner et-clearfix\"><div class=\"et-icon-content et-clearfix\"><p class=\"et-icon-box-content\">\n<h3><img loading=\"lazy\" decoding=\"async\" class=\"alignnone size-full wp-image-19795\" src=\"https:\/\/alarm-it-factory.de\/wp-content\/uploads\/2020\/09\/support.png\" alt=\"\" width=\"270\" height=\"270\" \/><\/h3>\n<h3>Support for your control system for ...<\/h3>\n<ul>\n<li>The end user<\/li>\n<li>The PLC programmer<\/li>\n<li>IT specialists<\/li>\n<li>Process owner<\/li>\n<li>The management<\/li>\n<\/ul>\n<\/p><\/div><\/div><\/div>\t\t<\/div>\n\t\t\t<\/div>\n<\/div><div class=\"kswr-column-settings\" data-minheight=\"0px\" data-isminheight=\"off\" data-theclasses=\"kswr_pnone kswr_mnone kswr_bnone\"><\/div>\t<\/div>\n\t\t<\/div><div class=\"kswr-row-element-back kswr-vc-ctn-element\" data-classes=\"kswr_pnone kswr_mnone kswr_bnone\" ><\/div><div data-curtain-gradient=\"true\" data-curtain-gradient-position=\"right\" class=\"vc_row wpb_row vc_row-fluid vc_custom_1602853117728 vc_row-has-fill vc_row-o-equal-height vc_row-flex vc-fixed-bg vc-row-597115\" >\n\t<div class=\"container et-clearfix\">\n\t\t<div class=\"wpb_column vc_column_container vc_col-sm-2\/5 vc_col-lg-6 vc_col-md-6 vc_col-xs-12 text-align-none vc-column-83119\" >\n\t<div class=\"vc_column-inner\" >\n\t\t<div class=\"wpb_wrapper\">\n\t\t\t\t\t<\/div>\n\t\t\t<\/div>\n<\/div><div class=\"kswr-column-settings\" data-minheight=\"0px\" data-isminheight=\"off\" data-theclasses=\"kswr_pnone kswr_mnone kswr_bnone\"><\/div><div class=\"wpb_animate_when_almost_visible wpb_right-to-left right-to-left wpb_column vc_column_container vc_col-sm-3\/5 vc_col-lg-6 vc_col-md-6 vc_col-xs-12 text-align-none vc-column-858870\" data-animation-delay=\"600\" >\n\t<div class=\"vc_column-inner\" >\n\t\t<div class=\"wpb_wrapper\">\n\t\t\t<span class=\"et-gap et-clearfix et-gap-464629\"><\/span>\n<div class=\"wpb_text_column wpb_content_element\"  data-animation-delay=\"0\">\n\t<div class=\"wpb_wrapper\">\n\t\t<h2><span style=\"color: #ffffff;\">Do you have any questions about our control technology services?\u00a0<\/span><\/h2>\n\t<\/div>\n<\/div>\n\n<span class=\"et-gap et-clearfix et-gap-742520\"><\/span>\n<div class=\"wpb_text_column wpb_content_element\"  data-animation-delay=\"0\">\n\t<div class=\"wpb_wrapper\">\n\t\t<p><span style=\"color: #000000;\"><span class=\"et-font-size\" data-fontsize=\"24px\" data-lineheight=\"32px\">Send us a message using our contact form or give us a call.<\/span><\/span><\/p>\n<div class=\"et-icon-content et-clearfix\"><\/div>\n\t<\/div>\n<\/div>\n\n<span class=\"et-gap et-clearfix et-gap-822385\"><\/span><a id=\"et-button-259191\" class=\"et-button icon-position-left modal-false large hover-fill click-none\" target=\"_self\" href=\"\/en\/contact\/\" data-animation-delay=\"0\" data-parallax=\"false\" data-move=\"false\" data-coordinatex=\"0\" data-coordinatey=\"0\" data-speed=\"10\"><span class=\"hover\"><\/span><span class=\"regular\"><\/span><span class=\"text\">Contact<\/span><\/a><span class=\"et-gap et-clearfix et-gap-348193\"><\/span>\t\t<\/div>\n\t\t\t<\/div>\n<\/div><div class=\"kswr-column-settings\" data-minheight=\"0px\" data-isminheight=\"off\" data-theclasses=\"kswr_pnone kswr_mnone kswr_bnone\"><\/div>\t<\/div>\n\t<div class=\"curtain-gradient\"><\/div>\t<div class=\"fixed-container\"><\/div><\/div><div class=\"kswr-row-element-back kswr-vc-ctn-element\" data-classes=\"kswr_pnone kswr_mnone kswr_bnone\" ><\/div>\n<\/div>","protected":false},"excerpt":{"rendered":"Verschaffen Sie sich einen \u00dcberblick \u00fcber unser breit aufgestelltes Angebot von Services f\u00fcr Ihre Leittechnik. Anbindung von Anlagen-Steuerungen ...an Ihr Leittechniksystem Einrichtung der Kommunikation von Steuerungen an Ihr Leittechniksytem Datenpunktanbindung Signal- und Schalttests der Anbindung Dokumentation der Arbeiten Deparametrierung von Anlagen Einrichtung und Betreuung von Servern und Clients Installation des Leittechniksystems Systemmonitoring Entwicklung und Betreuung [...]","protected":false},"author":1,"featured_media":0,"parent":18812,"menu_order":0,"comment_status":"closed","ping_status":"closed","template":"page-vc.php","meta":{"inline_featured_image":false,"footnotes":""},"categories":[],"tags":[],"class_list":["post-21678","page","type-page","status-publish","hentry"],"yoast_head":"<!-- This site is optimized with the Yoast SEO plugin v27.2 - https:\/\/yoast.com\/product\/yoast-seo-wordpress\/ -->\n<title>Unser Service f\u00fcr Ihre Leittechnik - Alarm IT Factory<\/title>\n<meta name=\"robots\" content=\"index, follow, max-snippet:-1, max-image-preview:large, max-video-preview:-1\" \/>\n<link rel=\"canonical\" href=\"https:\/\/alarm-it-factory.de\/en\/control-technology\/our-service-for-your-control-technology\/\" \/>\n<meta property=\"og:locale\" content=\"en_US\" \/>\n<meta property=\"og:type\" content=\"article\" \/>\n<meta property=\"og:title\" content=\"Unser Service f\u00fcr Ihre Leittechnik - Alarm IT Factory\" \/>\n<meta property=\"og:url\" content=\"https:\/\/alarm-it-factory.de\/en\/control-technology\/our-service-for-your-control-technology\/\" \/>\n<meta property=\"og:site_name\" content=\"Alarm IT Factory\" \/>\n<meta property=\"article:modified_time\" content=\"2025-05-08T10:52:14+00:00\" \/>\n<meta property=\"og:image\" content=\"https:\/\/alarm-it-factory.de\/wp-content\/uploads\/2020\/09\/Unbenannt-1.png\" \/>\n\t<meta property=\"og:image:width\" content=\"270\" \/>\n\t<meta property=\"og:image:height\" content=\"270\" \/>\n\t<meta property=\"og:image:type\" content=\"image\/png\" \/>\n<meta name=\"twitter:card\" content=\"summary_large_image\" \/>\n<meta name=\"twitter:label1\" content=\"Est. reading time\" \/>\n\t<meta name=\"twitter:data1\" content=\"7 minutes\" \/>\n<script type=\"application\/ld+json\" class=\"yoast-schema-graph\">{\"@context\":\"https:\/\/schema.org\",\"@graph\":[{\"@type\":\"WebPage\",\"@id\":\"https:\/\/alarm-it-factory.de\/leittechnik\/unser-service-fuer-ihre-leittechnik\/\",\"url\":\"https:\/\/alarm-it-factory.de\/leittechnik\/unser-service-fuer-ihre-leittechnik\/\",\"name\":\"Unser Service f\u00fcr Ihre Leittechnik - Alarm IT Factory\",\"isPartOf\":{\"@id\":\"https:\/\/alarm-it-factory.de\/#website\"},\"primaryImageOfPage\":{\"@id\":\"https:\/\/alarm-it-factory.de\/leittechnik\/unser-service-fuer-ihre-leittechnik\/#primaryimage\"},\"image\":{\"@id\":\"https:\/\/alarm-it-factory.de\/leittechnik\/unser-service-fuer-ihre-leittechnik\/#primaryimage\"},\"thumbnailUrl\":\"https:\/\/alarm-it-factory.de\/wp-content\/uploads\/2020\/09\/Unbenannt-1.png\",\"datePublished\":\"2021-11-05T13:44:52+00:00\",\"dateModified\":\"2025-05-08T10:52:14+00:00\",\"breadcrumb\":{\"@id\":\"https:\/\/alarm-it-factory.de\/leittechnik\/unser-service-fuer-ihre-leittechnik\/#breadcrumb\"},\"inLanguage\":\"en-US\",\"potentialAction\":[{\"@type\":\"ReadAction\",\"target\":[\"https:\/\/alarm-it-factory.de\/leittechnik\/unser-service-fuer-ihre-leittechnik\/\"]}]},{\"@type\":\"ImageObject\",\"inLanguage\":\"en-US\",\"@id\":\"https:\/\/alarm-it-factory.de\/leittechnik\/unser-service-fuer-ihre-leittechnik\/#primaryimage\",\"url\":\"https:\/\/alarm-it-factory.de\/wp-content\/uploads\/2020\/09\/Unbenannt-1.png\",\"contentUrl\":\"https:\/\/alarm-it-factory.de\/wp-content\/uploads\/2020\/09\/Unbenannt-1.png\"},{\"@type\":\"BreadcrumbList\",\"@id\":\"https:\/\/alarm-it-factory.de\/leittechnik\/unser-service-fuer-ihre-leittechnik\/#breadcrumb\",\"itemListElement\":[{\"@type\":\"ListItem\",\"position\":1,\"name\":\"Startseite\",\"item\":\"https:\/\/alarm-it-factory.de\/\"},{\"@type\":\"ListItem\",\"position\":2,\"name\":\"Leittechnik\",\"item\":\"https:\/\/alarm-it-factory.de\/leittechnik\/\"},{\"@type\":\"ListItem\",\"position\":3,\"name\":\"Unser Service f\u00fcr Ihre Leittechnik\"}]},{\"@type\":\"WebSite\",\"@id\":\"https:\/\/alarm-it-factory.de\/#website\",\"url\":\"https:\/\/alarm-it-factory.de\/\",\"name\":\"Alarm IT Factory\",\"description\":\"Alarmierungssoftware\",\"publisher\":{\"@id\":\"https:\/\/alarm-it-factory.de\/#organization\"},\"potentialAction\":[{\"@type\":\"SearchAction\",\"target\":{\"@type\":\"EntryPoint\",\"urlTemplate\":\"https:\/\/alarm-it-factory.de\/?s={search_term_string}\"},\"query-input\":{\"@type\":\"PropertyValueSpecification\",\"valueRequired\":true,\"valueName\":\"search_term_string\"}}],\"inLanguage\":\"en-US\"},{\"@type\":\"Organization\",\"@id\":\"https:\/\/alarm-it-factory.de\/#organization\",\"name\":\"Alarm IT Factory GmbH\",\"url\":\"https:\/\/alarm-it-factory.de\/\",\"logo\":{\"@type\":\"ImageObject\",\"inLanguage\":\"en-US\",\"@id\":\"https:\/\/alarm-it-factory.de\/#\/schema\/logo\/image\/\",\"url\":\"https:\/\/alarm-it-factory.de\/wp-content\/uploads\/2020\/09\/AIF_logo.png\",\"contentUrl\":\"https:\/\/alarm-it-factory.de\/wp-content\/uploads\/2020\/09\/AIF_logo.png\",\"width\":312,\"height\":52,\"caption\":\"Alarm IT Factory GmbH\"},\"image\":{\"@id\":\"https:\/\/alarm-it-factory.de\/#\/schema\/logo\/image\/\"}}]}<\/script>\n<!-- \/ Yoast SEO plugin. -->","yoast_head_json":{"title":"Our service for your control technology - Alarm IT Factory","robots":{"index":"index","follow":"follow","max-snippet":"max-snippet:-1","max-image-preview":"max-image-preview:large","max-video-preview":"max-video-preview:-1"},"canonical":"https:\/\/alarm-it-factory.de\/en\/control-technology\/our-service-for-your-control-technology\/","og_locale":"en_US","og_type":"article","og_title":"Unser Service f\u00fcr Ihre Leittechnik - Alarm IT Factory","og_url":"https:\/\/alarm-it-factory.de\/en\/control-technology\/our-service-for-your-control-technology\/","og_site_name":"Alarm IT Factory","article_modified_time":"2025-05-08T10:52:14+00:00","og_image":[{"width":270,"height":270,"url":"https:\/\/alarm-it-factory.de\/wp-content\/uploads\/2020\/09\/Unbenannt-1.png","type":"image\/png"}],"twitter_card":"summary_large_image","twitter_misc":{"Est. reading time":"7 minutes"},"schema":{"@context":"https:\/\/schema.org","@graph":[{"@type":"WebPage","@id":"https:\/\/alarm-it-factory.de\/leittechnik\/unser-service-fuer-ihre-leittechnik\/","url":"https:\/\/alarm-it-factory.de\/leittechnik\/unser-service-fuer-ihre-leittechnik\/","name":"Our service for your control technology - Alarm IT Factory","isPartOf":{"@id":"https:\/\/alarm-it-factory.de\/#website"},"primaryImageOfPage":{"@id":"https:\/\/alarm-it-factory.de\/leittechnik\/unser-service-fuer-ihre-leittechnik\/#primaryimage"},"image":{"@id":"https:\/\/alarm-it-factory.de\/leittechnik\/unser-service-fuer-ihre-leittechnik\/#primaryimage"},"thumbnailUrl":"https:\/\/alarm-it-factory.de\/wp-content\/uploads\/2020\/09\/Unbenannt-1.png","datePublished":"2021-11-05T13:44:52+00:00","dateModified":"2025-05-08T10:52:14+00:00","breadcrumb":{"@id":"https:\/\/alarm-it-factory.de\/leittechnik\/unser-service-fuer-ihre-leittechnik\/#breadcrumb"},"inLanguage":"en-US","potentialAction":[{"@type":"ReadAction","target":["https:\/\/alarm-it-factory.de\/leittechnik\/unser-service-fuer-ihre-leittechnik\/"]}]},{"@type":"ImageObject","inLanguage":"en-US","@id":"https:\/\/alarm-it-factory.de\/leittechnik\/unser-service-fuer-ihre-leittechnik\/#primaryimage","url":"https:\/\/alarm-it-factory.de\/wp-content\/uploads\/2020\/09\/Unbenannt-1.png","contentUrl":"https:\/\/alarm-it-factory.de\/wp-content\/uploads\/2020\/09\/Unbenannt-1.png"},{"@type":"BreadcrumbList","@id":"https:\/\/alarm-it-factory.de\/leittechnik\/unser-service-fuer-ihre-leittechnik\/#breadcrumb","itemListElement":[{"@type":"ListItem","position":1,"name":"Startseite","item":"https:\/\/alarm-it-factory.de\/"},{"@type":"ListItem","position":2,"name":"Leittechnik","item":"https:\/\/alarm-it-factory.de\/leittechnik\/"},{"@type":"ListItem","position":3,"name":"Unser Service f\u00fcr Ihre Leittechnik"}]},{"@type":"WebSite","@id":"https:\/\/alarm-it-factory.de\/#website","url":"https:\/\/alarm-it-factory.de\/","name":"Alarm IT Factory","description":"Alerting software","publisher":{"@id":"https:\/\/alarm-it-factory.de\/#organization"},"potentialAction":[{"@type":"SearchAction","target":{"@type":"EntryPoint","urlTemplate":"https:\/\/alarm-it-factory.de\/?s={search_term_string}"},"query-input":{"@type":"PropertyValueSpecification","valueRequired":true,"valueName":"search_term_string"}}],"inLanguage":"en-US"},{"@type":"Organization","@id":"https:\/\/alarm-it-factory.de\/#organization","name":"Alarm IT Factory GmbH","url":"https:\/\/alarm-it-factory.de\/","logo":{"@type":"ImageObject","inLanguage":"en-US","@id":"https:\/\/alarm-it-factory.de\/#\/schema\/logo\/image\/","url":"https:\/\/alarm-it-factory.de\/wp-content\/uploads\/2020\/09\/AIF_logo.png","contentUrl":"https:\/\/alarm-it-factory.de\/wp-content\/uploads\/2020\/09\/AIF_logo.png","width":312,"height":52,"caption":"Alarm IT Factory GmbH"},"image":{"@id":"https:\/\/alarm-it-factory.de\/#\/schema\/logo\/image\/"}}]}},"_links":{"self":[{"href":"https:\/\/alarm-it-factory.de\/en\/wp-json\/wp\/v2\/pages\/21678","targetHints":{"allow":["GET"]}}],"collection":[{"href":"https:\/\/alarm-it-factory.de\/en\/wp-json\/wp\/v2\/pages"}],"about":[{"href":"https:\/\/alarm-it-factory.de\/en\/wp-json\/wp\/v2\/types\/page"}],"author":[{"embeddable":true,"href":"https:\/\/alarm-it-factory.de\/en\/wp-json\/wp\/v2\/users\/1"}],"replies":[{"embeddable":true,"href":"https:\/\/alarm-it-factory.de\/en\/wp-json\/wp\/v2\/comments?post=21678"}],"version-history":[{"count":7,"href":"https:\/\/alarm-it-factory.de\/en\/wp-json\/wp\/v2\/pages\/21678\/revisions"}],"predecessor-version":[{"id":24268,"href":"https:\/\/alarm-it-factory.de\/en\/wp-json\/wp\/v2\/pages\/21678\/revisions\/24268"}],"up":[{"embeddable":true,"href":"https:\/\/alarm-it-factory.de\/en\/wp-json\/wp\/v2\/pages\/18812"}],"wp:attachment":[{"href":"https:\/\/alarm-it-factory.de\/en\/wp-json\/wp\/v2\/media?parent=21678"}],"wp:term":[{"taxonomy":"category","embeddable":true,"href":"https:\/\/alarm-it-factory.de\/en\/wp-json\/wp\/v2\/categories?post=21678"},{"taxonomy":"post_tag","embeddable":true,"href":"https:\/\/alarm-it-factory.de\/en\/wp-json\/wp\/v2\/tags?post=21678"}],"curies":[{"name":"wp","href":"https:\/\/api.w.org\/{rel}","templated":true}]}}