{"id":21710,"date":"2021-11-06T13:33:02","date_gmt":"2021-11-06T12:33:02","guid":{"rendered":"https:\/\/alarm-it-factory.de\/?page_id=21710"},"modified":"2021-11-06T13:33:02","modified_gmt":"2021-11-06T12:33:02","slug":"newsletter-subscription-2","status":"publish","type":"page","link":"https:\/\/alarm-it-factory.de\/en\/inscription-a-la-newsletter\/","title":{"rendered":"Inscription \u00e0 la newsletter"},"content":{"rendered":"<div class=\"wpb-content-wrapper\"><div class=\"vc_row wpb_row vc_row-fluid vc-row-190032\" >\n\t<div class=\"container et-clearfix\">\n\t\t<div class=\"wpb_column vc_column_container vc_col-sm-12 text-align-none\" >\n\t<div class=\"vc_column-inner \" >\n\t\t<div class=\"wpb_wrapper\">\n\t\t\t\n\t<div class=\"wpb_raw_code wpb_content_element wpb_raw_html\" >\n\t\t<div class=\"wpb_wrapper\">\n\t\t\t<script>\n    function loadjQuery(e,t){var n=document.createElement(\"script\");n.setAttribute(\"src\",e);n.onload=t;n.onreadystatechange=function(){if(this.readyState==\"complete\"||this.readyState==\"loaded\")t()};document.getElementsByTagName(\"head\")[0].appendChild(n)}function main(){\n        var $cr=jQuery.noConflict();var old_src;$cr(document).ready(function(){$cr(\".cr_form\").submit(function(){$cr(this).find('.clever_form_error').removeClass('clever_form_error');$cr(this).find('.clever_form_note').remove();$cr(this).find(\".musthave\").find('input, textarea').each(function(){if(jQuery.trim($cr(this).val())==\"\"||($cr(this).is(':checkbox'))||($cr(this).is(':radio'))){if($cr(this).is(':checkbox')||($cr(this).is(':radio'))){if(!$cr(this).parents(\".cr_ipe_item\").find(\":checked\").is(\":checked\")){$cr(this).parents(\".cr_ipe_item\").addClass('clever_form_error')}}else{$cr(this).addClass('clever_form_error')}}});if($cr(this).attr(\"action\").search(document.domain)>0&&$cr(\".cr_form\").attr(\"action\").search(\"wcs\")>0){var cr_email=$cr(this).find('input[name=email]');var unsub=false;if($cr(\"input['name=cr_subunsubscribe'][value='false']\").length){if($cr(\"input['name=cr_subunsubscribe'][value='false']\").is(\":checked\")){unsub=true}}if(cr_email.val()&&!unsub){$cr.ajax({type:\"GET\",url:$cr(\".cr_form\").attr(\"action\").replace(\"wcs\",\"check_email\")+window.btoa($cr(this).find('input[name=email]').val()),success:function(data){if(data){cr_email.addClass('clever_form_error').before(\"<div class='clever_form_note cr_font'>\"+data+\"<\/div>\");return false}},async:false})}var cr_captcha=$cr(this).find('input[name=captcha]');if(cr_captcha.val()){$cr.ajax({type:\"GET\",url:$cr(\".cr_form\").attr(\"action\").replace(\"wcs\",\"check_captcha\")+$cr(this).find('input[name=captcha]').val(),success:function(data){if(data){cr_captcha.addClass('clever_form_error').after(\"<div style='display:block' class='clever_form_note cr_font'>\"+data+\"<\/div>\");return false}},async:false})}}if($cr(this).find('.clever_form_error').length){return false}return true});$cr('input[class*=\"cr_number\"]').change(function(){if(isNaN($cr(this).val())){$cr(this).val(1)}if($cr(this).attr(\"min\")){if(($cr(this).val()*1)<($cr(this).attr(\"min\")*1)){$cr(this).val($cr(this).attr(\"min\"))}}if($cr(this).attr(\"max\")){if(($cr(this).val()*1)>($cr(this).attr(\"max\")*1)){$cr(this).val($cr(this).attr(\"max\"))}}});old_src=$cr(\"div[rel='captcha'] img:not(.captcha2_reload)\").attr(\"src\");if($cr(\"div[rel='captcha'] img:not(.captcha2_reload)\").length!=0){captcha_reload()}});function captcha_reload(){var timestamp=new Date().getTime();$cr(\"div[rel='captcha'] img:not(.captcha2_reload)\").attr(\"src\",\"\");$cr(\"div[rel='captcha'] img:not(.captcha2_reload)\").attr(\"src\",old_src+\"?t=\"+timestamp);return false}\n\n    }\n    if(typeof jQuery===\"undefined\"){loadjQuery(\"\/\/ajax.googleapis.com\/ajax\/libs\/jquery\/1.4.2\/jquery.min.js\",main)}else{main()}\n\n<\/script>\n\n\n<style>\n    label {\n        margin: 8px 0px;\n    }\n    input {\n        margin:10px 10px 8px 0px!important;\n    }\n<\/style>\n\n\n\n<form class=\"layout_form cr_form cr_font\" action=\"https:\/\/eu2.cleverreach.com\/f\/263496-277058\/wcs\/\" method=\"post\" target=\"_blank\">\n    <div class=\"cr_body cr_page cr_font formbox\">\n        <div class=\"non_sortable\" style=\"text-align:left;\">\n\n        <\/div>\n\n        <div class=\"editable_content\" style=\"text-align:left;\">\n            <div id=\"6065836\" rel=\"mce_text\" class=\"cr_ipe_item ui-sortable\">\n                <div class=\"mce_text\"><p><span style=\"font-size: large;\" mce_style=\"font-size: large;\">Oui, je souhaite recevoir la newsletter d'Alarm IT Factory :<\/span> <br><\/p><\/div>\n            <\/div><div id=\"6065837\" rel=\"radio\" class=\"cr_ipe_item ui-sortable\" style=\" margin-bottom:0px;\">\n            <label class=\"itemname\">Salutation<\/label>\n            <div style=\"overflow:auto;margin-bottom: 24px;\">\n\n                <input id=\"Mme6065837\" class=\"cr_ipe_radio\" name=\"1137745\" type=\"radio\" value=\"Mme\"  \/>Mme&nbsp;\n\n                <input id=\"M.6065837\" class=\"cr_ipe_radio\" name=\"1137745\" type=\"radio\" value=\"M.\"  \/>M.&nbsp;\n\n                <input id=\"Non indiqu\u00e9  6065837\" class=\"cr_ipe_radio\" name=\"1137745\" type=\"radio\" value=\"Non indiqu\u00e9  \"  \/>Non indiqu\u00e9  &nbsp;\n\n            <\/div>\n        <\/div><div id=\"6065839\" rel=\"text\" class=\"cr_ipe_item ui-sortable musthave\" style=\" margin-bottom:0px;\">\n            <label for=\"text6065839\" class=\"itemname\">Pr\u00e9nom*<\/label> <input id=\"text6065839\" name=\"1137747\" type=\"text\" value=\"\" style=\"width:100%;\" \/>\n        <\/div><div id=\"6065841\" rel=\"text\" class=\"cr_ipe_item ui-sortable musthave\" style=\" margin-bottom:0px;\">\n            <label for=\"text6065841\" class=\"itemname\">Nom de famille*<\/label> <input id=\"text6065841\" name=\"1137748\" type=\"text\" value=\"\" style=\"width:100%;\" \/>\n        <\/div><div id=\"6462315\" rel=\"text\" class=\"cr_ipe_item ui-sortable\" style=\" margin-bottom:0px;\">\n            <label for=\"text6462315\" class=\"itemname\">Entreprise<\/label> <input id=\"text6462315\" name=\"1137752\" type=\"text\" value=\"\" style=\"width:100%;\" \/>\n        <\/div><div id=\"6065842\" rel=\"email\" class=\"cr_ipe_item ui-sortable musthave\" style=\"margin-bottom:px;\">\n            <label for=\"text6065842\" class=\"itemname\">E-mail*<\/label> <input id=\"text6065842\" name=\"email\" value=\"\" type=\"text\" style=\"width:100%;\" \/>\n        <\/div><div id=\"6861057\" rel=\"text\" class=\"cr_ipe_item ui-sortable\" style=\" margin-bottom:0px;\">\n            <label for=\"text6861057\" class=\"itemname\">T\u00e9l\u00e9phone<\/label> <input id=\"text6861057\" name=\"1179799\" type=\"text\" value=\"+33\" style=\"width:100%;\" \/>\n        <\/div><div id=\"6075110\" rel=\"radio\" class=\"cr_ipe_item ui-sortable musthave\" style=\" margin-bottom:0px;\">\n            <label class=\"itemname\">Langue de la newsletter*<\/label>\n            <div style=\"overflow:auto;margin-bottom: 24px;\">\n\n                <input id=\"Fran\u00e7ais6075110\" class=\"cr_ipe_radio\" name=\"1137759\" type=\"radio\" value=\"Fran\u00e7ais\" selected checked \/>Fran\u00e7ais&nbsp;\n                <br>\n                <input id=\"Anglais6075110\" class=\"cr_ipe_radio\" name=\"1137759\" type=\"radio\" value=\"Anglais\"  \/>Anglais&nbsp;\n                <br>\n                <input id=\"Allemand6075110\" class=\"cr_ipe_radio\" name=\"1137759\" type=\"radio\" value=\"Allemand\"  \/>Allemand&nbsp;\n\n            <\/div>\n        <\/div><div id=\"6065843\" rel=\"button\" class=\"cr_ipe_item ui-sortable submit_container\" style=\"text-align:center;\">\n            <button type=\"submit\" class=\"cr_button\">Inscription<\/button>\n        <\/div><div id=\"6065844\" rel=\"mce_text\" class=\"cr_ipe_item ui-sortable\">\n            <div class=\"mce_text\"><p>Apr\u00e8s votre inscription, vous recevrez un e-mail de notre part avec un lien de confirmation. Ce n'est qu'apr\u00e8s avoir cliqu\u00e9 sur ce lien que votre inscription est compl\u00e8te. Vous pouvez r\u00e9voquer votre consentement (pour recevoir des informations par courrier \u00e9lectronique) \u00e0 tout moment avec effet pour l'avenir. Pour ce faire, envoyez un e-mail \u00e0 <a href=\"mailto:unsubsribe@alarmcontrolcenter.de\" mce_href=\"mailto:unsubsribe@alarmcontrolcenter.de\" target=\"_blank\">unsubscribe@alarmcontrolcenter.de<\/a> ou cliquez sur le lien de d\u00e9sabonnement dans la newsletter.<\/p><\/div>\n        <\/div><div id=\"6065845\" rel=\"mce_text\" class=\"cr_ipe_item ui-sortable\">\n            <div class=\"mce_text\"><p>En vous inscrivant, vous acceptez notre <a href=\"https:\/\/www.alarm-it-factory.de\/datenschutz\/\" mce_href=\"https:\/\/www.alarm-it-factory.de\/datenschutz\/\" target=\"_blank\">politique de confidentialit\u00e9<\/a> et vous acceptez que Alarm IT Factory GmbH vous envoie par e-mail des informations sur les produits, services et les promotions en cours.<\/p><\/div>\n        <\/div>\n        <\/div>\n\n        <noscript><a href=\"http:\/\/www.cleverreach.de\">www.CleverReach.de<\/a><\/noscript>\n    <\/div>\n\n\n<\/form>\n\t\t<\/div>\n\t<\/div>\n\t\t<\/div>\n\t\t\t<\/div>\n<\/div><div class=\"kswr-column-settings\" data-minheight=\"0px\" data-isminheight=\"off\" data-theclasses=\"kswr_pnone kswr_mnone kswr_bnone\"><\/div>\t<\/div>\n\t\t<\/div><div class=\"kswr-row-element-back kswr-vc-ctn-element\" data-classes=\"kswr_pnone kswr_mnone kswr_bnone\" ><\/div>\n<\/div>","protected":false},"excerpt":{"rendered":"Oui, je souhaite recevoir la newsletter d'Alarm IT Factory : Salutation Mme&nbsp; M.&nbsp; Non indiqu\u00e9 &nbsp; Pr\u00e9nom* Nom de famille* Entreprise E-mail* T\u00e9l\u00e9phone Langue de la newsletter* Fran\u00e7ais&nbsp; Anglais&nbsp; Allemand&nbsp; Inscription Apr\u00e8s votre inscription, vous recevrez un e-mail de notre part avec un lien de confirmation. Ce n'est qu'apr\u00e8s avoir cliqu\u00e9 sur ce lien que [...]","protected":false},"author":1,"featured_media":0,"parent":0,"menu_order":0,"comment_status":"closed","ping_status":"closed","template":"page-vc.php","meta":{"inline_featured_image":false,"footnotes":""},"categories":[],"tags":[],"class_list":["post-21710","page","type-page","status-publish","hentry"],"yoast_head":"<!-- This site is optimized with the Yoast SEO plugin v27.2 - https:\/\/yoast.com\/product\/yoast-seo-wordpress\/ -->\n<title>Inscription \u00e0 la newsletter - Alarm IT Factory<\/title>\n<meta name=\"robots\" content=\"index, follow, max-snippet:-1, max-image-preview:large, max-video-preview:-1\" \/>\n<link rel=\"canonical\" href=\"https:\/\/alarm-it-factory.de\/en\/newsletter-subscription-2\/\" \/>\n<meta property=\"og:locale\" content=\"en_US\" \/>\n<meta property=\"og:type\" content=\"article\" \/>\n<meta property=\"og:title\" content=\"Inscription \u00e0 la newsletter - Alarm IT Factory\" \/>\n<meta property=\"og:url\" content=\"https:\/\/alarm-it-factory.de\/en\/newsletter-subscription-2\/\" \/>\n<meta property=\"og:site_name\" content=\"Alarm IT Factory\" \/>\n<meta name=\"twitter:card\" content=\"summary_large_image\" \/>\n<meta name=\"twitter:label1\" content=\"Est. reading time\" \/>\n\t<meta name=\"twitter:data1\" content=\"6 minutes\" \/>\n<script type=\"application\/ld+json\" class=\"yoast-schema-graph\">{\"@context\":\"https:\/\/schema.org\",\"@graph\":[{\"@type\":\"WebPage\",\"@id\":\"https:\/\/alarm-it-factory.de\/inscription-a-la-newsletter\/\",\"url\":\"https:\/\/alarm-it-factory.de\/inscription-a-la-newsletter\/\",\"name\":\"Inscription \u00e0 la newsletter - Alarm IT Factory\",\"isPartOf\":{\"@id\":\"https:\/\/alarm-it-factory.de\/#website\"},\"datePublished\":\"2021-11-06T12:33:02+00:00\",\"breadcrumb\":{\"@id\":\"https:\/\/alarm-it-factory.de\/inscription-a-la-newsletter\/#breadcrumb\"},\"inLanguage\":\"en-US\",\"potentialAction\":[{\"@type\":\"ReadAction\",\"target\":[\"https:\/\/alarm-it-factory.de\/inscription-a-la-newsletter\/\"]}]},{\"@type\":\"BreadcrumbList\",\"@id\":\"https:\/\/alarm-it-factory.de\/inscription-a-la-newsletter\/#breadcrumb\",\"itemListElement\":[{\"@type\":\"ListItem\",\"position\":1,\"name\":\"Startseite\",\"item\":\"https:\/\/alarm-it-factory.de\/\"},{\"@type\":\"ListItem\",\"position\":2,\"name\":\"Inscription \u00e0 la newsletter\"}]},{\"@type\":\"WebSite\",\"@id\":\"https:\/\/alarm-it-factory.de\/#website\",\"url\":\"https:\/\/alarm-it-factory.de\/\",\"name\":\"Alarm IT Factory\",\"description\":\"Alarmierungssoftware\",\"publisher\":{\"@id\":\"https:\/\/alarm-it-factory.de\/#organization\"},\"potentialAction\":[{\"@type\":\"SearchAction\",\"target\":{\"@type\":\"EntryPoint\",\"urlTemplate\":\"https:\/\/alarm-it-factory.de\/?s={search_term_string}\"},\"query-input\":{\"@type\":\"PropertyValueSpecification\",\"valueRequired\":true,\"valueName\":\"search_term_string\"}}],\"inLanguage\":\"en-US\"},{\"@type\":\"Organization\",\"@id\":\"https:\/\/alarm-it-factory.de\/#organization\",\"name\":\"Alarm IT Factory GmbH\",\"url\":\"https:\/\/alarm-it-factory.de\/\",\"logo\":{\"@type\":\"ImageObject\",\"inLanguage\":\"en-US\",\"@id\":\"https:\/\/alarm-it-factory.de\/#\/schema\/logo\/image\/\",\"url\":\"https:\/\/alarm-it-factory.de\/wp-content\/uploads\/2020\/09\/AIF_logo.png\",\"contentUrl\":\"https:\/\/alarm-it-factory.de\/wp-content\/uploads\/2020\/09\/AIF_logo.png\",\"width\":312,\"height\":52,\"caption\":\"Alarm IT Factory GmbH\"},\"image\":{\"@id\":\"https:\/\/alarm-it-factory.de\/#\/schema\/logo\/image\/\"}}]}<\/script>\n<!-- \/ Yoast SEO plugin. -->","yoast_head_json":{"title":"Inscription \u00e0 la newsletter - Alarm IT Factory","robots":{"index":"index","follow":"follow","max-snippet":"max-snippet:-1","max-image-preview":"max-image-preview:large","max-video-preview":"max-video-preview:-1"},"canonical":"https:\/\/alarm-it-factory.de\/en\/newsletter-subscription-2\/","og_locale":"en_US","og_type":"article","og_title":"Inscription \u00e0 la newsletter - Alarm IT Factory","og_url":"https:\/\/alarm-it-factory.de\/en\/newsletter-subscription-2\/","og_site_name":"Alarm IT Factory","twitter_card":"summary_large_image","twitter_misc":{"Est. reading time":"6 minutes"},"schema":{"@context":"https:\/\/schema.org","@graph":[{"@type":"WebPage","@id":"https:\/\/alarm-it-factory.de\/inscription-a-la-newsletter\/","url":"https:\/\/alarm-it-factory.de\/inscription-a-la-newsletter\/","name":"Inscription \u00e0 la newsletter - Alarm IT Factory","isPartOf":{"@id":"https:\/\/alarm-it-factory.de\/#website"},"datePublished":"2021-11-06T12:33:02+00:00","breadcrumb":{"@id":"https:\/\/alarm-it-factory.de\/inscription-a-la-newsletter\/#breadcrumb"},"inLanguage":"en-US","potentialAction":[{"@type":"ReadAction","target":["https:\/\/alarm-it-factory.de\/inscription-a-la-newsletter\/"]}]},{"@type":"BreadcrumbList","@id":"https:\/\/alarm-it-factory.de\/inscription-a-la-newsletter\/#breadcrumb","itemListElement":[{"@type":"ListItem","position":1,"name":"Startseite","item":"https:\/\/alarm-it-factory.de\/"},{"@type":"ListItem","position":2,"name":"Inscription \u00e0 la newsletter"}]},{"@type":"WebSite","@id":"https:\/\/alarm-it-factory.de\/#website","url":"https:\/\/alarm-it-factory.de\/","name":"Alarm IT Factory","description":"Alerting software","publisher":{"@id":"https:\/\/alarm-it-factory.de\/#organization"},"potentialAction":[{"@type":"SearchAction","target":{"@type":"EntryPoint","urlTemplate":"https:\/\/alarm-it-factory.de\/?s={search_term_string}"},"query-input":{"@type":"PropertyValueSpecification","valueRequired":true,"valueName":"search_term_string"}}],"inLanguage":"en-US"},{"@type":"Organization","@id":"https:\/\/alarm-it-factory.de\/#organization","name":"Alarm IT Factory GmbH","url":"https:\/\/alarm-it-factory.de\/","logo":{"@type":"ImageObject","inLanguage":"en-US","@id":"https:\/\/alarm-it-factory.de\/#\/schema\/logo\/image\/","url":"https:\/\/alarm-it-factory.de\/wp-content\/uploads\/2020\/09\/AIF_logo.png","contentUrl":"https:\/\/alarm-it-factory.de\/wp-content\/uploads\/2020\/09\/AIF_logo.png","width":312,"height":52,"caption":"Alarm IT Factory GmbH"},"image":{"@id":"https:\/\/alarm-it-factory.de\/#\/schema\/logo\/image\/"}}]}},"_links":{"self":[{"href":"https:\/\/alarm-it-factory.de\/en\/wp-json\/wp\/v2\/pages\/21710","targetHints":{"allow":["GET"]}}],"collection":[{"href":"https:\/\/alarm-it-factory.de\/en\/wp-json\/wp\/v2\/pages"}],"about":[{"href":"https:\/\/alarm-it-factory.de\/en\/wp-json\/wp\/v2\/types\/page"}],"author":[{"embeddable":true,"href":"https:\/\/alarm-it-factory.de\/en\/wp-json\/wp\/v2\/users\/1"}],"replies":[{"embeddable":true,"href":"https:\/\/alarm-it-factory.de\/en\/wp-json\/wp\/v2\/comments?post=21710"}],"version-history":[{"count":1,"href":"https:\/\/alarm-it-factory.de\/en\/wp-json\/wp\/v2\/pages\/21710\/revisions"}],"predecessor-version":[{"id":21711,"href":"https:\/\/alarm-it-factory.de\/en\/wp-json\/wp\/v2\/pages\/21710\/revisions\/21711"}],"wp:attachment":[{"href":"https:\/\/alarm-it-factory.de\/en\/wp-json\/wp\/v2\/media?parent=21710"}],"wp:term":[{"taxonomy":"category","embeddable":true,"href":"https:\/\/alarm-it-factory.de\/en\/wp-json\/wp\/v2\/categories?post=21710"},{"taxonomy":"post_tag","embeddable":true,"href":"https:\/\/alarm-it-factory.de\/en\/wp-json\/wp\/v2\/tags?post=21710"}],"curies":[{"name":"wp","href":"https:\/\/api.w.org\/{rel}","templated":true}]}}