{"id":17841,"date":"2018-12-10T07:06:13","date_gmt":"2018-12-10T06:06:13","guid":{"rendered":"https:\/\/enovathemes.com\/samatex\/?page_id=2"},"modified":"2026-03-26T09:13:19","modified_gmt":"2026-03-26T08:13:19","slug":"travaux","status":"publish","type":"page","link":"https:\/\/alarm-it-factory.de\/fr\/die-alarm-it-factory\/jobs\/","title":{"rendered":"Offres d'emploi"},"content":{"rendered":"<div class=\"wpb-content-wrapper\"><div class=\"vc_row wpb_row vc_row-fluid vc_custom_1634659582989 vc_column-gap-24 vc-row-692901\" >\n\t<div class=\"container et-clearfix\">\n\t\t<div class=\"wpb_column vc_column_container vc_col-sm-12 text-align-none\" >\n\t<div class=\"vc_column-inner\" >\n\t\t<div class=\"wpb_wrapper\">\n\t\t\t\n<div class=\"wpb_text_column wpb_content_element\"  data-animation-delay=\"0\">\n\t<div class=\"wpb_wrapper\">\n\t\t<h2 style=\"text-align: center;\">Bienvenue chez Alarm IT Factory<\/h2>\n\t<\/div>\n<\/div>\n\n<span class=\"et-gap et-clearfix et-gap-70441\"><\/span>\n<div class=\"wpb_text_column wpb_content_element\"  data-animation-delay=\"0\">\n\t<div class=\"wpb_wrapper\">\n\t\t<p style=\"text-align: center;\">Nous sommes une entreprise informatique de taille moyenne qui allie perspectives s\u00fbres, produit logiciel innovant et palette de services compl\u00e8te pour les syst\u00e8mes de supervision. Les talents individuels et les comp\u00e9tences de chacun sont les cl\u00e9s de notre succ\u00e8s. Nous travaillons dans un climat de coll\u00e9gialit\u00e9 et de respect..<\/p>\n\t<\/div>\n<\/div>\n\n<span class=\"et-gap et-clearfix et-gap-417388\"><\/span><div class=\"vc_row wpb_row vc_inner vc_row-fluid vc_column-gap-24\"><div class=\"wpb_column vc_column_container vc_col-sm-4\"><div class=\"vc_column-inner\"><div class=\"wpb_wrapper\"><\/div><\/div><\/div><div class=\"kswr-column-settings\" data-minheight=\"0px\" data-isminheight=\"off\" data-theclasses=\"kswr_pnone kswr_mnone kswr_bnone\"><\/div><div class=\"wpb_column vc_column_container vc_col-sm-4\"><div class=\"vc_column-inner\"><div class=\"wpb_wrapper\"><a id=\"et-button-752853\" class=\"et-button icon-position-right modal-false large hover-fill click-none has-icon\" target=\"_self\" href=\"#jobangebote\" data-animation-delay=\"0\" data-parallax=\"false\" data-move=\"false\" data-coordinatex=\"0\" data-coordinatey=\"0\" data-speed=\"10\"><span class=\"hover\"><\/span><span class=\"regular\"><\/span><span class=\"text\">Nos offres d&#039;emploi<\/span><span class=\"icon ien ien-earrow-3\"><\/span><\/a><\/div><\/div><\/div><div class=\"kswr-column-settings\" data-minheight=\"0px\" data-isminheight=\"off\" data-theclasses=\"kswr_pnone kswr_mnone kswr_bnone\"><\/div><div class=\"wpb_column vc_column_container vc_col-sm-4\"><div class=\"vc_column-inner\"><div class=\"wpb_wrapper\"><\/div><\/div><\/div><div class=\"kswr-column-settings\" data-minheight=\"0px\" data-isminheight=\"off\" data-theclasses=\"kswr_pnone kswr_mnone kswr_bnone\"><\/div><\/div><div class=\"kswr-row-element-back kswr-vc-ctn-element\" data-classes=\"kswr_pnone kswr_mnone kswr_bnone\" ><\/div>\t\t<\/div>\n\t\t\t<\/div>\n<\/div><div class=\"kswr-column-settings\" data-minheight=\"0px\" data-isminheight=\"off\" data-theclasses=\"kswr_pnone kswr_mnone kswr_bnone\"><\/div>\t<\/div>\n\t\t<\/div><div class=\"kswr-row-element-back kswr-vc-ctn-element\" data-classes=\"kswr_pnone kswr_mnone kswr_bnone\" ><\/div><div class=\"vc_row wpb_row vc_row-fluid vc_custom_1741771046679 vc_row-has-fill vc_column-gap-24 vc-row-656461\" >\n\t<div class=\"container et-clearfix\">\n\t\t<div class=\"wpb_column vc_column_container vc_col-sm-8 text-align-none\" >\n\t<div class=\"vc_column-inner\" >\n\t\t<div class=\"wpb_wrapper\">\n\t\t\t\n<div class=\"wpb_text_column wpb_content_element\"  data-animation-delay=\"0\">\n\t<div class=\"wpb_wrapper\">\n\t\t<h2 style=\"text-align: left;\">Rejoignez-nous\u00a0: ensemble, faisons bouger les choses<\/h2>\n\t<\/div>\n<\/div>\n\n<div class=\"et-separator et-clearfix animate-false solid left horizontal et-separator-77061\" data-delay=\"\"><div class=\"line\"><\/div><\/div><span class=\"et-gap et-clearfix et-gap-186170\"><\/span>\n<div class=\"wpb_text_column wpb_content_element\"  data-animation-delay=\"0\">\n\t<div class=\"wpb_wrapper\">\n\t\t<h3 style=\"text-align: left;\"><span style=\"color: #000;\">Vous \u00eates \u00e0 la recherche d&#039;un emploi offrant un bon \u00e9quilibre entre vie professionnelle et vie priv\u00e9e \u00e0 Stuttgart \u2013 en <\/span><span style=\"color: #000;\">\u00c0 temps plein ou \u00e0 temps partiel ?\u00a0<\/span><\/h3>\n\t<\/div>\n<\/div>\n\n<span class=\"et-gap et-clearfix et-gap-246555\"><\/span>\n<div class=\"wpb_text_column wpb_content_element\"  data-animation-delay=\"0\">\n\t<div class=\"wpb_wrapper\">\n\t\t<p>Notre offre\u00a0:<\/p>\n\t<\/div>\n<\/div>\n\n<span class=\"et-gap et-clearfix et-gap-186170\"><\/span>\n<div class=\"wpb_text_column wpb_content_element\"  data-animation-delay=\"0\">\n\t<div class=\"wpb_wrapper\">\n\t\t<ul>\n<li>Un lieu de travail dans un espace de bureau spacieux au c\u0153ur de Stuttgart et, en m\u00eame temps, la possibilit\u00e9 de travailler depuis un bureau mobile<\/li>\n<li>Des horaires de travail flexibles et adapt\u00e9s \u00e0 la famille<\/li>\n<li>Un jour de vacances suppl\u00e9mentaire apr\u00e8s chaque 5 ans de service<\/li>\n<li>Jusqu&#039;\u00e0 28 jours calendaires de travail par an dans d&#039;autres pays europ\u00e9ens<\/li>\n<li>Arbeitszeitverk\u00fcrzung auf 35h\/Woche<\/li>\n<li>Possibilit\u00e9s de formation diverses et individuelles<\/li>\n<\/ul>\n\t<\/div>\n<\/div>\n\n\t\t<\/div>\n\t\t\t<\/div>\n<\/div><div class=\"kswr-column-settings\" data-minheight=\"0px\" data-isminheight=\"off\" data-theclasses=\"kswr_pnone kswr_mnone kswr_bnone\"><\/div><div class=\"wpb_column vc_column_container vc_col-sm-4 text-align-none vc-column-794179\" >\n\t<div class=\"vc_column-inner vc_custom_1741771011560\" >\n\t\t<div class=\"wpb_wrapper\">\n\t\t\t\n<div class=\"wpb_text_column wpb_content_element\"  data-animation-delay=\"0\">\n\t<div class=\"wpb_wrapper\">\n\t\t<p><img loading=\"lazy\" decoding=\"async\" class=\"alignnone wp-image-24147\" src=\"https:\/\/alarm-it-factory.de\/wp-content\/uploads\/2025\/03\/Haende_cropped-Kreis-e1741769909902-300x300.png\" alt=\"Mains jointes AIF Job\" width=\"432\" height=\"432\" \/><\/p>\n\t<\/div>\n<\/div>\n\n\t\t<\/div>\n\t\t\t<\/div>\n<\/div><div class=\"kswr-column-settings\" data-minheight=\"0px\" data-isminheight=\"off\" data-theclasses=\"kswr_pnone kswr_mnone kswr_bnone\"><\/div>\t<\/div>\n\t\t<\/div><div class=\"kswr-row-element-back kswr-vc-ctn-element\" data-classes=\"kswr_pnone kswr_mnone kswr_bnone\" ><\/div><div class=\"vc_row wpb_row vc_row-fluid vc_custom_1634659665544 vc_column-gap-24 vc-row-823829\" >\n\t<div class=\"container et-clearfix\">\n\t\t<div class=\"wpb_column vc_column_container vc_col-sm-3 text-align-none\" >\n\t<div class=\"vc_column-inner\" >\n\t\t<div class=\"wpb_wrapper\">\n\t\t\t\n<div class=\"wpb_text_column wpb_content_element\"  data-animation-delay=\"0\">\n\t<div class=\"wpb_wrapper\">\n\t\t<p><a href=\"https:\/\/www.kununu.com\/de\/alarm-it-factory2\" target=\"_blank\" rel=\"noopener\"><img loading=\"lazy\" decoding=\"async\" class=\"alignnone wp-image-24938 size-medium\" src=\"https:\/\/alarm-it-factory.de\/wp-content\/uploads\/2020\/09\/kununu_TopCompanyBadge_2026_RGB_wFrame-228x300.png\" alt=\"Kununu, Alarm IT Factory, Meilleure entreprise 2026\" width=\"228\" height=\"300\" \/><\/a><\/p>\n\t<\/div>\n<\/div>\n\n\t\t<\/div>\n\t\t\t<\/div>\n<\/div><div class=\"kswr-column-settings\" data-minheight=\"0px\" data-isminheight=\"off\" data-theclasses=\"kswr_pnone kswr_mnone kswr_bnone\"><\/div><div class=\"wpb_column vc_column_container vc_col-sm-9 text-align-none\" >\n\t<div class=\"vc_column-inner\" >\n\t\t<div class=\"wpb_wrapper\">\n\t\t\t<span class=\"et-gap et-clearfix et-gap-930858\"><\/span>\n<div class=\"wpb_text_column wpb_content_element\"  data-animation-delay=\"0\">\n\t<div class=\"wpb_wrapper\">\n\t\t<p>Voulez-vous faire partie de notre \u00e9quipe? Alors commencez avec nous maintenant!<\/p>\n\t<\/div>\n<\/div>\n\n\n<div class=\"wpb_text_column wpb_content_element\"  data-animation-delay=\"0\">\n\t<div class=\"wpb_wrapper\">\n\t\t<p>Envoyez vos documents de candidature informatifs - de pr\u00e9f\u00e9rence en utilisant le formulaire de contact que vous trouverez sur chaque page d&#039;emploi, en <a href=\"mailto:bewerbung@alarm-it-factory.de\">E-mail<\/a> ou appelez-nous.<\/p>\n<p>Votre personne de contact est Verena Ge\u00dfler : +49 711 62 007 69 20.<\/p>\n\t<\/div>\n<\/div>\n\n<span class=\"et-gap et-clearfix et-gap-417388\"><\/span>\n<div class=\"wpb_text_column wpb_content_element\"  data-animation-delay=\"0\">\n\t<div class=\"wpb_wrapper\">\n\t\t<p>Rendez nous visite \u00a0 <a href=\"https:\/\/www.kununu.com\/de\/alarm-it-factory\" target=\"_blank\" rel=\"noopener\"><img loading=\"lazy\" decoding=\"async\" class=\"alignnone wp-image-20785\" src=\"https:\/\/alarm-it-factory.de\/wp-content\/uploads\/2021\/09\/logo_kununu_clean_pos-300x69.png\" alt=\"\" width=\"122\" height=\"28\" \/><\/a><\/p>\n\t<\/div>\n<\/div>\n\n<span class=\"et-gap et-clearfix et-gap-34576\"><\/span><span class=\"et-gap et-clearfix et-gap-34576\"><\/span>\t\t<\/div>\n\t\t\t<\/div>\n<\/div><div class=\"kswr-column-settings\" data-minheight=\"0px\" data-isminheight=\"off\" data-theclasses=\"kswr_pnone kswr_mnone kswr_bnone\"><\/div>\t<\/div>\n\t\t<\/div><div class=\"kswr-row-element-back kswr-vc-ctn-element\" data-classes=\"kswr_pnone kswr_mnone kswr_bnone\" ><\/div><div id=\"jobangebote\" class=\"vc_row wpb_row vc_row-fluid vc_custom_1774512335366 vc_row-has-fill vc_column-gap-24 vc-row-616245\" >\n\t<div class=\"container et-clearfix\">\n\t\t<div class=\"wpb_column vc_column_container vc_col-sm-12 text-align-none\" >\n\t<div class=\"vc_column-inner\" >\n\t\t<div class=\"wpb_wrapper\">\n\t\t\t\n<div class=\"wpb_text_column wpb_content_element\"  data-animation-delay=\"0\">\n\t<div class=\"wpb_wrapper\">\n\t\t<h2 style=\"text-align: left;\"><span style=\"color: #3288ce;\">Nos offres d&#039;emploi<\/span><\/h2>\n\t<\/div>\n<\/div>\n\n<span class=\"et-gap et-clearfix et-gap-7728\"><\/span><div id=\"et-icon-box-container-940198\" class=\"column-2 et-icon-box-container et-item-set effect-moveUp animation-type-sequential shadow top\"><div id=\"et-icon-box-729250\" class=\"link et-icon-box et-item icon-position-top icon-alignment-left hover-transform\" data-parallax=\"false\" data-move=\"false\" data-coordinatex=\"0\" data-coordinatey=\"0\" data-speed=\"10\"><div class=\"et-icon-box-inner et-item-inner et-clearfix\"><a href=\"\/fr\/lalarme-en-usine\/travaux\/support-informatique-employe-support-client-informatique-mwd\/\"><div class=\"et-icon-content et-clearfix\"><p class=\"et-icon-box-content\"><img loading=\"lazy\" decoding=\"async\" class=\"alignnone wp-image-22778 size-full\" src=\"https:\/\/alarm-it-factory.de\/wp-content\/uploads\/2023\/03\/Vertriebsmitarbeiter-720x481-1.jpg\" alt=\"Emploi, Alarme IT Factory, Support\" width=\"720\" height=\"481\" \/><\/p>\n<p><span style=\"font-weight: 600;\">IT-Support Mitarbeiter \/ IT Customer Support (m\/w\/d) &#8211; <em>temporaire<\/em><br \/>\n<\/span><\/p>\n<p><span style=\"font-weight: 300;\">Du hast Spa\u00df daran, IT-Probleme zu l\u00f6sen und Kunden zu unterst\u00fctzen? Dann werde Teil unseres Support-Teams. Die Stelle ist zun\u00e4chst auf 12 Monate befristet mit der Option auf Verl\u00e4ngerung bzw. \u00dcbernahme.<\/span><\/p><\/div><\/a><\/div><\/div><\/div>\t\t<\/div>\n\t\t\t<\/div>\n<\/div><div class=\"kswr-column-settings\" data-minheight=\"0px\" data-isminheight=\"off\" data-theclasses=\"kswr_pnone kswr_mnone kswr_bnone\"><\/div>\t<\/div>\n\t\t<\/div><div class=\"kswr-row-element-back kswr-vc-ctn-element\" data-classes=\"kswr_pnone kswr_mnone kswr_bnone\" ><\/div><div class=\"kswr-row-element-back kswr-vc-ctn-element\" data-classes=\"kswr_pnone kswr_mnone kswr_bnone\" ><\/div>\n<\/div>","protected":false},"excerpt":{"rendered":"Willkommen bei der Alarm IT Factory Wir sind ein mittelst\u00e4ndisches IT-Unternehmen mit gesicherten Perspektiven, einem innovativen Softwareprodukt und umfassenden Services im Bereich Leittechnik. Wichtig fu\u0308r unseren Erfolg sind individuelle Talente und die F\u00e4higkeiten eines jeden Einzelnen. Unsere Arbeitsatmosph\u00e4re ist gepr\u00e4gt von Kollegialit\u00e4t und Respekt. Unsere Jobangebote Bewerben und gemeinsam etwas bewegen Suchst Du einen Job [...]","protected":false},"author":1,"featured_media":23721,"parent":8096,"menu_order":0,"comment_status":"closed","ping_status":"closed","template":"page-vc.php","meta":{"inline_featured_image":false,"footnotes":""},"categories":[],"tags":[],"class_list":["post-17841","page","type-page","status-publish","has-post-thumbnail","hentry"],"yoast_head":"<!-- This site is optimized with the Yoast SEO plugin v27.2 - https:\/\/yoast.com\/product\/yoast-seo-wordpress\/ -->\n<title>Freie Jobs bei Alarm IT Factory in Stuttgart<\/title>\n<meta name=\"description\" content=\"Wir suchen Unterst\u00fctzung: Wir bieten spannende Jobs im IT-Umfeld - mit netten Kolleg:innen. Remote und vor Ort, in Voll- oder Teilzeit.\" \/>\n<meta name=\"robots\" content=\"index, follow, max-snippet:-1, max-image-preview:large, max-video-preview:-1\" \/>\n<link rel=\"canonical\" href=\"https:\/\/alarm-it-factory.de\/fr\/lalarme-en-usine\/travaux\/\" \/>\n<meta property=\"og:locale\" content=\"fr_FR\" \/>\n<meta property=\"og:type\" content=\"article\" \/>\n<meta property=\"og:title\" content=\"IT Jobs bei der Alarm IT Factory GmbH\" \/>\n<meta property=\"og:description\" content=\"Wir suchen tatkr\u00e4ftige Unterst\u00fctzung: Wir bieten spannende Jobs im IT-Umfeld - mit netten Kolleg:innen. Remote und vor Ort, in Voll- oder Teilzeit.\" \/>\n<meta property=\"og:url\" content=\"https:\/\/alarm-it-factory.de\/fr\/lalarme-en-usine\/travaux\/\" \/>\n<meta property=\"og:site_name\" content=\"Alarm IT Factory\" \/>\n<meta property=\"article:modified_time\" content=\"2026-03-26T08:13:19+00:00\" \/>\n<meta property=\"og:image\" content=\"https:\/\/alarm-it-factory.de\/wp-content\/uploads\/2020\/09\/kununu_TopCompanyBadge_2026_RGB_wFrame.png\" \/>\n\t<meta property=\"og:image:width\" content=\"600\" \/>\n\t<meta property=\"og:image:height\" content=\"791\" \/>\n\t<meta property=\"og:image:type\" content=\"image\/png\" \/>\n<meta name=\"twitter:card\" content=\"summary_large_image\" \/>\n<meta name=\"twitter:title\" content=\"IT Jobs bei der Alarm IT Factory GmbH\" \/>\n<meta name=\"twitter:description\" content=\"Wir suchen tatkr\u00e4ftige Unterst\u00fctzung: Wir bieten spannende Jobs im IT-Umfeld - mit netten Kolleg:innen. Remote und vor Ort, in Voll- oder Teilzeit.\" \/>\n<meta name=\"twitter:image\" content=\"https:\/\/alarm-it-factory.de\/wp-content\/uploads\/2020\/09\/kununu_TopCompanyBadge_2026_CMYK-scaled.jpg\" \/>\n<meta name=\"twitter:label1\" content=\"Dur\u00e9e de lecture estim\u00e9e\" \/>\n\t<meta name=\"twitter:data1\" content=\"5 minutes\" \/>\n<script type=\"application\/ld+json\" class=\"yoast-schema-graph\">{\"@context\":\"https:\/\/schema.org\",\"@graph\":[{\"@type\":\"WebPage\",\"@id\":\"https:\/\/alarm-it-factory.de\/die-alarm-it-factory\/jobs\/\",\"url\":\"https:\/\/alarm-it-factory.de\/die-alarm-it-factory\/jobs\/\",\"name\":\"Freie Jobs bei Alarm IT Factory in Stuttgart\",\"isPartOf\":{\"@id\":\"https:\/\/alarm-it-factory.de\/#website\"},\"primaryImageOfPage\":{\"@id\":\"https:\/\/alarm-it-factory.de\/die-alarm-it-factory\/jobs\/#primaryimage\"},\"image\":{\"@id\":\"https:\/\/alarm-it-factory.de\/die-alarm-it-factory\/jobs\/#primaryimage\"},\"thumbnailUrl\":\"https:\/\/alarm-it-factory.de\/wp-content\/uploads\/2024\/05\/Job_App-Entwickler-720x481-1-e1736502960526.jpg\",\"datePublished\":\"2018-12-10T06:06:13+00:00\",\"dateModified\":\"2026-03-26T08:13:19+00:00\",\"description\":\"Wir suchen Unterst\u00fctzung: Wir bieten spannende Jobs im IT-Umfeld - mit netten Kolleg:innen. Remote und vor Ort, in Voll- oder Teilzeit.\",\"breadcrumb\":{\"@id\":\"https:\/\/alarm-it-factory.de\/die-alarm-it-factory\/jobs\/#breadcrumb\"},\"inLanguage\":\"fr-FR\",\"potentialAction\":[{\"@type\":\"ReadAction\",\"target\":[\"https:\/\/alarm-it-factory.de\/die-alarm-it-factory\/jobs\/\"]}]},{\"@type\":\"ImageObject\",\"inLanguage\":\"fr-FR\",\"@id\":\"https:\/\/alarm-it-factory.de\/die-alarm-it-factory\/jobs\/#primaryimage\",\"url\":\"https:\/\/alarm-it-factory.de\/wp-content\/uploads\/2024\/05\/Job_App-Entwickler-720x481-1-e1736502960526.jpg\",\"contentUrl\":\"https:\/\/alarm-it-factory.de\/wp-content\/uploads\/2024\/05\/Job_App-Entwickler-720x481-1-e1736502960526.jpg\",\"width\":720,\"height\":480,\"caption\":\"Technical Account Manager, Job, Alarm IT Factory\"},{\"@type\":\"BreadcrumbList\",\"@id\":\"https:\/\/alarm-it-factory.de\/die-alarm-it-factory\/jobs\/#breadcrumb\",\"itemListElement\":[{\"@type\":\"ListItem\",\"position\":1,\"name\":\"Startseite\",\"item\":\"https:\/\/alarm-it-factory.de\/\"},{\"@type\":\"ListItem\",\"position\":2,\"name\":\"Die Alarm IT Factory\",\"item\":\"https:\/\/alarm-it-factory.de\/die-alarm-it-factory\/\"},{\"@type\":\"ListItem\",\"position\":3,\"name\":\"Jobs\"}]},{\"@type\":\"WebSite\",\"@id\":\"https:\/\/alarm-it-factory.de\/#website\",\"url\":\"https:\/\/alarm-it-factory.de\/\",\"name\":\"Alarm IT Factory\",\"description\":\"Alarmierungssoftware\",\"publisher\":{\"@id\":\"https:\/\/alarm-it-factory.de\/#organization\"},\"potentialAction\":[{\"@type\":\"SearchAction\",\"target\":{\"@type\":\"EntryPoint\",\"urlTemplate\":\"https:\/\/alarm-it-factory.de\/?s={search_term_string}\"},\"query-input\":{\"@type\":\"PropertyValueSpecification\",\"valueRequired\":true,\"valueName\":\"search_term_string\"}}],\"inLanguage\":\"fr-FR\"},{\"@type\":\"Organization\",\"@id\":\"https:\/\/alarm-it-factory.de\/#organization\",\"name\":\"Alarm IT Factory GmbH\",\"url\":\"https:\/\/alarm-it-factory.de\/\",\"logo\":{\"@type\":\"ImageObject\",\"inLanguage\":\"fr-FR\",\"@id\":\"https:\/\/alarm-it-factory.de\/#\/schema\/logo\/image\/\",\"url\":\"https:\/\/alarm-it-factory.de\/wp-content\/uploads\/2020\/09\/AIF_logo.png\",\"contentUrl\":\"https:\/\/alarm-it-factory.de\/wp-content\/uploads\/2020\/09\/AIF_logo.png\",\"width\":312,\"height\":52,\"caption\":\"Alarm IT Factory GmbH\"},\"image\":{\"@id\":\"https:\/\/alarm-it-factory.de\/#\/schema\/logo\/image\/\"}}]}<\/script>\n<!-- \/ Yoast SEO plugin. -->","yoast_head_json":{"title":"Postes vacants chez Alarm IT Factory \u00e0 Stuttgart","description":"Nous recherchons du soutien : Nous proposons des emplois passionnants dans l&#039;environnement informatique - avec des coll\u00e8gues sympathiques. \u00c0 distance et sur place, \u00e0 temps plein ou \u00e0 temps partiel.","robots":{"index":"index","follow":"follow","max-snippet":"max-snippet:-1","max-image-preview":"max-image-preview:large","max-video-preview":"max-video-preview:-1"},"canonical":"https:\/\/alarm-it-factory.de\/fr\/lalarme-en-usine\/travaux\/","og_locale":"fr_FR","og_type":"article","og_title":"IT Jobs bei der Alarm IT Factory GmbH","og_description":"Wir suchen tatkr\u00e4ftige Unterst\u00fctzung: Wir bieten spannende Jobs im IT-Umfeld - mit netten Kolleg:innen. Remote und vor Ort, in Voll- oder Teilzeit.","og_url":"https:\/\/alarm-it-factory.de\/fr\/lalarme-en-usine\/travaux\/","og_site_name":"Alarm IT Factory","article_modified_time":"2026-03-26T08:13:19+00:00","og_image":[{"width":600,"height":791,"url":"https:\/\/alarm-it-factory.de\/wp-content\/uploads\/2020\/09\/kununu_TopCompanyBadge_2026_RGB_wFrame.png","type":"image\/png"}],"twitter_card":"summary_large_image","twitter_title":"IT Jobs bei der Alarm IT Factory GmbH","twitter_description":"Wir suchen tatkr\u00e4ftige Unterst\u00fctzung: Wir bieten spannende Jobs im IT-Umfeld - mit netten Kolleg:innen. Remote und vor Ort, in Voll- oder Teilzeit.","twitter_image":"https:\/\/alarm-it-factory.de\/wp-content\/uploads\/2020\/09\/kununu_TopCompanyBadge_2026_CMYK-scaled.jpg","twitter_misc":{"Dur\u00e9e de lecture estim\u00e9e":"5 minutes"},"schema":{"@context":"https:\/\/schema.org","@graph":[{"@type":"WebPage","@id":"https:\/\/alarm-it-factory.de\/die-alarm-it-factory\/jobs\/","url":"https:\/\/alarm-it-factory.de\/die-alarm-it-factory\/jobs\/","name":"Postes vacants chez Alarm IT Factory \u00e0 Stuttgart","isPartOf":{"@id":"https:\/\/alarm-it-factory.de\/#website"},"primaryImageOfPage":{"@id":"https:\/\/alarm-it-factory.de\/die-alarm-it-factory\/jobs\/#primaryimage"},"image":{"@id":"https:\/\/alarm-it-factory.de\/die-alarm-it-factory\/jobs\/#primaryimage"},"thumbnailUrl":"https:\/\/alarm-it-factory.de\/wp-content\/uploads\/2024\/05\/Job_App-Entwickler-720x481-1-e1736502960526.jpg","datePublished":"2018-12-10T06:06:13+00:00","dateModified":"2026-03-26T08:13:19+00:00","description":"Nous recherchons du soutien : Nous proposons des emplois passionnants dans l&#039;environnement informatique - avec des coll\u00e8gues sympathiques. \u00c0 distance et sur place, \u00e0 temps plein ou \u00e0 temps partiel.","breadcrumb":{"@id":"https:\/\/alarm-it-factory.de\/die-alarm-it-factory\/jobs\/#breadcrumb"},"inLanguage":"fr-FR","potentialAction":[{"@type":"ReadAction","target":["https:\/\/alarm-it-factory.de\/die-alarm-it-factory\/jobs\/"]}]},{"@type":"ImageObject","inLanguage":"fr-FR","@id":"https:\/\/alarm-it-factory.de\/die-alarm-it-factory\/jobs\/#primaryimage","url":"https:\/\/alarm-it-factory.de\/wp-content\/uploads\/2024\/05\/Job_App-Entwickler-720x481-1-e1736502960526.jpg","contentUrl":"https:\/\/alarm-it-factory.de\/wp-content\/uploads\/2024\/05\/Job_App-Entwickler-720x481-1-e1736502960526.jpg","width":720,"height":480,"caption":"Technical Account Manager, Job, Alarm IT Factory"},{"@type":"BreadcrumbList","@id":"https:\/\/alarm-it-factory.de\/die-alarm-it-factory\/jobs\/#breadcrumb","itemListElement":[{"@type":"ListItem","position":1,"name":"Startseite","item":"https:\/\/alarm-it-factory.de\/"},{"@type":"ListItem","position":2,"name":"Die Alarm IT Factory","item":"https:\/\/alarm-it-factory.de\/die-alarm-it-factory\/"},{"@type":"ListItem","position":3,"name":"Jobs"}]},{"@type":"WebSite","@id":"https:\/\/alarm-it-factory.de\/#website","url":"https:\/\/alarm-it-factory.de\/","name":"l'Alarme IT Factory","description":"Alarmierungssoftware","publisher":{"@id":"https:\/\/alarm-it-factory.de\/#organization"},"potentialAction":[{"@type":"SearchAction","target":{"@type":"EntryPoint","urlTemplate":"https:\/\/alarm-it-factory.de\/?s={search_term_string}"},"query-input":{"@type":"PropertyValueSpecification","valueRequired":true,"valueName":"search_term_string"}}],"inLanguage":"fr-FR"},{"@type":"Organization","@id":"https:\/\/alarm-it-factory.de\/#organization","name":"Alarm IT Factory GmbH","url":"https:\/\/alarm-it-factory.de\/","logo":{"@type":"ImageObject","inLanguage":"fr-FR","@id":"https:\/\/alarm-it-factory.de\/#\/schema\/logo\/image\/","url":"https:\/\/alarm-it-factory.de\/wp-content\/uploads\/2020\/09\/AIF_logo.png","contentUrl":"https:\/\/alarm-it-factory.de\/wp-content\/uploads\/2020\/09\/AIF_logo.png","width":312,"height":52,"caption":"Alarm IT Factory GmbH"},"image":{"@id":"https:\/\/alarm-it-factory.de\/#\/schema\/logo\/image\/"}}]}},"_links":{"self":[{"href":"https:\/\/alarm-it-factory.de\/fr\/wp-json\/wp\/v2\/pages\/17841","targetHints":{"allow":["GET"]}}],"collection":[{"href":"https:\/\/alarm-it-factory.de\/fr\/wp-json\/wp\/v2\/pages"}],"about":[{"href":"https:\/\/alarm-it-factory.de\/fr\/wp-json\/wp\/v2\/types\/page"}],"author":[{"embeddable":true,"href":"https:\/\/alarm-it-factory.de\/fr\/wp-json\/wp\/v2\/users\/1"}],"replies":[{"embeddable":true,"href":"https:\/\/alarm-it-factory.de\/fr\/wp-json\/wp\/v2\/comments?post=17841"}],"version-history":[{"count":11,"href":"https:\/\/alarm-it-factory.de\/fr\/wp-json\/wp\/v2\/pages\/17841\/revisions"}],"predecessor-version":[{"id":25108,"href":"https:\/\/alarm-it-factory.de\/fr\/wp-json\/wp\/v2\/pages\/17841\/revisions\/25108"}],"up":[{"embeddable":true,"href":"https:\/\/alarm-it-factory.de\/fr\/wp-json\/wp\/v2\/pages\/8096"}],"wp:featuredmedia":[{"embeddable":true,"href":"https:\/\/alarm-it-factory.de\/fr\/wp-json\/wp\/v2\/media\/23721"}],"wp:attachment":[{"href":"https:\/\/alarm-it-factory.de\/fr\/wp-json\/wp\/v2\/media?parent=17841"}],"wp:term":[{"taxonomy":"category","embeddable":true,"href":"https:\/\/alarm-it-factory.de\/fr\/wp-json\/wp\/v2\/categories?post=17841"},{"taxonomy":"post_tag","embeddable":true,"href":"https:\/\/alarm-it-factory.de\/fr\/wp-json\/wp\/v2\/tags?post=17841"}],"curies":[{"name":"wp","href":"https:\/\/api.w.org\/{rel}","templated":true}]}}