{"id":20523,"date":"2021-08-25T20:41:00","date_gmt":"2021-08-25T18:41:00","guid":{"rendered":"https:\/\/alarm-it-factory.de\/?page_id=20523"},"modified":"2026-01-29T10:01:25","modified_gmt":"2026-01-29T09:01:25","slug":"inscription-a-la-newsletter-2","status":"publish","type":"page","link":"https:\/\/alarm-it-factory.de\/fr\/newsletter-anmeldung\/","title":{"rendered":"Inscription \u00e0 la newsletter"},"content":{"rendered":"<div class=\"wpb-content-wrapper\"><div class=\"vc_row wpb_row vc_row-fluid vc-row-190032\" >\n\t<div class=\"container et-clearfix\">\n\t\t<div class=\"wpb_column vc_column_container vc_col-sm-12 text-align-none\" >\n\t<div class=\"vc_column-inner\" >\n\t\t<div class=\"wpb_wrapper\">\n\t\t\t\n\t<div class=\"wpb_raw_code wpb_content_element wpb_raw_html\" >\n\t\t<div class=\"wpb_wrapper\">\n\t\t\t<style>\n.cr_site{margin:0;padding:75px 0 0 0;text-align:center;background-color:#eeeeee;}\n.cr_font{font-size: 14px;font-family: Arial;}\n.cr_body h2, .cr_header h2{font-size:22px;line-height:28px;margin:0 0 10px 0;}\n.cr_body h1, .cr_header h2{font-size:28px;margin-bottom:15px;padding:0;margin-top:0;}\n.wrapper, .cr_page{margin:0 auto 10px auto;text-align:left;border-radius:4px;}\n.cr_header{text-align:center;background: transparent !Important;}\n.cr_body label{float:none;clear:both;display:block;width:auto;margin-top:8px;text-align:left;font-weight:bold;position:relative;}\n.cr_button{display:inline-block;font-family:'Helvetica', Arial, sans-serif;width:auto;white-space:nowrap;height:32px;margin:5px 5px 0 0;padding:0 22px;text-decoration:none;text-align:center;font-weight:bold;font-style:normal;font-size:15px;line-height:32px;cursor:pointer;border:0;-moz-border-radius:4px;border-radius:4px;-webkit-border-radius:4px;vertical-align:top;}\n.cr_button{background-color:#333;color:#ffffff;}\n.cr_button:hover,.cr_button-small:hover{opacity:0.7;filter:alpha(opacity=70);}\n.powered{padding:20px 0;width:560px;margin:0 auto;}\n.formbox{line-height:150%;font-family:Helvetica;font-size:12px;color:#333333;padding:0px;background-color:#ffffff;border-radius: 6px 6px 6px 6px;}\n.cr_ipe_item label{line-height:150%;font-size:14px;}\n.cr_ipe_item textarea {background: none repeat scroll 0 0 #eeeeee;border: 1px solid #aaa;font-family: Helvetica;font-size: 16px;}\n.cr_ipe_item input {background: none repeat scroll 0 0 #eeeeee;border: 1px solid #aaa;padding: 5px;font-family: Helvetica;font-size: 16px;}\n.cr_ipe_item select {background: none repeat scroll 0 0 #eeeeee;border: 1px solid #aaa;display: block;margin: 0;padding: 5px;width: 100%;font-family: Helvetica;font-size: 16px;}\n.cr_ipe_item input.cr_ipe_radio, input.cr_ipe_checkbox {-moz-binding: none;-moz-box-sizing: border-box;background-color: -moz-field !important;border: 2px inset threedface !important;color: -moz-fieldtext !important;cursor: default;height: 13px;padding: 0 !important;width: 13px;}\n.cr_ipe_item input.cr_ipe_radio{-moz-appearance: radio;border-radius: 100% 100% 100% 100% !important;margin: 3px 3px 0 5px;}\n.submit_container{text-align:center}\n.cr_ipe_item{ padding:0px; margin:0px; }\n.cr_ipe_item.inactive {display:none;}\n.imprint{font-size:0.8em;}\n.cr_captcha{padding-left:130px;}\n.cr_error{font-size:1.1em;padding:10px;}\n.clever_form_error{background-color:#f99; color:#000; border:1px solid #f22 !important}\n.clever_form_note {margin:26px 0 0 3px;position:absolute;display:inline; padding: 2px 4px; font-weight:bold;background-color:#f2ecb5; color:#000; font-size:12px !important;  }\n.cr_site {background-color:#eee;}\n.cr_header {color:#000000;}\n.cr_body {background-color:#ffffff;font-size:12px;color:#000000;}\n.cr_hr {background-color:#ccc;}\n.cr_site a {color:#0084ff;}\n.imprint{color:#000;}\n\n<\/style>\n\n\n<style id=\"style\">\n.cr_site {background-color:#ffffff;}\n.cr_header {color:#3288ce;}\n.cr_body {background-color:#ffffff;font-size:12px;color:#000000;}\n.cr_hr {background-color:#ccc;}\n.cr_site a {color:#0084ff;}\n.imprint {color:#000;}\n.cr_page {width:100%;max-width:auto;}\n.cr_button {background-color:#3288ce;}\n\n<\/style>\n\n\n\n<form class=\"layout_form cr_form cr_font\" action=\"https:\/\/mail.alarm-it-factory.de\/f\/263496-417182\/wcs\/\" method=\"post\" target=\"_blank\">\n\t<div class=\"cr_body cr_page cr_font formbox\">\n\t\t<div class=\"non_sortable\" style=\"text-align:left;\">\n\t\t\t\n\t\t<\/div>\n\t\t\n\t\t<div class=\"editable_content\" style=\"text-align:left;\">\n\t\t<div id=\"9509229\" rel=\"mce_text\" class=\"cr_ipe_item ui-sortable\">\n<div class=\"mce_text\"><p><span style=\"font-size: medium;\" mce_style=\"font-size: medium;\"><span style=\"color: #000000;\" mce_style=\"color: #000000;\">Yes, I would like to receive the Alarm IT Factory newsletter: <\/span><\/span><\/p><\/div>\n<\/div><div id=\"9509243\" rel=\"radio\" class=\"cr_ipe_item ui-sortable\" style=\" margin-bottom:0px;\">\n<label class=\"itemname\">Salutation<\/label>\n<div style=\"overflow:auto;\">\n\n<input id=\"Ms\/Mrs9509243\" class=\"cr_ipe_radio\" name=\"1137745\" type=\"radio\" value=\"Ms\/Mrs\"  \/>Ms\/Mrs&nbsp;\n\n<input id=\"Mr9509243\" class=\"cr_ipe_radio\" name=\"1137745\" type=\"radio\" value=\"Mr\"  \/>Mr&nbsp;\n\n<input id=\"Mx9509243\" class=\"cr_ipe_radio\" name=\"1137745\" type=\"radio\" value=\"Mx\"  \/>Mx&nbsp;\n\n<\/div>\n<\/div><div id=\"9509245\" rel=\"text\" class=\"cr_ipe_item ui-sortable musthave\" style=\" margin-bottom:0px;\">\n<label for=\"text9509245\" class=\"itemname\">First Name*<\/label> <input id=\"text9509245\" name=\"1137747\" type=\"text\" value=\"\" style=\"width:100%;\" \/>\n<\/div><div id=\"9509247\" rel=\"text\" class=\"cr_ipe_item ui-sortable musthave\" style=\" margin-bottom:0px;\">\n<label for=\"text9509247\" class=\"itemname\">Surname*<\/label> <input id=\"text9509247\" name=\"1137748\" type=\"text\" value=\"\" style=\"width:100%;\" \/>\n<\/div><div id=\"9509248\" rel=\"text\" class=\"cr_ipe_item ui-sortable\" style=\" margin-bottom:0px;\">\n<label for=\"text9509248\" class=\"itemname\">Company<\/label> <input id=\"text9509248\" name=\"1137752\" type=\"text\" value=\"\" style=\"width:100%;\" \/>\n<\/div><div id=\"9509249\" rel=\"email\" class=\"cr_ipe_item ui-sortable musthave\" style=\"margin-bottom:px;\">\n<label for=\"text9509249\" class=\"itemname\">Email*<\/label> <input id=\"text9509249\" name=\"email\" value=\"\" type=\"text\" style=\"width:100%;\" \/>\n<\/div><div id=\"9509250\" rel=\"text\" class=\"cr_ipe_item ui-sortable\" style=\" margin-bottom:0px;\">\n<label for=\"text9509250\" class=\"itemname\">Phone (for sales-related contact)<\/label> <input id=\"text9509250\" name=\"1179799\" type=\"text\" value=\"+1\" style=\"width:100%;\" \/>\n<\/div><div id=\"9509251\" rel=\"radio\" class=\"cr_ipe_item ui-sortable musthave\" style=\" margin-bottom:0px;\">\n<label class=\"itemname\">Language of newsletter*<\/label>\n<div style=\"overflow:auto;\">\n\n<input id=\"English9509251\" class=\"cr_ipe_radio\" name=\"1137759\" type=\"radio\" value=\"English\" selected checked \/>English&nbsp;\n\n<input id=\"German9509251\" class=\"cr_ipe_radio\" name=\"1137759\" type=\"radio\" value=\"German\"  \/>German&nbsp;\n\n<\/div>\n<\/div><div id=\"9509252\" rel=\"button\" class=\"cr_ipe_item ui-sortable submit_container\" style=\"text-align:center; margin-bottom:px;\">\n<button type=\"submit\" class=\"cr_button\">Subscribe<\/button>\n<\/div><div id=\"9509253\" rel=\"mce_text\" class=\"cr_ipe_item ui-sortable\">\n<div class=\"mce_text\"><p><br><\/p><p>After registration you will receive an email from us with a confirmation link. Only with clicking this link your registration is completed. You can unsubscribe at any time with effect for the future. To do so, send an e-mail to <a href=\"mailto:unsubscribe@alarmcontrolcenter.de\" mce_href=\"mailto:unsubscribe@alarmcontrolcenter.de\">unsubscribe@alarmcontrolcenter.de<\/a> or click the provided unsubscription link.<br mce_bogus=\"1\"><\/p><\/div>\n<\/div><div id=\"9509254\" rel=\"mce_text\" class=\"cr_ipe_item ui-sortable\">\n<div class=\"mce_text\"><p>By registering, you accept our <a href=\"https:\/\/alarm-it-factory.de\/fr\/intimite\/\" mce_href=\"https:\/\/www.alarm-it-factory.de\/datenschutz\/\" target=\"_blank\">politique de confidentialit\u00e9<\/a> and agree that Alarm IT Factory GmbH may send you information about products, services and current promotions by email.<\/p><\/div>\n<\/div>\n        <\/div>\n        \n\t<noscript><a href=\"http:\/\/www.cleverreach.de\">www.CleverReach.de<\/a><\/noscript>\n    <\/div>\n\n    \n<\/form>\n\n\t\t<\/div>\n\t<\/div>\n\t\t<\/div>\n\t\t\t<\/div>\n<\/div><div class=\"kswr-column-settings\" data-minheight=\"0px\" data-isminheight=\"off\" data-theclasses=\"kswr_pnone kswr_mnone kswr_bnone\"><\/div>\t<\/div>\n\t\t<\/div><div class=\"kswr-row-element-back kswr-vc-ctn-element\" data-classes=\"kswr_pnone kswr_mnone kswr_bnone\" ><\/div>\n<\/div>","protected":false},"excerpt":{"rendered":"Yes, I would like to receive the Alarm IT Factory newsletter: Salutation Ms\/Mrs&nbsp; Mr&nbsp; Mx&nbsp; First Name* Surname* Company Email* Phone (for sales-related contact) Language of newsletter* English&nbsp; German&nbsp; Subscribe After registration you will receive an email from us with a confirmation link. Only with clicking this link your registration is completed. You can unsubscribe [...]","protected":false},"author":1,"featured_media":22954,"parent":0,"menu_order":0,"comment_status":"closed","ping_status":"closed","template":"page-vc.php","meta":{"inline_featured_image":false,"footnotes":""},"categories":[],"tags":[],"class_list":["post-20523","page","type-page","status-publish","has-post-thumbnail","hentry"],"yoast_head":"<!-- This site is optimized with the Yoast SEO plugin v27.2 - https:\/\/yoast.com\/product\/yoast-seo-wordpress\/ -->\n<title>Newsletter-Anmeldung - Alarm IT Factory<\/title>\n<meta name=\"description\" content=\"Erhalte alle Neuigkeiten rund um das Alarm Control Center und die Alarm IT Factory. Der Newsletter erscheint viertelj\u00e4hrlich.\" \/>\n<meta name=\"robots\" content=\"index, follow, max-snippet:-1, max-image-preview:large, max-video-preview:-1\" \/>\n<link rel=\"canonical\" href=\"https:\/\/alarm-it-factory.de\/fr\/inscription-a-la-newsletter-2\/\" \/>\n<meta property=\"og:locale\" content=\"fr_FR\" \/>\n<meta property=\"og:type\" content=\"article\" \/>\n<meta property=\"og:title\" content=\"Newsletter-Anmeldung\" \/>\n<meta property=\"og:description\" content=\"Erhalte alle Neuigkeiten rund um das Alarm Control Center und die Alarm IT Factory.\" \/>\n<meta property=\"og:url\" content=\"https:\/\/alarm-it-factory.de\/fr\/inscription-a-la-newsletter-2\/\" \/>\n<meta property=\"og:site_name\" content=\"Alarm IT Factory\" \/>\n<meta property=\"article:modified_time\" content=\"2026-01-29T09:01:25+00:00\" \/>\n<meta property=\"og:image\" content=\"https:\/\/alarm-it-factory.de\/wp-content\/uploads\/2023\/04\/Newsletter-V2.jpg\" \/>\n\t<meta property=\"og:image:width\" content=\"1200\" \/>\n\t<meta property=\"og:image:height\" content=\"675\" \/>\n\t<meta property=\"og:image:type\" content=\"image\/jpeg\" \/>\n<meta name=\"twitter:card\" content=\"summary_large_image\" \/>\n<meta name=\"twitter:title\" content=\"Newsletter-Anmeldung\" \/>\n<meta name=\"twitter:description\" content=\"Erhalte alle Neuigkeiten rund um das Alarm Control Center und die Alarm IT Factory.\" \/>\n<meta name=\"twitter:image\" content=\"https:\/\/alarm-it-factory.de\/wp-content\/uploads\/2023\/04\/Newsletter-V2.jpg\" \/>\n<meta name=\"twitter:label1\" content=\"Dur\u00e9e de lecture estim\u00e9e\" \/>\n\t<meta name=\"twitter:data1\" content=\"1 minute\" \/>\n<script type=\"application\/ld+json\" class=\"yoast-schema-graph\">{\"@context\":\"https:\/\/schema.org\",\"@graph\":[{\"@type\":\"WebPage\",\"@id\":\"https:\/\/alarm-it-factory.de\/newsletter-anmeldung\/\",\"url\":\"https:\/\/alarm-it-factory.de\/newsletter-anmeldung\/\",\"name\":\"Newsletter-Anmeldung - Alarm IT Factory\",\"isPartOf\":{\"@id\":\"https:\/\/alarm-it-factory.de\/#website\"},\"primaryImageOfPage\":{\"@id\":\"https:\/\/alarm-it-factory.de\/newsletter-anmeldung\/#primaryimage\"},\"image\":{\"@id\":\"https:\/\/alarm-it-factory.de\/newsletter-anmeldung\/#primaryimage\"},\"thumbnailUrl\":\"https:\/\/alarm-it-factory.de\/wp-content\/uploads\/2023\/04\/Newsletter-Beitragsbild.jpg\",\"datePublished\":\"2021-08-25T18:41:00+00:00\",\"dateModified\":\"2026-01-29T09:01:25+00:00\",\"description\":\"Erhalte alle Neuigkeiten rund um das Alarm Control Center und die Alarm IT Factory. Der Newsletter erscheint viertelj\u00e4hrlich.\",\"breadcrumb\":{\"@id\":\"https:\/\/alarm-it-factory.de\/newsletter-anmeldung\/#breadcrumb\"},\"inLanguage\":\"fr-FR\",\"potentialAction\":[{\"@type\":\"ReadAction\",\"target\":[\"https:\/\/alarm-it-factory.de\/newsletter-anmeldung\/\"]}]},{\"@type\":\"ImageObject\",\"inLanguage\":\"fr-FR\",\"@id\":\"https:\/\/alarm-it-factory.de\/newsletter-anmeldung\/#primaryimage\",\"url\":\"https:\/\/alarm-it-factory.de\/wp-content\/uploads\/2023\/04\/Newsletter-Beitragsbild.jpg\",\"contentUrl\":\"https:\/\/alarm-it-factory.de\/wp-content\/uploads\/2023\/04\/Newsletter-Beitragsbild.jpg\",\"width\":1000,\"height\":563,\"caption\":\"Newsletter Anmeldung, Alarm IT Factory\"},{\"@type\":\"BreadcrumbList\",\"@id\":\"https:\/\/alarm-it-factory.de\/newsletter-anmeldung\/#breadcrumb\",\"itemListElement\":[{\"@type\":\"ListItem\",\"position\":1,\"name\":\"Startseite\",\"item\":\"https:\/\/alarm-it-factory.de\/\"},{\"@type\":\"ListItem\",\"position\":2,\"name\":\"Newsletter-Anmeldung\"}]},{\"@type\":\"WebSite\",\"@id\":\"https:\/\/alarm-it-factory.de\/#website\",\"url\":\"https:\/\/alarm-it-factory.de\/\",\"name\":\"Alarm IT Factory\",\"description\":\"Alarmierungssoftware\",\"publisher\":{\"@id\":\"https:\/\/alarm-it-factory.de\/#organization\"},\"potentialAction\":[{\"@type\":\"SearchAction\",\"target\":{\"@type\":\"EntryPoint\",\"urlTemplate\":\"https:\/\/alarm-it-factory.de\/?s={search_term_string}\"},\"query-input\":{\"@type\":\"PropertyValueSpecification\",\"valueRequired\":true,\"valueName\":\"search_term_string\"}}],\"inLanguage\":\"fr-FR\"},{\"@type\":\"Organization\",\"@id\":\"https:\/\/alarm-it-factory.de\/#organization\",\"name\":\"Alarm IT Factory GmbH\",\"url\":\"https:\/\/alarm-it-factory.de\/\",\"logo\":{\"@type\":\"ImageObject\",\"inLanguage\":\"fr-FR\",\"@id\":\"https:\/\/alarm-it-factory.de\/#\/schema\/logo\/image\/\",\"url\":\"https:\/\/alarm-it-factory.de\/wp-content\/uploads\/2020\/09\/AIF_logo.png\",\"contentUrl\":\"https:\/\/alarm-it-factory.de\/wp-content\/uploads\/2020\/09\/AIF_logo.png\",\"width\":312,\"height\":52,\"caption\":\"Alarm IT Factory GmbH\"},\"image\":{\"@id\":\"https:\/\/alarm-it-factory.de\/#\/schema\/logo\/image\/\"}}]}<\/script>\n<!-- \/ Yoast SEO plugin. -->","yoast_head_json":{"title":"Inscription newsletter - Alarm IT Factory","description":"Recevez toutes les actualit\u00e9s du Centre de Contr\u00f4le d&#039;Alarme et de l&#039;Alarm IT Factory. La newsletter est publi\u00e9e trimestriellement.","robots":{"index":"index","follow":"follow","max-snippet":"max-snippet:-1","max-image-preview":"max-image-preview:large","max-video-preview":"max-video-preview:-1"},"canonical":"https:\/\/alarm-it-factory.de\/fr\/inscription-a-la-newsletter-2\/","og_locale":"fr_FR","og_type":"article","og_title":"Newsletter-Anmeldung","og_description":"Erhalte alle Neuigkeiten rund um das Alarm Control Center und die Alarm IT Factory.","og_url":"https:\/\/alarm-it-factory.de\/fr\/inscription-a-la-newsletter-2\/","og_site_name":"Alarm IT Factory","article_modified_time":"2026-01-29T09:01:25+00:00","og_image":[{"width":1200,"height":675,"url":"https:\/\/alarm-it-factory.de\/wp-content\/uploads\/2023\/04\/Newsletter-V2.jpg","type":"image\/jpeg"}],"twitter_card":"summary_large_image","twitter_title":"Newsletter-Anmeldung","twitter_description":"Erhalte alle Neuigkeiten rund um das Alarm Control Center und die Alarm IT Factory.","twitter_image":"https:\/\/alarm-it-factory.de\/wp-content\/uploads\/2023\/04\/Newsletter-V2.jpg","twitter_misc":{"Dur\u00e9e de lecture estim\u00e9e":"1 minute"},"schema":{"@context":"https:\/\/schema.org","@graph":[{"@type":"WebPage","@id":"https:\/\/alarm-it-factory.de\/newsletter-anmeldung\/","url":"https:\/\/alarm-it-factory.de\/newsletter-anmeldung\/","name":"Inscription newsletter - Alarm IT Factory","isPartOf":{"@id":"https:\/\/alarm-it-factory.de\/#website"},"primaryImageOfPage":{"@id":"https:\/\/alarm-it-factory.de\/newsletter-anmeldung\/#primaryimage"},"image":{"@id":"https:\/\/alarm-it-factory.de\/newsletter-anmeldung\/#primaryimage"},"thumbnailUrl":"https:\/\/alarm-it-factory.de\/wp-content\/uploads\/2023\/04\/Newsletter-Beitragsbild.jpg","datePublished":"2021-08-25T18:41:00+00:00","dateModified":"2026-01-29T09:01:25+00:00","description":"Recevez toutes les actualit\u00e9s du Centre de Contr\u00f4le d&#039;Alarme et de l&#039;Alarm IT Factory. La newsletter est publi\u00e9e trimestriellement.","breadcrumb":{"@id":"https:\/\/alarm-it-factory.de\/newsletter-anmeldung\/#breadcrumb"},"inLanguage":"fr-FR","potentialAction":[{"@type":"ReadAction","target":["https:\/\/alarm-it-factory.de\/newsletter-anmeldung\/"]}]},{"@type":"ImageObject","inLanguage":"fr-FR","@id":"https:\/\/alarm-it-factory.de\/newsletter-anmeldung\/#primaryimage","url":"https:\/\/alarm-it-factory.de\/wp-content\/uploads\/2023\/04\/Newsletter-Beitragsbild.jpg","contentUrl":"https:\/\/alarm-it-factory.de\/wp-content\/uploads\/2023\/04\/Newsletter-Beitragsbild.jpg","width":1000,"height":563,"caption":"Newsletter Anmeldung, Alarm IT Factory"},{"@type":"BreadcrumbList","@id":"https:\/\/alarm-it-factory.de\/newsletter-anmeldung\/#breadcrumb","itemListElement":[{"@type":"ListItem","position":1,"name":"Startseite","item":"https:\/\/alarm-it-factory.de\/"},{"@type":"ListItem","position":2,"name":"Newsletter-Anmeldung"}]},{"@type":"WebSite","@id":"https:\/\/alarm-it-factory.de\/#website","url":"https:\/\/alarm-it-factory.de\/","name":"l'Alarme IT Factory","description":"Alarmierungssoftware","publisher":{"@id":"https:\/\/alarm-it-factory.de\/#organization"},"potentialAction":[{"@type":"SearchAction","target":{"@type":"EntryPoint","urlTemplate":"https:\/\/alarm-it-factory.de\/?s={search_term_string}"},"query-input":{"@type":"PropertyValueSpecification","valueRequired":true,"valueName":"search_term_string"}}],"inLanguage":"fr-FR"},{"@type":"Organization","@id":"https:\/\/alarm-it-factory.de\/#organization","name":"Alarm IT Factory GmbH","url":"https:\/\/alarm-it-factory.de\/","logo":{"@type":"ImageObject","inLanguage":"fr-FR","@id":"https:\/\/alarm-it-factory.de\/#\/schema\/logo\/image\/","url":"https:\/\/alarm-it-factory.de\/wp-content\/uploads\/2020\/09\/AIF_logo.png","contentUrl":"https:\/\/alarm-it-factory.de\/wp-content\/uploads\/2020\/09\/AIF_logo.png","width":312,"height":52,"caption":"Alarm IT Factory GmbH"},"image":{"@id":"https:\/\/alarm-it-factory.de\/#\/schema\/logo\/image\/"}}]}},"_links":{"self":[{"href":"https:\/\/alarm-it-factory.de\/fr\/wp-json\/wp\/v2\/pages\/20523","targetHints":{"allow":["GET"]}}],"collection":[{"href":"https:\/\/alarm-it-factory.de\/fr\/wp-json\/wp\/v2\/pages"}],"about":[{"href":"https:\/\/alarm-it-factory.de\/fr\/wp-json\/wp\/v2\/types\/page"}],"author":[{"embeddable":true,"href":"https:\/\/alarm-it-factory.de\/fr\/wp-json\/wp\/v2\/users\/1"}],"replies":[{"embeddable":true,"href":"https:\/\/alarm-it-factory.de\/fr\/wp-json\/wp\/v2\/comments?post=20523"}],"version-history":[{"count":14,"href":"https:\/\/alarm-it-factory.de\/fr\/wp-json\/wp\/v2\/pages\/20523\/revisions"}],"predecessor-version":[{"id":25072,"href":"https:\/\/alarm-it-factory.de\/fr\/wp-json\/wp\/v2\/pages\/20523\/revisions\/25072"}],"wp:featuredmedia":[{"embeddable":true,"href":"https:\/\/alarm-it-factory.de\/fr\/wp-json\/wp\/v2\/media\/22954"}],"wp:attachment":[{"href":"https:\/\/alarm-it-factory.de\/fr\/wp-json\/wp\/v2\/media?parent=20523"}],"wp:term":[{"taxonomy":"category","embeddable":true,"href":"https:\/\/alarm-it-factory.de\/fr\/wp-json\/wp\/v2\/categories?post=20523"},{"taxonomy":"post_tag","embeddable":true,"href":"https:\/\/alarm-it-factory.de\/fr\/wp-json\/wp\/v2\/tags?post=20523"}],"curies":[{"name":"wp","href":"https:\/\/api.w.org\/{rel}","templated":true}]}}