{"id":21236,"date":"2021-10-20T15:52:52","date_gmt":"2021-10-20T13:52:52","guid":{"rendered":"https:\/\/alarm-it-factory.de\/?page_id=21236"},"modified":"2025-05-08T12:50:57","modified_gmt":"2025-05-08T10:50:57","slug":"centre-de-donnees","status":"publish","type":"page","link":"https:\/\/alarm-it-factory.de\/fr\/leittechnik\/referenzen-leittechnik\/rechenzentrum\/","title":{"rendered":"Centres de donn\u00e9es"},"content":{"rendered":"<div class=\"wpb-content-wrapper\"><div class=\"vc_row wpb_row vc_row-fluid project-arrow-next-custom-color vc_custom_1627561870982 vc-row-593910\" >\n\t<div class=\"container et-clearfix\">\n\t\t<div class=\"wpb_column vc_column_container vc_col-sm-12 text-align-none\" >\n\t<div class=\"vc_column-inner\" >\n\t\t<div class=\"wpb_wrapper\">\n\t\t\t\n<div class=\"wpb_text_column wpb_content_element  vc_custom_1746701454700\"  data-animation-delay=\"0\">\n\t<div class=\"wpb_wrapper\">\n\t\t<p><span style=\"color: #000000; font-size: 25px; font-weight: 600; line-height: 33px;\">Vous avez besoin d'assistance pour les syst\u00e8mes de supervision\u00a0?<\/span><\/p>\n\t<\/div>\n<\/div>\n\n<div id=\"et-shortcode-projects-530764\" class=\"et-shortcode-projects project-layout large project-with-details grid gap-true image-full-false project-container-boxed\"><div class=\"loop-posts loop-project et-item-set overlay-fade effect-moveUp et-clearfix\" data-columns=\"2\" data-autoplay=\"false\"><article class=\"et-item post post-20432 project type-project status-publish has-post-thumbnail hentry project-category-rechenzentrum project-tag-alarm-managementsystem project-tag-alarm-systems project-tag-alarmierung project-tag-alarmmanagement-prozessleitsystem project-tag-auf-handy project-tag-per-sms\" id=\"project-20432\"><div class=\"post-inner et-item-inner et-clearfix\"><div class=\"overlay-hover\"><div class=\"post-image post-media\"><a href=\"https:\/\/alarm-it-factory.de\/fr\/referenzen\/erstanbindung-neuer-rechenzentren-und-einbindung-in-bestehende-leittechnik\/\" title=\"En savoir plus sur Connexion initiale de nouveaux centres de donn\u00e9es et int\u00e9gration dans la technologie de contr\u00f4le existante\" rel=\"bookmark\"><div class=\"post-image-overlay\"><div class=\"post-image-overlay-content\"><span class=\"overlay-read-more\"><\/span><\/div><\/div><\/a><div class=\"image-container\"><div class=\"image-preloader\"><\/div><img loading=\"lazy\" decoding=\"async\" width=\"600\" height=\"370\" src=\"https:\/\/alarm-it-factory.de\/wp-content\/uploads\/2021\/01\/Leittechnik_Uebersicht_Rechenzentrum-600x370.jpg\" class=\"attachment-samatex_600X370 size-samatex_600X370 wp-post-image\" alt=\"Connexion de nouveaux centres de donn\u00e9es et int\u00e9gration dans l&#039;\u00e9quipement de supervision en place\" data-responsive-images=\"false\" \/><\/div><\/div><div class=\"post-body et-clearfix\"><div class=\"post-body-inner-wrap\"><div class=\"post-body-inner\"><div class=\"project-category\"><a href=\"https:\/\/alarm-it-factory.de\/fr\/leittechnik\/referenzen-leittechnik\/rechenzentrum\/\" rel=\"tag\">Centres de donn\u00e9es<\/a><\/div><h4 class=\"post-title entry-title\"><a href=\"https:\/\/alarm-it-factory.de\/fr\/referenzen\/erstanbindung-neuer-rechenzentren-und-einbindung-in-bestehende-leittechnik\/\" title=\"En savoir plus sur Connexion initiale de nouveaux centres de donn\u00e9es et int\u00e9gration dans la technologie de contr\u00f4le existante\" rel=\"bookmark\">Connexion de nouveaux centres de donn\u00e9es et int\u00e9gration dans l'\u00e9quipement de supervision en place<\/a><\/h4><\/div><\/div><\/div><\/div><\/div><\/article><article class=\"et-item post post-21103 project type-project status-publish has-post-thumbnail hentry project-category-rechenzentrum project-tag-rechenzentrum\" id=\"project-21103\"><div class=\"post-inner et-item-inner et-clearfix\"><div class=\"overlay-hover\"><div class=\"post-image post-media\"><a href=\"https:\/\/alarm-it-factory.de\/fr\/referenzen\/uebernahme-der-betreuung-eines-bestehenden-leittechniksystems-2\/\" title=\"En savoir plus sur Prendre soin d&#039;un centre de donn\u00e9es existant\" rel=\"bookmark\"><div class=\"post-image-overlay\"><div class=\"post-image-overlay-content\"><span class=\"overlay-read-more\"><\/span><\/div><\/div><\/a><div class=\"image-container\"><div class=\"image-preloader\"><\/div><img loading=\"lazy\" decoding=\"async\" width=\"600\" height=\"370\" src=\"https:\/\/alarm-it-factory.de\/wp-content\/uploads\/2021\/01\/Leittechnik_Uebersicht_Rechenzentrum-600x370.jpg\" class=\"attachment-samatex_600X370 size-samatex_600X370 wp-post-image\" alt=\"Prise en charge d&#039;un centre de donn\u00e9es d\u00e9j\u00e0 en place\" data-responsive-images=\"false\" \/><\/div><\/div><div class=\"post-body et-clearfix\"><div class=\"post-body-inner-wrap\"><div class=\"post-body-inner\"><div class=\"project-category\"><a href=\"https:\/\/alarm-it-factory.de\/fr\/leittechnik\/referenzen-leittechnik\/rechenzentrum\/\" rel=\"tag\">Centres de donn\u00e9es<\/a><\/div><h4 class=\"post-title entry-title\"><a href=\"https:\/\/alarm-it-factory.de\/fr\/referenzen\/uebernahme-der-betreuung-eines-bestehenden-leittechniksystems-2\/\" title=\"En savoir plus sur Prendre soin d&#039;un centre de donn\u00e9es existant\" rel=\"bookmark\">Prise en charge d'un centre de donn\u00e9es d\u00e9j\u00e0 en place<\/a><\/h4><\/div><\/div><\/div><\/div><\/div><\/article><\/div><\/div>\t\t<\/div>\n\t\t\t<\/div>\n<\/div><div class=\"kswr-column-settings\" data-minheight=\"0px\" data-isminheight=\"off\" data-theclasses=\"kswr_pnone kswr_mnone kswr_bnone\"><\/div>\t<\/div>\n\t\t<\/div><div class=\"kswr-row-element-back kswr-vc-ctn-element\" data-classes=\"kswr_pnone kswr_mnone kswr_bnone\" ><\/div><div data-curtain-gradient=\"true\" data-curtain-gradient-position=\"right\" class=\"vc_row wpb_row vc_row-fluid vc_custom_1598005266617 vc_row-has-fill vc_row-o-equal-height vc_row-flex vc-fixed-bg vc-row-308018\" >\n\t<div class=\"container et-clearfix\">\n\t\t<div class=\"wpb_column vc_column_container vc_col-sm-2\/5 vc_col-lg-6 vc_col-md-6 vc_col-xs-12 text-align-none vc-column-83119\" >\n\t<div class=\"vc_column-inner\" >\n\t\t<div class=\"wpb_wrapper\">\n\t\t\t\t\t<\/div>\n\t\t\t<\/div>\n<\/div><div class=\"kswr-column-settings\" data-minheight=\"0px\" data-isminheight=\"off\" data-theclasses=\"kswr_pnone kswr_mnone kswr_bnone\"><\/div><div class=\"wpb_animate_when_almost_visible wpb_right-to-left right-to-left wpb_column vc_column_container vc_col-sm-3\/5 vc_col-lg-6 vc_col-md-6 vc_col-xs-12 text-align-none vc-column-858870\" data-animation-delay=\"600\" >\n\t<div class=\"vc_column-inner\" >\n\t\t<div class=\"wpb_wrapper\">\n\t\t\t<span class=\"et-gap et-clearfix et-gap-464629\"><\/span>\n<div class=\"wpb_text_column wpb_content_element\"  data-animation-delay=\"0\">\n\t<div class=\"wpb_wrapper\">\n\t\t<h2><span style=\"color: #ffffff;\">Vous avez besoin d'assistance pour les syst\u00e8mes de supervision\u00a0? \u00a0<\/span><\/h2>\n\t<\/div>\n<\/div>\n\n<span class=\"et-gap et-clearfix et-gap-742520\"><\/span>\n<div class=\"wpb_text_column wpb_content_element\"  data-animation-delay=\"0\">\n\t<div class=\"wpb_wrapper\">\n\t\t<p><span style=\"color: #000000;\"><span class=\"et-font-size\" data-fontsize=\"24px\" data-lineheight=\"32px\">Les missions difficiles ne nous font pas peur et nous nous familiarisons volontiers avec des processus complexes afin de concevoir des solutions sur mesure  pour nos clients. Notre offre SAV vous permet de b\u00e9n\u00e9ficier d'une assistance 24\u00a0h\/24 et 7\u00a0j\/7 et d'une grande r\u00e9activit\u00e9.<\/span><\/span><\/p>\n<div class=\"et-icon-content et-clearfix\"><\/div>\n\t<\/div>\n<\/div>\n\n<span class=\"et-gap et-clearfix et-gap-822385\"><\/span><a id=\"et-button-138717\" class=\"et-button icon-position-left modal-false large hover-fill click-none\" target=\"_self\" href=\"\/fr\/contacter\/\" data-animation-delay=\"0\" data-parallax=\"false\" data-move=\"false\" data-coordinatex=\"0\" data-coordinatey=\"0\" data-speed=\"10\"><span class=\"hover\"><\/span><span class=\"regular\"><\/span><span class=\"text\">Contact<\/span><\/a><span class=\"et-gap et-clearfix et-gap-348193\"><\/span>\t\t<\/div>\n\t\t\t<\/div>\n<\/div><div class=\"kswr-column-settings\" data-minheight=\"0px\" data-isminheight=\"off\" data-theclasses=\"kswr_pnone kswr_mnone kswr_bnone\"><\/div>\t<\/div>\n\t<div class=\"curtain-gradient\"><\/div>\t<div class=\"fixed-container\"><\/div><\/div><div class=\"kswr-row-element-back kswr-vc-ctn-element\" data-classes=\"kswr_pnone kswr_mnone kswr_bnone\" ><\/div>\n<\/div>","protected":false},"excerpt":{"rendered":"Referenz \u00dcbernahme der Betreuung eines bestehenden Leittechniksystems Ein Kunde hat zur \u00dcberwachung der geb\u00e4udetechnischen und Infrastruktureinrichtungen seines Rechenzentrums ein Leittechniksystem von einem Lieferanten erstellen lassen. Um das Leittechniksystem im laufenden Betrieb zu betreuen, wurden wir beauftragt. Hierf\u00fcr haben wir den Kunden bei der Abnahme des Systems unterst\u00fctzt, Restm\u00e4ngel aufgezeigt und bei deren Beseitigung nach Bedarf [...]","protected":false},"author":1,"featured_media":0,"parent":19743,"menu_order":0,"comment_status":"closed","ping_status":"closed","template":"page-vc.php","meta":{"inline_featured_image":false,"footnotes":""},"categories":[],"tags":[],"class_list":["post-21236","page","type-page","status-publish","hentry"],"yoast_head":"<!-- This site is optimized with the Yoast SEO plugin v27.2 - https:\/\/yoast.com\/product\/yoast-seo-wordpress\/ -->\n<title>Rechenzentrum - Alarm IT Factory<\/title>\n<meta name=\"robots\" content=\"index, follow, max-snippet:-1, max-image-preview:large, max-video-preview:-1\" \/>\n<link rel=\"canonical\" href=\"https:\/\/alarm-it-factory.de\/fr\/technologie-de-controle\/references-technologie-de-controle\/centre-de-donnees\/\" \/>\n<meta property=\"og:locale\" content=\"fr_FR\" \/>\n<meta property=\"og:type\" content=\"article\" \/>\n<meta property=\"og:title\" content=\"Rechenzentrum - Alarm IT Factory\" \/>\n<meta property=\"og:url\" content=\"https:\/\/alarm-it-factory.de\/fr\/technologie-de-controle\/references-technologie-de-controle\/centre-de-donnees\/\" \/>\n<meta property=\"og:site_name\" content=\"Alarm IT Factory\" \/>\n<meta property=\"article:modified_time\" content=\"2025-05-08T10:50:57+00:00\" \/>\n<meta name=\"twitter:card\" content=\"summary_large_image\" \/>\n<meta name=\"twitter:label1\" content=\"Dur\u00e9e de lecture estim\u00e9e\" \/>\n\t<meta name=\"twitter:data1\" content=\"2 minutes\" \/>\n<script type=\"application\/ld+json\" class=\"yoast-schema-graph\">{\"@context\":\"https:\/\/schema.org\",\"@graph\":[{\"@type\":\"WebPage\",\"@id\":\"https:\/\/alarm-it-factory.de\/leittechnik\/referenzen-leittechnik\/rechenzentrum\/\",\"url\":\"https:\/\/alarm-it-factory.de\/leittechnik\/referenzen-leittechnik\/rechenzentrum\/\",\"name\":\"Rechenzentrum - Alarm IT Factory\",\"isPartOf\":{\"@id\":\"https:\/\/alarm-it-factory.de\/#website\"},\"datePublished\":\"2021-10-20T13:52:52+00:00\",\"dateModified\":\"2025-05-08T10:50:57+00:00\",\"breadcrumb\":{\"@id\":\"https:\/\/alarm-it-factory.de\/leittechnik\/referenzen-leittechnik\/rechenzentrum\/#breadcrumb\"},\"inLanguage\":\"fr-FR\",\"potentialAction\":[{\"@type\":\"ReadAction\",\"target\":[\"https:\/\/alarm-it-factory.de\/leittechnik\/referenzen-leittechnik\/rechenzentrum\/\"]}]},{\"@type\":\"BreadcrumbList\",\"@id\":\"https:\/\/alarm-it-factory.de\/leittechnik\/referenzen-leittechnik\/rechenzentrum\/#breadcrumb\",\"itemListElement\":[{\"@type\":\"ListItem\",\"position\":1,\"name\":\"Startseite\",\"item\":\"https:\/\/alarm-it-factory.de\/\"},{\"@type\":\"ListItem\",\"position\":2,\"name\":\"Leittechnik\",\"item\":\"https:\/\/alarm-it-factory.de\/leittechnik\/\"},{\"@type\":\"ListItem\",\"position\":3,\"name\":\"Referenzen Leittechnik\",\"item\":\"https:\/\/alarm-it-factory.de\/leittechnik\/referenzen-leittechnik\/\"},{\"@type\":\"ListItem\",\"position\":4,\"name\":\"Rechenzentrum\"}]},{\"@type\":\"WebSite\",\"@id\":\"https:\/\/alarm-it-factory.de\/#website\",\"url\":\"https:\/\/alarm-it-factory.de\/\",\"name\":\"Alarm IT Factory\",\"description\":\"Alarmierungssoftware\",\"publisher\":{\"@id\":\"https:\/\/alarm-it-factory.de\/#organization\"},\"potentialAction\":[{\"@type\":\"SearchAction\",\"target\":{\"@type\":\"EntryPoint\",\"urlTemplate\":\"https:\/\/alarm-it-factory.de\/?s={search_term_string}\"},\"query-input\":{\"@type\":\"PropertyValueSpecification\",\"valueRequired\":true,\"valueName\":\"search_term_string\"}}],\"inLanguage\":\"fr-FR\"},{\"@type\":\"Organization\",\"@id\":\"https:\/\/alarm-it-factory.de\/#organization\",\"name\":\"Alarm IT Factory GmbH\",\"url\":\"https:\/\/alarm-it-factory.de\/\",\"logo\":{\"@type\":\"ImageObject\",\"inLanguage\":\"fr-FR\",\"@id\":\"https:\/\/alarm-it-factory.de\/#\/schema\/logo\/image\/\",\"url\":\"https:\/\/alarm-it-factory.de\/wp-content\/uploads\/2020\/09\/AIF_logo.png\",\"contentUrl\":\"https:\/\/alarm-it-factory.de\/wp-content\/uploads\/2020\/09\/AIF_logo.png\",\"width\":312,\"height\":52,\"caption\":\"Alarm IT Factory GmbH\"},\"image\":{\"@id\":\"https:\/\/alarm-it-factory.de\/#\/schema\/logo\/image\/\"}}]}<\/script>\n<!-- \/ Yoast SEO plugin. -->","yoast_head_json":{"title":"Centre de donn\u00e9es - Alarm IT Factory","robots":{"index":"index","follow":"follow","max-snippet":"max-snippet:-1","max-image-preview":"max-image-preview:large","max-video-preview":"max-video-preview:-1"},"canonical":"https:\/\/alarm-it-factory.de\/fr\/technologie-de-controle\/references-technologie-de-controle\/centre-de-donnees\/","og_locale":"fr_FR","og_type":"article","og_title":"Rechenzentrum - Alarm IT Factory","og_url":"https:\/\/alarm-it-factory.de\/fr\/technologie-de-controle\/references-technologie-de-controle\/centre-de-donnees\/","og_site_name":"Alarm IT Factory","article_modified_time":"2025-05-08T10:50:57+00:00","twitter_card":"summary_large_image","twitter_misc":{"Dur\u00e9e de lecture estim\u00e9e":"2 minutes"},"schema":{"@context":"https:\/\/schema.org","@graph":[{"@type":"WebPage","@id":"https:\/\/alarm-it-factory.de\/leittechnik\/referenzen-leittechnik\/rechenzentrum\/","url":"https:\/\/alarm-it-factory.de\/leittechnik\/referenzen-leittechnik\/rechenzentrum\/","name":"Centre de donn\u00e9es - Alarm IT Factory","isPartOf":{"@id":"https:\/\/alarm-it-factory.de\/#website"},"datePublished":"2021-10-20T13:52:52+00:00","dateModified":"2025-05-08T10:50:57+00:00","breadcrumb":{"@id":"https:\/\/alarm-it-factory.de\/leittechnik\/referenzen-leittechnik\/rechenzentrum\/#breadcrumb"},"inLanguage":"fr-FR","potentialAction":[{"@type":"ReadAction","target":["https:\/\/alarm-it-factory.de\/leittechnik\/referenzen-leittechnik\/rechenzentrum\/"]}]},{"@type":"BreadcrumbList","@id":"https:\/\/alarm-it-factory.de\/leittechnik\/referenzen-leittechnik\/rechenzentrum\/#breadcrumb","itemListElement":[{"@type":"ListItem","position":1,"name":"Startseite","item":"https:\/\/alarm-it-factory.de\/"},{"@type":"ListItem","position":2,"name":"Leittechnik","item":"https:\/\/alarm-it-factory.de\/leittechnik\/"},{"@type":"ListItem","position":3,"name":"Referenzen Leittechnik","item":"https:\/\/alarm-it-factory.de\/leittechnik\/referenzen-leittechnik\/"},{"@type":"ListItem","position":4,"name":"Rechenzentrum"}]},{"@type":"WebSite","@id":"https:\/\/alarm-it-factory.de\/#website","url":"https:\/\/alarm-it-factory.de\/","name":"l'Alarme IT Factory","description":"Alarmierungssoftware","publisher":{"@id":"https:\/\/alarm-it-factory.de\/#organization"},"potentialAction":[{"@type":"SearchAction","target":{"@type":"EntryPoint","urlTemplate":"https:\/\/alarm-it-factory.de\/?s={search_term_string}"},"query-input":{"@type":"PropertyValueSpecification","valueRequired":true,"valueName":"search_term_string"}}],"inLanguage":"fr-FR"},{"@type":"Organization","@id":"https:\/\/alarm-it-factory.de\/#organization","name":"Alarm IT Factory GmbH","url":"https:\/\/alarm-it-factory.de\/","logo":{"@type":"ImageObject","inLanguage":"fr-FR","@id":"https:\/\/alarm-it-factory.de\/#\/schema\/logo\/image\/","url":"https:\/\/alarm-it-factory.de\/wp-content\/uploads\/2020\/09\/AIF_logo.png","contentUrl":"https:\/\/alarm-it-factory.de\/wp-content\/uploads\/2020\/09\/AIF_logo.png","width":312,"height":52,"caption":"Alarm IT Factory GmbH"},"image":{"@id":"https:\/\/alarm-it-factory.de\/#\/schema\/logo\/image\/"}}]}},"_links":{"self":[{"href":"https:\/\/alarm-it-factory.de\/fr\/wp-json\/wp\/v2\/pages\/21236","targetHints":{"allow":["GET"]}}],"collection":[{"href":"https:\/\/alarm-it-factory.de\/fr\/wp-json\/wp\/v2\/pages"}],"about":[{"href":"https:\/\/alarm-it-factory.de\/fr\/wp-json\/wp\/v2\/types\/page"}],"author":[{"embeddable":true,"href":"https:\/\/alarm-it-factory.de\/fr\/wp-json\/wp\/v2\/users\/1"}],"replies":[{"embeddable":true,"href":"https:\/\/alarm-it-factory.de\/fr\/wp-json\/wp\/v2\/comments?post=21236"}],"version-history":[{"count":3,"href":"https:\/\/alarm-it-factory.de\/fr\/wp-json\/wp\/v2\/pages\/21236\/revisions"}],"predecessor-version":[{"id":24263,"href":"https:\/\/alarm-it-factory.de\/fr\/wp-json\/wp\/v2\/pages\/21236\/revisions\/24263"}],"up":[{"embeddable":true,"href":"https:\/\/alarm-it-factory.de\/fr\/wp-json\/wp\/v2\/pages\/19743"}],"wp:attachment":[{"href":"https:\/\/alarm-it-factory.de\/fr\/wp-json\/wp\/v2\/media?parent=21236"}],"wp:term":[{"taxonomy":"category","embeddable":true,"href":"https:\/\/alarm-it-factory.de\/fr\/wp-json\/wp\/v2\/categories?post=21236"},{"taxonomy":"post_tag","embeddable":true,"href":"https:\/\/alarm-it-factory.de\/fr\/wp-json\/wp\/v2\/tags?post=21236"}],"curies":[{"name":"wp","href":"https:\/\/api.w.org\/{rel}","templated":true}]}}