{"id":21361,"date":"2021-10-29T17:50:45","date_gmt":"2021-10-29T15:50:45","guid":{"rendered":"https:\/\/alarm-it-factory.de\/?page_id=21361"},"modified":"2022-12-21T15:45:24","modified_gmt":"2022-12-21T14:45:24","slug":"merci-pour-votre-demande","status":"publish","type":"page","link":"https:\/\/alarm-it-factory.de\/fr\/vielen-dank-fuer-ihre-anfrage\/","title":{"rendered":"Merci pour votre requ\u00eate"},"content":{"rendered":"<div class=\"wpb-content-wrapper\"><div class=\"vc_row wpb_row vc_row-fluid vc_column-gap-24 vc-row-772966\" >\n\t<div class=\"container et-clearfix\">\n\t\t<div class=\"wpb_column vc_column_container vc_col-sm-12 text-align-none vc-column-433992\" >\n\t<div class=\"vc_column-inner vc_custom_1633527903974\" >\n\t\t<div class=\"wpb_wrapper\">\n\t\t\t<div class=\"vc_row wpb_row vc_inner vc_row-fluid vc_column-gap-24\"><div class=\"wpb_column vc_column_container vc_col-sm-8\"><div class=\"vc_column-inner\"><div class=\"wpb_wrapper\"><div class=\"wpb_text_column wpb_content_element \"  data-animation-delay=\"0\"><div class=\"wpb_wrapper\"><h2>Vielen Dank f\u00fcr Ihre Anfrage.<br \/>\nWir melden uns in K\u00fcrze bei Ihnen.<\/h2><p>Sie haben Interesse an Neuigkeiten rund um die professionelle Alarmierung mit dem Alarm Control Center?<\/p><p>Bitte melden Sie sich untenstehend dann zu unserem Newsletter an.<\/p><\/div><\/div><\/div><\/div><\/div><div class=\"kswr-column-settings\" data-minheight=\"0px\" data-isminheight=\"off\" data-theclasses=\"kswr_pnone kswr_mnone kswr_bnone\"><\/div><div class=\"wpb_column vc_column_container vc_col-sm-4\"><div class=\"vc_column-inner vc_custom_1635523246928\"><div class=\"wpb_wrapper\"><span class=\"et-gap et-clearfix et-gap-886081 hide1024 hide1024-1280 hide1280 hide1280-1366 hide1366 hide1366-1600 hide1600 hide1600-1920 hide1920\"><\/span><div class=\"wpb_text_column wpb_content_element \"  data-animation-delay=\"0\"><div class=\"wpb_wrapper\"><p><img loading=\"lazy\" decoding=\"async\" class=\"alignnone size-medium wp-image-21210\" src=\"https:\/\/alarm-it-factory.de\/wp-content\/uploads\/2021\/10\/Rosselini-Daumen-hoch-205x300.png\" alt=\"\" width=\"205\" height=\"300\" \/><\/p><\/div><\/div><\/div><\/div><\/div><div class=\"kswr-column-settings\" data-minheight=\"0px\" data-isminheight=\"off\" data-theclasses=\"kswr_pnone kswr_mnone kswr_bnone\"><\/div><\/div><div class=\"kswr-row-element-back kswr-vc-ctn-element\" data-classes=\"kswr_pnone kswr_mnone kswr_bnone\" ><\/div><div class=\"vc_row wpb_row vc_inner vc_row-fluid vc_column-gap-24\"><div class=\"wpb_column vc_column_container vc_col-sm-12\"><div class=\"vc_column-inner\"><div class=\"wpb_wrapper\"><div class=\"wpb_raw_code wpb_content_element wpb_raw_html\" ><div class=\"wpb_wrapper\"><script>\nfunction loadjQuery(e,t){var n=document.createElement(\"script\");n.setAttribute(\"src\",e);n.onload=t;n.onreadystatechange=function(){if(this.readyState==\"complete\"||this.readyState==\"loaded\")t()};document.getElementsByTagName(\"head\")[0].appendChild(n)}function main(){\nvar $cr=jQuery.noConflict();var old_src;$cr(document).ready(function(){$cr(\".cr_form\").submit(function(){$cr(this).find('.clever_form_error').removeClass('clever_form_error');$cr(this).find('.clever_form_note').remove();$cr(this).find(\".musthave\").find('input, textarea').each(function(){if(jQuery.trim($cr(this).val())==\"\"||($cr(this).is(':checkbox'))||($cr(this).is(':radio'))){if($cr(this).is(':checkbox')||($cr(this).is(':radio'))){if(!$cr(this).parents(\".cr_ipe_item\").find(\":checked\").is(\":checked\")){$cr(this).parents(\".cr_ipe_item\").addClass('clever_form_error')}}else{$cr(this).addClass('clever_form_error')}}});if($cr(this).attr(\"action\").search(document.domain)>0&&$cr(\".cr_form\").attr(\"action\").search(\"wcs\")>0){var cr_email=$cr(this).find('input[name=email]');var unsub=false;if($cr(\"input['name=cr_subunsubscribe'][value='false']\").length){if($cr(\"input['name=cr_subunsubscribe'][value='false']\").is(\":checked\")){unsub=true}}if(cr_email.val()&&!unsub){$cr.ajax({type:\"GET\",url:$cr(\".cr_form\").attr(\"action\").replace(\"wcs\",\"check_email\")+window.btoa($cr(this).find('input[name=email]').val()),success:function(data){if(data){cr_email.addClass('clever_form_error').before(\"<div class='clever_form_note cr_font'>\"+data+\"<\/div><\/script><style>\n.cr_site{margin:0;padding:75px 0 0 0;text-align:center;background-color:#eeeeee;}\n.cr_font{font-size: 14px;font-family: Arial;}\n.cr_body h2, .cr_header h2{font-size:22px;line-height:28px;margin:0 0 10px 0;}\n.cr_body h1, .cr_header h2{font-size:28px;margin-bottom:15px;padding:0;margin-top:0;}\n.wrapper, .cr_page{margin:0 auto 10px auto;text-align:left;border-radius:4px;}\n.cr_header{text-align:center;background: transparent !Important;}\n.cr_body label{float:none;clear:both;display:block;width:auto;margin-top:8px;text-align:left;font-weight:bold;position:relative;}\n.cr_button{display:inline-block;font-family:'Helvetica', Arial, sans-serif;width:auto;white-space:nowrap;height:32px;margin:5px 5px 0 0;padding:0 22px;text-decoration:none;text-align:center;font-weight:bold;font-style:normal;font-size:15px;line-height:32px;cursor:pointer;border:0;-moz-border-radius:4px;border-radius:4px;-webkit-border-radius:4px;vertical-align:top;}\n.cr_button{background-color:#333;color:#ffffff;}\n.cr_button:hover,.cr_button-small:hover{opacity:0.7;filter:alpha(opacity=70);}\n.powered{padding:20px 0;width:560px;margin:0 auto;}\n.formbox{line-height:150%;font-family:Helvetica;font-size:12px;color:#333333;padding:20px;background-color:#ffffff;border-radius: 6px 6px 6px 6px;}\n.cr_ipe_item label{line-height:150%;font-size:14px;}\n.cr_ipe_item textarea {background: none repeat scroll 0 0 #eeeeee;border: 1px solid #aaa;font-family: Helvetica;font-size: 16px;}\n.cr_ipe_item input {background: none repeat scroll 0 0 #eeeeee;border: 1px solid #aaa;padding: 5px;font-family: Helvetica;font-size: 16px;}\n.cr_ipe_item select {background: none repeat scroll 0 0 #eeeeee;border: 1px solid #aaa;display: block;margin: 0;padding: 5px;width: 100%;font-family: Helvetica;font-size: 16px;}\n.cr_ipe_item input.cr_ipe_radio, input.cr_ipe_checkbox {-moz-binding: none;-moz-box-sizing: border-box;background-color: -moz-field !important;border: 2px inset threedface !important;color: -moz-fieldtext !important;cursor: default;height: 13px;padding: 0 !important;width: 13px;}\n.cr_ipe_item input.cr_ipe_radio{-moz-appearance: radio;border-radius: 100% 100% 100% 100% !important;margin: 3px 3px 0 5px;}\n.submit_container{text-align:center}\n.cr_ipe_item{ padding:1px 10px; margin:1px 10px; }\n.cr_ipe_item.inactive {display:none;}\n.imprint{font-size:0.8em;}\n.cr_captcha{padding-left:130px;}\n.cr_error{font-size:1.1em;padding:10px;}\n.clever_form_error{background-color:#f99; color:#000; border:1px solid #f22 !important}\n.clever_form_note {margin:26px 0 0 3px;position:absolute;display:inline; padding: 2px 4px; font-weight:bold;background-color:#f2ecb5; color:#000; font-size:12px !important;  }\n.cr_site {background-color:#eee;}\n.cr_header {color:#000000;}\n.cr_body {background-color:#ffffff;font-size:12px;color:#000000;}\n.cr_hr {background-color:#ccc;}\n.cr_site a {color:#0084ff;}\n.imprint{color:#000;}\n\n<\/style><style id=\"style\">\n.cr_site {background-color:#ffffff;}\n.cr_header {color:#3288ce;}\n.cr_body {background-color:#ffffff;font-size:12px;color:#000000;}\n.cr_hr {background-color:#ccc;}\n.cr_site a {color:#0084ff;}\n.imprint {color:#000;}\n.cr_page {width:640px;max-width:auto;}\n.cr_button {background-color:#3288ce;}\n\n<\/style><form class=\"layout_form cr_form cr_font\" action=\"https:\/\/eu2.cleverreach.com\/f\/263496-277058\/wcs\/\" method=\"post\" target=\"_blank\"><div class=\"cr_body cr_page cr_font formbox\"><div class=\"non_sortable\" style=\"text-align:left;\"><\/div><div class=\"editable_content\" style=\"text-align:left;\"><div id=\"6065836\" rel=\"mce_text\" class=\"cr_ipe_item ui-sortable\"><div class=\"mce_text\"><p><span style=\"font-size: large;\" mce_style=\"font-size: large;\">Oui, je souhaite recevoir la newsletter d'Alarm IT Factory :<\/span><br><\/p><\/div><\/div><div id=\"6065837\" rel=\"radio\" class=\"cr_ipe_item ui-sortable\" style=\" margin-bottom:0px;\"><label class=\"itemname\">Salutation<\/label><div style=\"overflow:auto;\"><input id=\"Mme6065837\" class=\"cr_ipe_radio\" name=\"1137745\" type=\"radio\" value=\"Mme\"  \/>Mme&nbsp;\n\n<input id=\"M.6065837\" class=\"cr_ipe_radio\" name=\"1137745\" type=\"radio\" value=\"M.\"  \/>M.&nbsp;\n\n<input id=\"Non indiqu\u00e9  6065837\" class=\"cr_ipe_radio\" name=\"1137745\" type=\"radio\" value=\"Non indiqu\u00e9  \"  \/>Non indiqu\u00e9  &nbsp;\n\n<\/div><\/div><div id=\"6065839\" rel=\"text\" class=\"cr_ipe_item ui-sortable musthave\" style=\" margin-bottom:0px;\"><label for=\"text6065839\" class=\"itemname\">Pr\u00e9nom*<\/label><input id=\"text6065839\" name=\"1137747\" type=\"text\" value=\"\" style=\"width:100%;\" \/><\/div><div id=\"6065841\" rel=\"text\" class=\"cr_ipe_item ui-sortable musthave\" style=\" margin-bottom:0px;\"><label for=\"text6065841\" class=\"itemname\">Nom de famille*<\/label><input id=\"text6065841\" name=\"1137748\" type=\"text\" value=\"\" style=\"width:100%;\" \/><\/div><div id=\"6462315\" rel=\"text\" class=\"cr_ipe_item ui-sortable\" style=\" margin-bottom:0px;\"><label for=\"text6462315\" class=\"itemname\">Entreprise<\/label><input id=\"text6462315\" name=\"1137752\" type=\"text\" value=\"\" style=\"width:100%;\" \/><\/div><div id=\"6065842\" rel=\"email\" class=\"cr_ipe_item ui-sortable musthave\" style=\"margin-bottom:px;\"><label for=\"text6065842\" class=\"itemname\">E-mail*<\/label><input id=\"text6065842\" name=\"email\" value=\"\" type=\"text\" style=\"width:100%;\" \/><\/div><div id=\"6861057\" rel=\"text\" class=\"cr_ipe_item ui-sortable\" style=\" margin-bottom:0px;\"><label for=\"text6861057\" class=\"itemname\">T\u00e9l\u00e9phone<\/label><input id=\"text6861057\" name=\"1179799\" type=\"text\" value=\"+33\" style=\"width:100%;\" \/><\/div><div id=\"6075110\" rel=\"radio\" class=\"cr_ipe_item ui-sortable musthave\" style=\" margin-bottom:0px;\"><label class=\"itemname\">Langue de la newsletter*<\/label><div style=\"overflow:auto;\"><input id=\"Fran\u00e7ais6075110\" class=\"cr_ipe_radio\" name=\"1137759\" type=\"radio\" value=\"Fran\u00e7ais\" selected checked \/>Fran\u00e7ais&nbsp;\n\n<input id=\"Anglais6075110\" class=\"cr_ipe_radio\" name=\"1137759\" type=\"radio\" value=\"Anglais\"  \/>Anglais&nbsp;\n\n<input id=\"Allemand6075110\" class=\"cr_ipe_radio\" name=\"1137759\" type=\"radio\" value=\"Allemand\"  \/>Allemand&nbsp;\n\n<\/div><\/div><div id=\"6065843\" rel=\"button\" class=\"cr_ipe_item ui-sortable submit_container\" style=\"text-align:center; margin-bottom:px;\"><button type=\"submit\" class=\"cr_button\">Inscription<\/button><\/div><div id=\"6065844\" rel=\"mce_text\" class=\"cr_ipe_item ui-sortable\"><div class=\"mce_text\"><p>Apr\u00e8s votre inscription, vous recevrez un e-mail de notre part avec un lien de confirmation. Ce n'est qu'apr\u00e8s avoir cliqu\u00e9 sur ce lien que votre inscription est compl\u00e8te. Vous pouvez r\u00e9voquer votre consentement (pour recevoir des informations par courrier \u00e9lectronique) \u00e0 tout moment avec effet pour l'avenir. Pour ce faire, envoyez un e-mail \u00e0 <a href=\"mailto:unsubsribe@alarmcontrolcenter.de\" mce_href=\"mailto:unsubsribe@alarmcontrolcenter.de\" target=\"_blank\">unsubscribe@alarmcontrolcenter.de<\/a> ou cliquez sur le lien de d\u00e9sabonnement dans la newsletter.<\/p><\/div><\/div><div id=\"6065845\" rel=\"mce_text\" class=\"cr_ipe_item ui-sortable\"><div class=\"mce_text\"><p>En vous inscrivant, vous acceptez notre <a href=\"https:\/\/www.alarm-it-factory.de\/datenschutz\/\" mce_href=\"https:\/\/www.alarm-it-factory.de\/datenschutz\/\" target=\"_blank\">politique de confidentialit\u00e9<\/a> et vous acceptez que Alarm IT Factory GmbH vous envoie par e-mail des informations sur les produits, services et les promotions en cours.<\/p><\/div><\/div><\/div><noscript><a href=\"http:\/\/www.cleverreach.de\">www.CleverReach.de<\/a><\/noscript><\/div><\/form><\/div><\/div><\/div><\/div><\/div><div class=\"kswr-column-settings\" data-minheight=\"0px\" data-isminheight=\"off\" data-theclasses=\"kswr_pnone kswr_mnone kswr_bnone\"><\/div><\/div><div class=\"kswr-row-element-back kswr-vc-ctn-element\" data-classes=\"kswr_pnone kswr_mnone kswr_bnone\" ><\/div>\t\t<\/div>\n\t\t\t<\/div>\n<\/div><div class=\"kswr-column-settings\" data-minheight=\"0px\" data-isminheight=\"off\" data-theclasses=\"kswr_pnone kswr_mnone kswr_bnone\"><\/div>\t<\/div>\n\t\t<\/div><div class=\"kswr-row-element-back kswr-vc-ctn-element\" data-classes=\"kswr_pnone kswr_mnone kswr_bnone\" ><\/div>\n<\/div>","protected":false},"excerpt":{"rendered":"Vielen Dank f\u00fcr Ihre Anfrage. Wir melden uns in K\u00fcrze bei Ihnen.Sie haben Interesse an Neuigkeiten rund um die professionelle Alarmierung mit dem Alarm Control Center?Bitte melden Sie sich untenstehend dann zu unserem Newsletter an.Oui, je souhaite recevoir la newsletter d'Alarm IT Factory :SalutationMme&nbsp; M.&nbsp; Non indiqu\u00e9 &nbsp; Pr\u00e9nom*Nom de famille*EntrepriseE-mail*T\u00e9l\u00e9phoneLangue de la newsletter*Fran\u00e7ais&nbsp; Anglais&nbsp; [...]","protected":false},"author":1,"featured_media":0,"parent":0,"menu_order":0,"comment_status":"closed","ping_status":"closed","template":"","meta":{"inline_featured_image":false,"footnotes":""},"categories":[],"tags":[],"class_list":["post-21361","page","type-page","status-publish","hentry"],"yoast_head":"<!-- This site is optimized with the Yoast SEO plugin v27.2 - https:\/\/yoast.com\/product\/yoast-seo-wordpress\/ -->\n<title>Vielen Dank f\u00fcr Ihre Anfrage - Alarm IT Factory<\/title>\n<meta name=\"robots\" content=\"index, follow, max-snippet:-1, max-image-preview:large, max-video-preview:-1\" \/>\n<link rel=\"canonical\" href=\"https:\/\/alarm-it-factory.de\/fr\/merci-pour-votre-demande\/\" \/>\n<meta property=\"og:locale\" content=\"fr_FR\" \/>\n<meta property=\"og:type\" content=\"article\" \/>\n<meta property=\"og:title\" content=\"Vielen Dank f\u00fcr Ihre Anfrage - Alarm IT Factory\" \/>\n<meta property=\"og:url\" content=\"https:\/\/alarm-it-factory.de\/fr\/merci-pour-votre-demande\/\" \/>\n<meta property=\"og:site_name\" content=\"Alarm IT Factory\" \/>\n<meta property=\"article:modified_time\" content=\"2022-12-21T14:45:24+00:00\" \/>\n<meta property=\"og:image\" content=\"https:\/\/alarm-it-factory.de\/wp-content\/uploads\/2021\/10\/Rosselini-Daumen-hoch-205x300.png\" \/>\n<meta name=\"twitter:card\" content=\"summary_large_image\" \/>\n<meta name=\"twitter:label1\" content=\"Dur\u00e9e de lecture estim\u00e9e\" \/>\n\t<meta name=\"twitter:data1\" content=\"25 minutes\" \/>\n<script type=\"application\/ld+json\" class=\"yoast-schema-graph\">{\"@context\":\"https:\/\/schema.org\",\"@graph\":[{\"@type\":\"WebPage\",\"@id\":\"https:\/\/alarm-it-factory.de\/vielen-dank-fuer-ihre-anfrage\/\",\"url\":\"https:\/\/alarm-it-factory.de\/vielen-dank-fuer-ihre-anfrage\/\",\"name\":\"Vielen Dank f\u00fcr Ihre Anfrage - Alarm IT Factory\",\"isPartOf\":{\"@id\":\"https:\/\/alarm-it-factory.de\/#website\"},\"primaryImageOfPage\":{\"@id\":\"https:\/\/alarm-it-factory.de\/vielen-dank-fuer-ihre-anfrage\/#primaryimage\"},\"image\":{\"@id\":\"https:\/\/alarm-it-factory.de\/vielen-dank-fuer-ihre-anfrage\/#primaryimage\"},\"thumbnailUrl\":\"https:\/\/alarm-it-factory.de\/wp-content\/uploads\/2021\/10\/Rosselini-Daumen-hoch-205x300.png\",\"datePublished\":\"2021-10-29T15:50:45+00:00\",\"dateModified\":\"2022-12-21T14:45:24+00:00\",\"breadcrumb\":{\"@id\":\"https:\/\/alarm-it-factory.de\/vielen-dank-fuer-ihre-anfrage\/#breadcrumb\"},\"inLanguage\":\"fr-FR\",\"potentialAction\":[{\"@type\":\"ReadAction\",\"target\":[\"https:\/\/alarm-it-factory.de\/vielen-dank-fuer-ihre-anfrage\/\"]}]},{\"@type\":\"ImageObject\",\"inLanguage\":\"fr-FR\",\"@id\":\"https:\/\/alarm-it-factory.de\/vielen-dank-fuer-ihre-anfrage\/#primaryimage\",\"url\":\"https:\/\/alarm-it-factory.de\/wp-content\/uploads\/2021\/10\/Rosselini-Daumen-hoch-205x300.png\",\"contentUrl\":\"https:\/\/alarm-it-factory.de\/wp-content\/uploads\/2021\/10\/Rosselini-Daumen-hoch-205x300.png\"},{\"@type\":\"BreadcrumbList\",\"@id\":\"https:\/\/alarm-it-factory.de\/vielen-dank-fuer-ihre-anfrage\/#breadcrumb\",\"itemListElement\":[{\"@type\":\"ListItem\",\"position\":1,\"name\":\"Startseite\",\"item\":\"https:\/\/alarm-it-factory.de\/\"},{\"@type\":\"ListItem\",\"position\":2,\"name\":\"Vielen Dank f\u00fcr Ihre Anfrage\"}]},{\"@type\":\"WebSite\",\"@id\":\"https:\/\/alarm-it-factory.de\/#website\",\"url\":\"https:\/\/alarm-it-factory.de\/\",\"name\":\"Alarm IT Factory\",\"description\":\"Alarmierungssoftware\",\"publisher\":{\"@id\":\"https:\/\/alarm-it-factory.de\/#organization\"},\"potentialAction\":[{\"@type\":\"SearchAction\",\"target\":{\"@type\":\"EntryPoint\",\"urlTemplate\":\"https:\/\/alarm-it-factory.de\/?s={search_term_string}\"},\"query-input\":{\"@type\":\"PropertyValueSpecification\",\"valueRequired\":true,\"valueName\":\"search_term_string\"}}],\"inLanguage\":\"fr-FR\"},{\"@type\":\"Organization\",\"@id\":\"https:\/\/alarm-it-factory.de\/#organization\",\"name\":\"Alarm IT Factory GmbH\",\"url\":\"https:\/\/alarm-it-factory.de\/\",\"logo\":{\"@type\":\"ImageObject\",\"inLanguage\":\"fr-FR\",\"@id\":\"https:\/\/alarm-it-factory.de\/#\/schema\/logo\/image\/\",\"url\":\"https:\/\/alarm-it-factory.de\/wp-content\/uploads\/2020\/09\/AIF_logo.png\",\"contentUrl\":\"https:\/\/alarm-it-factory.de\/wp-content\/uploads\/2020\/09\/AIF_logo.png\",\"width\":312,\"height\":52,\"caption\":\"Alarm IT Factory GmbH\"},\"image\":{\"@id\":\"https:\/\/alarm-it-factory.de\/#\/schema\/logo\/image\/\"}}]}<\/script>\n<!-- \/ Yoast SEO plugin. -->","yoast_head_json":{"title":"Merci pour votre demande - Alarm IT Factory","robots":{"index":"index","follow":"follow","max-snippet":"max-snippet:-1","max-image-preview":"max-image-preview:large","max-video-preview":"max-video-preview:-1"},"canonical":"https:\/\/alarm-it-factory.de\/fr\/merci-pour-votre-demande\/","og_locale":"fr_FR","og_type":"article","og_title":"Vielen Dank f\u00fcr Ihre Anfrage - Alarm IT Factory","og_url":"https:\/\/alarm-it-factory.de\/fr\/merci-pour-votre-demande\/","og_site_name":"Alarm IT Factory","article_modified_time":"2022-12-21T14:45:24+00:00","og_image":[{"url":"https:\/\/alarm-it-factory.de\/wp-content\/uploads\/2021\/10\/Rosselini-Daumen-hoch-205x300.png","type":"","width":"","height":""}],"twitter_card":"summary_large_image","twitter_misc":{"Dur\u00e9e de lecture estim\u00e9e":"25 minutes"},"schema":{"@context":"https:\/\/schema.org","@graph":[{"@type":"WebPage","@id":"https:\/\/alarm-it-factory.de\/vielen-dank-fuer-ihre-anfrage\/","url":"https:\/\/alarm-it-factory.de\/vielen-dank-fuer-ihre-anfrage\/","name":"Merci pour votre demande - Alarm IT Factory","isPartOf":{"@id":"https:\/\/alarm-it-factory.de\/#website"},"primaryImageOfPage":{"@id":"https:\/\/alarm-it-factory.de\/vielen-dank-fuer-ihre-anfrage\/#primaryimage"},"image":{"@id":"https:\/\/alarm-it-factory.de\/vielen-dank-fuer-ihre-anfrage\/#primaryimage"},"thumbnailUrl":"https:\/\/alarm-it-factory.de\/wp-content\/uploads\/2021\/10\/Rosselini-Daumen-hoch-205x300.png","datePublished":"2021-10-29T15:50:45+00:00","dateModified":"2022-12-21T14:45:24+00:00","breadcrumb":{"@id":"https:\/\/alarm-it-factory.de\/vielen-dank-fuer-ihre-anfrage\/#breadcrumb"},"inLanguage":"fr-FR","potentialAction":[{"@type":"ReadAction","target":["https:\/\/alarm-it-factory.de\/vielen-dank-fuer-ihre-anfrage\/"]}]},{"@type":"ImageObject","inLanguage":"fr-FR","@id":"https:\/\/alarm-it-factory.de\/vielen-dank-fuer-ihre-anfrage\/#primaryimage","url":"https:\/\/alarm-it-factory.de\/wp-content\/uploads\/2021\/10\/Rosselini-Daumen-hoch-205x300.png","contentUrl":"https:\/\/alarm-it-factory.de\/wp-content\/uploads\/2021\/10\/Rosselini-Daumen-hoch-205x300.png"},{"@type":"BreadcrumbList","@id":"https:\/\/alarm-it-factory.de\/vielen-dank-fuer-ihre-anfrage\/#breadcrumb","itemListElement":[{"@type":"ListItem","position":1,"name":"Startseite","item":"https:\/\/alarm-it-factory.de\/"},{"@type":"ListItem","position":2,"name":"Vielen Dank f\u00fcr Ihre Anfrage"}]},{"@type":"WebSite","@id":"https:\/\/alarm-it-factory.de\/#website","url":"https:\/\/alarm-it-factory.de\/","name":"l'Alarme IT Factory","description":"Alarmierungssoftware","publisher":{"@id":"https:\/\/alarm-it-factory.de\/#organization"},"potentialAction":[{"@type":"SearchAction","target":{"@type":"EntryPoint","urlTemplate":"https:\/\/alarm-it-factory.de\/?s={search_term_string}"},"query-input":{"@type":"PropertyValueSpecification","valueRequired":true,"valueName":"search_term_string"}}],"inLanguage":"fr-FR"},{"@type":"Organization","@id":"https:\/\/alarm-it-factory.de\/#organization","name":"Alarm IT Factory GmbH","url":"https:\/\/alarm-it-factory.de\/","logo":{"@type":"ImageObject","inLanguage":"fr-FR","@id":"https:\/\/alarm-it-factory.de\/#\/schema\/logo\/image\/","url":"https:\/\/alarm-it-factory.de\/wp-content\/uploads\/2020\/09\/AIF_logo.png","contentUrl":"https:\/\/alarm-it-factory.de\/wp-content\/uploads\/2020\/09\/AIF_logo.png","width":312,"height":52,"caption":"Alarm IT Factory GmbH"},"image":{"@id":"https:\/\/alarm-it-factory.de\/#\/schema\/logo\/image\/"}}]}},"_links":{"self":[{"href":"https:\/\/alarm-it-factory.de\/fr\/wp-json\/wp\/v2\/pages\/21361","targetHints":{"allow":["GET"]}}],"collection":[{"href":"https:\/\/alarm-it-factory.de\/fr\/wp-json\/wp\/v2\/pages"}],"about":[{"href":"https:\/\/alarm-it-factory.de\/fr\/wp-json\/wp\/v2\/types\/page"}],"author":[{"embeddable":true,"href":"https:\/\/alarm-it-factory.de\/fr\/wp-json\/wp\/v2\/users\/1"}],"replies":[{"embeddable":true,"href":"https:\/\/alarm-it-factory.de\/fr\/wp-json\/wp\/v2\/comments?post=21361"}],"version-history":[{"count":12,"href":"https:\/\/alarm-it-factory.de\/fr\/wp-json\/wp\/v2\/pages\/21361\/revisions"}],"predecessor-version":[{"id":22564,"href":"https:\/\/alarm-it-factory.de\/fr\/wp-json\/wp\/v2\/pages\/21361\/revisions\/22564"}],"wp:attachment":[{"href":"https:\/\/alarm-it-factory.de\/fr\/wp-json\/wp\/v2\/media?parent=21361"}],"wp:term":[{"taxonomy":"category","embeddable":true,"href":"https:\/\/alarm-it-factory.de\/fr\/wp-json\/wp\/v2\/categories?post=21361"},{"taxonomy":"post_tag","embeddable":true,"href":"https:\/\/alarm-it-factory.de\/fr\/wp-json\/wp\/v2\/tags?post=21361"}],"curies":[{"name":"wp","href":"https:\/\/api.w.org\/{rel}","templated":true}]}}