{"id":24483,"date":"2025-05-16T13:39:04","date_gmt":"2025-05-16T11:39:04","guid":{"rendered":"https:\/\/alarm-it-factory.de\/accessibility-statement-2\/"},"modified":"2025-05-16T13:39:04","modified_gmt":"2025-05-16T11:39:04","slug":"declaration-daccessibilite-2","status":"publish","type":"page","link":"https:\/\/alarm-it-factory.de\/fr\/accessibility-statement-2\/","title":{"rendered":"D\u00e9claration d&#039;accessibilit\u00e9"},"content":{"rendered":"<h6 class=\"wp-block-heading has-text-align-center\">D\u00e9claration d&#039;accessibilit\u00e9 pour https:\/\/alarm-it-factory.de<\/h6>\n\n\n<p><strong>Alarm IT Factory GmbH<\/strong> s&#039;engage \u00e0 garantir l&#039;accessibilit\u00e9 num\u00e9rique aux personnes handicap\u00e9es. Nous am\u00e9liorons continuellement l\u2019exp\u00e9rience utilisateur pour tous et appliquons les normes d\u2019accessibilit\u00e9 pertinentes.<\/p>\n\n\n<h6 class=\"wp-block-heading\">\u00c9tat de conformit\u00e9<\/h6>\n\n\n<p>Les directives pour l&#039;accessibilit\u00e9 du contenu Web (WCAG) d\u00e9finissent les exigences auxquelles doivent r\u00e9pondre les concepteurs et les d\u00e9veloppeurs afin d&#039;am\u00e9liorer l&#039;accessibilit\u00e9 pour les personnes handicap\u00e9es. Il d\u00e9finit trois niveaux de conformit\u00e9 : Niveau A, Niveau AA et Niveau AAA.<\/p>\n\n\n<p><strong>Alarm IT Factory GmbH<\/strong> d\u00e9ploie des efforts constants pour am\u00e9liorer l&#039;accessibilit\u00e9 de son site et de ses services, convaincu qu&#039;il est de notre obligation morale collective de permettre une utilisation transparente, accessible et sans entrave pour ceux d&#039;entre nous qui souffrent d&#039;un handicap.<\/p>\n\n\n<p>Notre objectif est de rendre toutes les pages et le contenu sur <strong>https:\/\/alarm-it-factory.de<\/strong> accessible, mais certains contenus peuvent ne pas encore r\u00e9pondre pleinement aux normes d\u2019accessibilit\u00e9 les plus \u00e9lev\u00e9es. Cela pourrait \u00eatre d\u00fb aux difficult\u00e9s rencontr\u00e9es pour identifier la solution technologique la plus adapt\u00e9e.<\/p>\n\n\n<p>Nous pouvons r\u00e9viser cette d\u00e9claration p\u00e9riodiquement pour refl\u00e9ter les am\u00e9liorations ou les changements apport\u00e9s \u00e0 nos pratiques d\u2019accessibilit\u00e9.<\/p>\n\n\n<h6 class=\"wp-block-heading\">Retour<\/h6>\n\n\n<p>Nous appr\u00e9cions vos commentaires sur l\u2019accessibilit\u00e9 de <strong>Alarm IT Factory GmbH<\/strong> site web. Veuillez nous informer si vous rencontrez des obstacles d&#039;accessibilit\u00e9 sur notre site Web :<\/p>\n\n\n<p>E-mail: <strong>info@alarm-it-factory.de<\/strong><\/p>\n\n\n<p>We try to respond to feedback within 3\u20135 business days.<\/p>\n\n\n<p>Cette d\u00e9claration a \u00e9t\u00e9 cr\u00e9\u00e9e le 16 mai 2025. <\/p>","protected":false},"excerpt":{"rendered":"<p>Accessibility Statement for https:\/\/alarm-it-factory.de Alarm IT Factory GmbH is committed to ensuring digital accessibility for people with disabilities. We are continually improving the user experience for everyone and applying the relevant accessibility standards. Conformance status The Web Content Accessibility Guidelines (WCAG) defines requirements for designers and developers to improve accessibility for people with disabilities. It [&hellip;]<\/p>\n","protected":false},"author":1,"featured_media":0,"parent":0,"menu_order":0,"comment_status":"closed","ping_status":"closed","template":"","meta":{"inline_featured_image":false,"footnotes":""},"categories":[],"tags":[],"class_list":["post-24483","page","type-page","status-publish","hentry"],"yoast_head":"<!-- This site is optimized with the Yoast SEO plugin v27.2 - https:\/\/yoast.com\/product\/yoast-seo-wordpress\/ -->\n<title>Accessibility statement - Alarm IT Factory<\/title>\n<meta name=\"robots\" content=\"index, follow, max-snippet:-1, max-image-preview:large, max-video-preview:-1\" \/>\n<link rel=\"canonical\" href=\"https:\/\/alarm-it-factory.de\/fr\/declaration-daccessibilite-2\/\" \/>\n<meta property=\"og:locale\" content=\"fr_FR\" \/>\n<meta property=\"og:type\" content=\"article\" \/>\n<meta property=\"og:title\" content=\"Accessibility statement - Alarm IT Factory\" \/>\n<meta property=\"og:description\" content=\"Accessibility Statement for https:\/\/alarm-it-factory.de Alarm IT Factory GmbH is committed to ensuring digital accessibility for people with disabilities. We are continually improving the user experience for everyone and applying the relevant accessibility standards. Conformance status The Web Content Accessibility Guidelines (WCAG) defines requirements for designers and developers to improve accessibility for people with disabilities. It [&hellip;]\" \/>\n<meta property=\"og:url\" content=\"https:\/\/alarm-it-factory.de\/fr\/declaration-daccessibilite-2\/\" \/>\n<meta property=\"og:site_name\" content=\"Alarm IT Factory\" \/>\n<meta name=\"twitter:card\" content=\"summary_large_image\" \/>\n<meta name=\"twitter:label1\" content=\"Dur\u00e9e de lecture estim\u00e9e\" \/>\n\t<meta name=\"twitter:data1\" content=\"1 minute\" \/>\n<script type=\"application\/ld+json\" class=\"yoast-schema-graph\">{\"@context\":\"https:\/\/schema.org\",\"@graph\":[{\"@type\":\"WebPage\",\"@id\":\"https:\/\/alarm-it-factory.de\/accessibility-statement-2\/\",\"url\":\"https:\/\/alarm-it-factory.de\/accessibility-statement-2\/\",\"name\":\"Accessibility statement - Alarm IT Factory\",\"isPartOf\":{\"@id\":\"https:\/\/alarm-it-factory.de\/#website\"},\"datePublished\":\"2025-05-16T11:39:04+00:00\",\"breadcrumb\":{\"@id\":\"https:\/\/alarm-it-factory.de\/accessibility-statement-2\/#breadcrumb\"},\"inLanguage\":\"fr-FR\",\"potentialAction\":[{\"@type\":\"ReadAction\",\"target\":[\"https:\/\/alarm-it-factory.de\/accessibility-statement-2\/\"]}]},{\"@type\":\"BreadcrumbList\",\"@id\":\"https:\/\/alarm-it-factory.de\/accessibility-statement-2\/#breadcrumb\",\"itemListElement\":[{\"@type\":\"ListItem\",\"position\":1,\"name\":\"Startseite\",\"item\":\"https:\/\/alarm-it-factory.de\/\"},{\"@type\":\"ListItem\",\"position\":2,\"name\":\"Accessibility statement\"}]},{\"@type\":\"WebSite\",\"@id\":\"https:\/\/alarm-it-factory.de\/#website\",\"url\":\"https:\/\/alarm-it-factory.de\/\",\"name\":\"Alarm IT Factory\",\"description\":\"Alarmierungssoftware\",\"publisher\":{\"@id\":\"https:\/\/alarm-it-factory.de\/#organization\"},\"potentialAction\":[{\"@type\":\"SearchAction\",\"target\":{\"@type\":\"EntryPoint\",\"urlTemplate\":\"https:\/\/alarm-it-factory.de\/?s={search_term_string}\"},\"query-input\":{\"@type\":\"PropertyValueSpecification\",\"valueRequired\":true,\"valueName\":\"search_term_string\"}}],\"inLanguage\":\"fr-FR\"},{\"@type\":\"Organization\",\"@id\":\"https:\/\/alarm-it-factory.de\/#organization\",\"name\":\"Alarm IT Factory GmbH\",\"url\":\"https:\/\/alarm-it-factory.de\/\",\"logo\":{\"@type\":\"ImageObject\",\"inLanguage\":\"fr-FR\",\"@id\":\"https:\/\/alarm-it-factory.de\/#\/schema\/logo\/image\/\",\"url\":\"https:\/\/alarm-it-factory.de\/wp-content\/uploads\/2020\/09\/AIF_logo.png\",\"contentUrl\":\"https:\/\/alarm-it-factory.de\/wp-content\/uploads\/2020\/09\/AIF_logo.png\",\"width\":312,\"height\":52,\"caption\":\"Alarm IT Factory GmbH\"},\"image\":{\"@id\":\"https:\/\/alarm-it-factory.de\/#\/schema\/logo\/image\/\"}}]}<\/script>\n<!-- \/ Yoast SEO plugin. -->","yoast_head_json":{"title":"D\u00e9claration d&#039;accessibilit\u00e9 - Alarm IT Factory","robots":{"index":"index","follow":"follow","max-snippet":"max-snippet:-1","max-image-preview":"max-image-preview:large","max-video-preview":"max-video-preview:-1"},"canonical":"https:\/\/alarm-it-factory.de\/fr\/declaration-daccessibilite-2\/","og_locale":"fr_FR","og_type":"article","og_title":"Accessibility statement - Alarm IT Factory","og_description":"Accessibility Statement for https:\/\/alarm-it-factory.de Alarm IT Factory GmbH is committed to ensuring digital accessibility for people with disabilities. We are continually improving the user experience for everyone and applying the relevant accessibility standards. Conformance status The Web Content Accessibility Guidelines (WCAG) defines requirements for designers and developers to improve accessibility for people with disabilities. It [&hellip;]","og_url":"https:\/\/alarm-it-factory.de\/fr\/declaration-daccessibilite-2\/","og_site_name":"Alarm IT Factory","twitter_card":"summary_large_image","twitter_misc":{"Dur\u00e9e de lecture estim\u00e9e":"1 minute"},"schema":{"@context":"https:\/\/schema.org","@graph":[{"@type":"WebPage","@id":"https:\/\/alarm-it-factory.de\/accessibility-statement-2\/","url":"https:\/\/alarm-it-factory.de\/accessibility-statement-2\/","name":"D\u00e9claration d&#039;accessibilit\u00e9 - Alarm IT Factory","isPartOf":{"@id":"https:\/\/alarm-it-factory.de\/#website"},"datePublished":"2025-05-16T11:39:04+00:00","breadcrumb":{"@id":"https:\/\/alarm-it-factory.de\/accessibility-statement-2\/#breadcrumb"},"inLanguage":"fr-FR","potentialAction":[{"@type":"ReadAction","target":["https:\/\/alarm-it-factory.de\/accessibility-statement-2\/"]}]},{"@type":"BreadcrumbList","@id":"https:\/\/alarm-it-factory.de\/accessibility-statement-2\/#breadcrumb","itemListElement":[{"@type":"ListItem","position":1,"name":"Startseite","item":"https:\/\/alarm-it-factory.de\/"},{"@type":"ListItem","position":2,"name":"Accessibility statement"}]},{"@type":"WebSite","@id":"https:\/\/alarm-it-factory.de\/#website","url":"https:\/\/alarm-it-factory.de\/","name":"l'Alarme IT Factory","description":"Alarmierungssoftware","publisher":{"@id":"https:\/\/alarm-it-factory.de\/#organization"},"potentialAction":[{"@type":"SearchAction","target":{"@type":"EntryPoint","urlTemplate":"https:\/\/alarm-it-factory.de\/?s={search_term_string}"},"query-input":{"@type":"PropertyValueSpecification","valueRequired":true,"valueName":"search_term_string"}}],"inLanguage":"fr-FR"},{"@type":"Organization","@id":"https:\/\/alarm-it-factory.de\/#organization","name":"Alarm IT Factory GmbH","url":"https:\/\/alarm-it-factory.de\/","logo":{"@type":"ImageObject","inLanguage":"fr-FR","@id":"https:\/\/alarm-it-factory.de\/#\/schema\/logo\/image\/","url":"https:\/\/alarm-it-factory.de\/wp-content\/uploads\/2020\/09\/AIF_logo.png","contentUrl":"https:\/\/alarm-it-factory.de\/wp-content\/uploads\/2020\/09\/AIF_logo.png","width":312,"height":52,"caption":"Alarm IT Factory GmbH"},"image":{"@id":"https:\/\/alarm-it-factory.de\/#\/schema\/logo\/image\/"}}]}},"_links":{"self":[{"href":"https:\/\/alarm-it-factory.de\/fr\/wp-json\/wp\/v2\/pages\/24483","targetHints":{"allow":["GET"]}}],"collection":[{"href":"https:\/\/alarm-it-factory.de\/fr\/wp-json\/wp\/v2\/pages"}],"about":[{"href":"https:\/\/alarm-it-factory.de\/fr\/wp-json\/wp\/v2\/types\/page"}],"author":[{"embeddable":true,"href":"https:\/\/alarm-it-factory.de\/fr\/wp-json\/wp\/v2\/users\/1"}],"replies":[{"embeddable":true,"href":"https:\/\/alarm-it-factory.de\/fr\/wp-json\/wp\/v2\/comments?post=24483"}],"version-history":[{"count":0,"href":"https:\/\/alarm-it-factory.de\/fr\/wp-json\/wp\/v2\/pages\/24483\/revisions"}],"wp:attachment":[{"href":"https:\/\/alarm-it-factory.de\/fr\/wp-json\/wp\/v2\/media?parent=24483"}],"wp:term":[{"taxonomy":"category","embeddable":true,"href":"https:\/\/alarm-it-factory.de\/fr\/wp-json\/wp\/v2\/categories?post=24483"},{"taxonomy":"post_tag","embeddable":true,"href":"https:\/\/alarm-it-factory.de\/fr\/wp-json\/wp\/v2\/tags?post=24483"}],"curies":[{"name":"wp","href":"https:\/\/api.w.org\/{rel}","templated":true}]}}